{"id":2626,"date":"2018-03-05T13:02:52","date_gmt":"2018-03-05T12:02:52","guid":{"rendered":"http:\/\/jmv-packaging.com\/productos\/"},"modified":"2018-06-19T17:01:09","modified_gmt":"2018-06-19T15:01:09","slug":"productos","status":"publish","type":"page","link":"https:\/\/jmv-packaging.com\/es\/productos\/","title":{"rendered":"Productos"},"content":{"rendered":"<div class=\"fusion-fullwidth fullwidth-box fusion-builder-row-1 nonhundred-percent-fullwidth non-hundred-percent-height-scrolling\" style=\"--awb-border-radius-top-left:0px;--awb-border-radius-top-right:0px;--awb-border-radius-bottom-right:0px;--awb-border-radius-bottom-left:0px;--awb-flex-wrap:wrap;\" ><div class=\"fusion-builder-row fusion-row\"><div class=\"fusion-layout-column fusion_builder_column fusion-builder-column-0 fusion_builder_column_1_1 1_1 fusion-one-full fusion-column-first fusion-column-last\" style=\"--awb-bg-size:cover;--awb-margin-bottom:0px;\"><div class=\"fusion-column-wrapper fusion-flex-column-wrapper-legacy\"><div class=\"fusion-text fusion-text-1\"><h2>El embalar \/ que envuelve de los medios de CD\/DVD productos<\/h2>\n<div align=\"left\">\n<p>Productos de JMV Robotique para el embalaje, envolviendo y etiquetando del CD o de DVD.<\/p>\n<p>Equipo\/m\u00e1quinas manuales y autom\u00e1ticos para adaptarse a cualquie cadena de producci\u00f3n que proporciona la soluci\u00f3n perfecta para adaptarse a su presupuesto.<\/p>\n<\/div>\n<\/div><div class=\"fusion-title title fusion-title-1 fusion-sep-none fusion-title-text fusion-title-size-one\"><h1 class=\"fusion-title-heading title-heading-left\" style=\"margin:0;\"><h2><span id=\"result_box\" class=\"short_text\" lang=\"es\"><span class=\"\">Las \u00e1reas de productos<\/span><\/span><\/h2><\/h1><\/div><div class=\"fusion-content-boxes content-boxes columns row fusion-columns-2 fusion-columns-total-2 fusion-content-boxes-1 content-boxes-icon-with-title content-left\" style=\"--awb-hover-accent-color:#1a80b6;--awb-circle-hover-accent-color:#1a80b6;\" data-animationOffset=\"top-into-view\"><div style=\"--awb-backgroundcolor:rgba(255,255,255,0);\" class=\"fusion-column content-box-column content-box-column content-box-column-1 col-lg-6 col-md-6 col-sm-6 fusion-content-box-hover content-box-column-first-in-row\"><div class=\"col content-box-wrapper content-wrapper link-area-link-icon link-type-text icon-hover-animation-fade\" data-animationOffset=\"top-into-view\"><div class=\"heading icon-left\"><a class=\"heading-link\" style=\"float:left;\" href=\"http:\/\/jmv-packaging.com\/es\/productos\/cubiertas-para-cd-dvd\/\" target=\"_self\"><h2 class=\"content-box-heading\" style=\"--h2_typography-font-size:18px;line-height:23px;\">Envasador<\/h2><\/a><\/div><div class=\"fusion-clearfix\"><\/div><div class=\"content-container\">\n<div class=\"mceTemp\">\n<dl id=\"attachment_4542\" class=\"wp-caption aligncenter\" style=\"width: 600px;\" data-mce-style=\"width: 600px;\">\n<dt class=\"wp-caption-dt\"><a href=\"http:\/\/jmv-packaging.com\/es\/productos\/cubiertas-para-cd-dvd\/\" data-mce-href=\"http:\/\/jmv-packaging.com\/es\/productos\/cubiertas-para-cd-dvd\/\"><img decoding=\"async\" class=\"wp-image-4542 size-600\" src=\"http:\/\/jmv-packaging.com\/wp-content\/uploads\/2018\/05\/Verpacker.jpg\" alt=\"Produktgruppe Verpacker\" data-mce-src=\"http:\/\/jmv-packaging.com\/wp-content\/uploads\/2018\/05\/Verpacker.jpg\" width=\"600\" height=\"250\" srcset=\"https:\/\/jmv-packaging.com\/wp-content\/uploads\/2018\/05\/Verpacker-200x83.jpg 200w, https:\/\/jmv-packaging.com\/wp-content\/uploads\/2018\/05\/Verpacker-300x125.jpg 300w, https:\/\/jmv-packaging.com\/wp-content\/uploads\/2018\/05\/Verpacker-400x167.jpg 400w, https:\/\/jmv-packaging.com\/wp-content\/uploads\/2018\/05\/Verpacker-600x250.jpg 600w, https:\/\/jmv-packaging.com\/wp-content\/uploads\/2018\/05\/Verpacker-768x320.jpg 768w, https:\/\/jmv-packaging.com\/wp-content\/uploads\/2018\/05\/Verpacker-800x333.jpg 800w, https:\/\/jmv-packaging.com\/wp-content\/uploads\/2018\/05\/Verpacker-1024x427.jpg 1024w, https:\/\/jmv-packaging.com\/wp-content\/uploads\/2018\/05\/Verpacker.jpg 1200w\" sizes=\"(max-width: 600px) 100vw, 600px\" \/><\/a><br data-mce-bogus=\"1\"><\/dt>\n<dd class=\"wp-caption-dd\">Produktgruppe Verpacker<\/dd>\n<\/dl>\n<\/div>\n<\/div><div class=\"fusion-clearfix\"><\/div><a class=\" fusion-read-more\" style=\"float:left;\" href=\"http:\/\/jmv-packaging.com\/es\/productos\/cubiertas-para-cd-dvd\/\" target=\"_self\">m\u00e1s<\/a><div class=\"fusion-clearfix\"><\/div><\/div><\/div><div style=\"--awb-backgroundcolor:rgba(255,255,255,0);\" class=\"fusion-column content-box-column content-box-column content-box-column-2 col-lg-6 col-md-6 col-sm-6 fusion-content-box-hover content-box-column-last content-box-column-last-in-row\"><div class=\"col content-box-wrapper content-wrapper link-area-link-icon link-type-text icon-hover-animation-fade\" data-animationOffset=\"top-into-view\"><div class=\"heading icon-left\"><a class=\"heading-link\" style=\"float:left;\" href=\"http:\/\/jmv-packaging.com\/es\/productos\/etiquetadora\/\" target=\"_self\"><h2 class=\"content-box-heading\" style=\"--h2_typography-font-size:18px;line-height:23px;\">Etiquetadora<\/h2><\/a><\/div><div class=\"fusion-clearfix\"><\/div><div class=\"content-container\">\n<div class=\"mceTemp\">\n<dl id=\"attachment_4531\" class=\"wp-caption aligncenter\" style=\"width: 600px;\" data-mce-style=\"width: 600px;\">\n<dt class=\"wp-caption-dt\"><a href=\"http:\/\/jmv-packaging.com\/produkte\/etikettiere\" data-mce-href=\"http:\/\/jmv-packaging.com\/produkte\/etikettiere\"><img decoding=\"async\" class=\"wp-image-4531 size-600\" src=\"http:\/\/jmv-packaging.com\/wp-content\/uploads\/2018\/05\/Etikettierer.jpg\" alt=\"Produktgruppe Etikettierer\" data-mce-src=\"http:\/\/jmv-packaging.com\/wp-content\/uploads\/2018\/05\/Etikettierer.jpg\" width=\"600\" height=\"250\" srcset=\"https:\/\/jmv-packaging.com\/wp-content\/uploads\/2018\/05\/Etikettierer-200x83.jpg 200w, https:\/\/jmv-packaging.com\/wp-content\/uploads\/2018\/05\/Etikettierer-300x125.jpg 300w, https:\/\/jmv-packaging.com\/wp-content\/uploads\/2018\/05\/Etikettierer-400x167.jpg 400w, https:\/\/jmv-packaging.com\/wp-content\/uploads\/2018\/05\/Etikettierer-600x250.jpg 600w, https:\/\/jmv-packaging.com\/wp-content\/uploads\/2018\/05\/Etikettierer-768x320.jpg 768w, https:\/\/jmv-packaging.com\/wp-content\/uploads\/2018\/05\/Etikettierer-800x333.jpg 800w, https:\/\/jmv-packaging.com\/wp-content\/uploads\/2018\/05\/Etikettierer-1024x427.jpg 1024w, https:\/\/jmv-packaging.com\/wp-content\/uploads\/2018\/05\/Etikettierer.jpg 1200w\" sizes=\"(max-width: 600px) 100vw, 600px\" \/><\/a><br data-mce-bogus=\"1\"><\/dt>\n<dd class=\"wp-caption-dd\">Produktgruppe Etikettierer<\/dd>\n<\/dl>\n<\/div>\n<\/div><div class=\"fusion-clearfix\"><\/div><a class=\" fusion-read-more\" style=\"float:left;\" href=\"http:\/\/jmv-packaging.com\/es\/productos\/etiquetadora\/\" target=\"_self\">m\u00e1s<\/a><div class=\"fusion-clearfix\"><\/div><\/div><\/div><div class=\"fusion-clearfix\"><\/div><\/div><div class=\"fusion-content-boxes content-boxes columns row fusion-columns-2 fusion-columns-total-2 fusion-content-boxes-2 content-boxes-icon-with-title content-left\" style=\"--awb-hover-accent-color:#1a80b6;--awb-circle-hover-accent-color:#1a80b6;\" data-animationOffset=\"top-into-view\"><div style=\"--awb-backgroundcolor:rgba(255,255,255,0);\" class=\"fusion-column content-box-column content-box-column content-box-column-1 col-lg-6 col-md-6 col-sm-6 fusion-content-box-hover content-box-column-first-in-row\"><div class=\"col content-box-wrapper content-wrapper link-area-link-icon link-type-text icon-hover-animation-fade\" data-animationOffset=\"top-into-view\"><div class=\"heading icon-left\"><a class=\"heading-link\" style=\"float:left;\" href=\"http:\/\/jmv-packaging.com\/es\/productos\/encelofanadora\/\" target=\"_self\"><h2 class=\"content-box-heading\" style=\"--h2_typography-font-size:18px;line-height:23px;\">Cellophaner<\/h2><\/a><\/div><div class=\"fusion-clearfix\"><\/div><div class=\"content-container\">\n<div class=\"mceTemp\">\n<dl id=\"attachment_4361\" class=\"wp-caption aligncenter\" style=\"width: 600px;\" data-mce-style=\"width: 600px;\">\n<dt class=\"wp-caption-dt\"><a href=\"http:\/\/jmv-packaging.com\/es\/productos\/encelofanadora\/\" data-mce-href=\"http:\/\/jmv-packaging.com\/es\/productos\/encelofanadora\/\"><img decoding=\"async\" class=\"wp-image-4361 size-600\" src=\"http:\/\/jmv-packaging.com\/wp-content\/uploads\/2018\/04\/Speedstar-2-Slider-1.jpg\" alt=\"Produktgruppe Cellophanierer\" data-mce-src=\"http:\/\/jmv-packaging.com\/wp-content\/uploads\/2018\/04\/Speedstar-2-Slider-1.jpg\" width=\"600\" height=\"250\" srcset=\"https:\/\/jmv-packaging.com\/wp-content\/uploads\/2018\/04\/Speedstar-2-Slider-1-200x83.jpg 200w, https:\/\/jmv-packaging.com\/wp-content\/uploads\/2018\/04\/Speedstar-2-Slider-1-300x125.jpg 300w, https:\/\/jmv-packaging.com\/wp-content\/uploads\/2018\/04\/Speedstar-2-Slider-1-400x167.jpg 400w, https:\/\/jmv-packaging.com\/wp-content\/uploads\/2018\/04\/Speedstar-2-Slider-1-600x250.jpg 600w, https:\/\/jmv-packaging.com\/wp-content\/uploads\/2018\/04\/Speedstar-2-Slider-1-768x320.jpg 768w, https:\/\/jmv-packaging.com\/wp-content\/uploads\/2018\/04\/Speedstar-2-Slider-1-800x333.jpg 800w, https:\/\/jmv-packaging.com\/wp-content\/uploads\/2018\/04\/Speedstar-2-Slider-1-1024x427.jpg 1024w, https:\/\/jmv-packaging.com\/wp-content\/uploads\/2018\/04\/Speedstar-2-Slider-1.jpg 1200w\" sizes=\"(max-width: 600px) 100vw, 600px\" \/><\/a><br data-mce-bogus=\"1\"><\/dt>\n<dd class=\"wp-caption-dd\">Produktgruppe Cellophanierer<\/dd>\n<\/dl>\n<\/div>\n<\/div><div class=\"fusion-clearfix\"><\/div><a class=\" fusion-read-more\" style=\"float:left;\" href=\"http:\/\/jmv-packaging.com\/es\/productos\/encelofanadora\/\" target=\"_self\">m\u00e1s<\/a><div class=\"fusion-clearfix\"><\/div><\/div><\/div><div style=\"--awb-backgroundcolor:rgba(255,255,255,0);\" class=\"fusion-column content-box-column content-box-column content-box-column-2 col-lg-6 col-md-6 col-sm-6 fusion-content-box-hover content-box-column-last content-box-column-last-in-row\"><div class=\"col content-box-wrapper content-wrapper link-area-link-icon link-type-text icon-hover-animation-fade\" data-animationOffset=\"top-into-view\"><div class=\"heading icon-left\"><a class=\"heading-link\" style=\"float:left;\" href=\"http:\/\/jmv-packaging.com\/es\/productos\/accesorios\/\" target=\"_self\"><h2 class=\"content-box-heading\" style=\"--h2_typography-font-size:18px;line-height:23px;\">Accesorios<\/h2><\/a><\/div><div class=\"fusion-clearfix\"><\/div><div class=\"content-container\">\n<div class=\"mceTemp\">\n<dl id=\"attachment_4520\" class=\"wp-caption aligncenter\" style=\"width: 600px;\" data-mce-style=\"width: 600px;\">\n<dt class=\"wp-caption-dt\"><a href=\"http:\/\/jmv-packaging.com\/es\/productos\/accesorios\/\" data-mce-href=\"http:\/\/jmv-packaging.com\/es\/productos\/accesorios\/\"><img decoding=\"async\" class=\"wp-image-4520 size-600\" src=\"http:\/\/jmv-packaging.com\/wp-content\/uploads\/2018\/05\/Zubehoer.jpg\" alt=\"Produktgruppe Zubeh\u00f6r\" data-mce-src=\"http:\/\/jmv-packaging.com\/wp-content\/uploads\/2018\/05\/Zubehoer.jpg\" width=\"600\" height=\"250\" srcset=\"https:\/\/jmv-packaging.com\/wp-content\/uploads\/2018\/05\/Zubehoer-200x83.jpg 200w, https:\/\/jmv-packaging.com\/wp-content\/uploads\/2018\/05\/Zubehoer-300x125.jpg 300w, https:\/\/jmv-packaging.com\/wp-content\/uploads\/2018\/05\/Zubehoer-400x167.jpg 400w, https:\/\/jmv-packaging.com\/wp-content\/uploads\/2018\/05\/Zubehoer-600x250.jpg 600w, https:\/\/jmv-packaging.com\/wp-content\/uploads\/2018\/05\/Zubehoer-768x320.jpg 768w, https:\/\/jmv-packaging.com\/wp-content\/uploads\/2018\/05\/Zubehoer-800x333.jpg 800w, https:\/\/jmv-packaging.com\/wp-content\/uploads\/2018\/05\/Zubehoer-1024x427.jpg 1024w, https:\/\/jmv-packaging.com\/wp-content\/uploads\/2018\/05\/Zubehoer.jpg 1200w\" sizes=\"(max-width: 600px) 100vw, 600px\" \/><\/a><br data-mce-bogus=\"1\"><\/dt>\n<dd class=\"wp-caption-dd\">Produktgruppe Zubeh\u00f6r<\/dd>\n<\/dl>\n<\/div>\n<\/div><div class=\"fusion-clearfix\"><\/div><a class=\" fusion-read-more\" style=\"float:left;\" href=\"http:\/\/jmv-packaging.com\/es\/productos\/accesorios\/\" target=\"_self\">m\u00e1s<\/a><div class=\"fusion-clearfix\"><\/div><\/div><\/div><div class=\"fusion-clearfix\"><\/div><\/div><div class=\"fusion-clearfix\"><\/div><\/div><\/div><\/div><\/div>\n","protected":false},"excerpt":{"rendered":"","protected":false},"author":1,"featured_media":0,"parent":0,"menu_order":0,"comment_status":"closed","ping_status":"closed","template":"","meta":{"_monsterinsights_skip_tracking":false,"_monsterinsights_sitenote_active":false,"_monsterinsights_sitenote_note":"","_monsterinsights_sitenote_category":0,"footnotes":""},"class_list":["post-2626","page","type-page","status-publish","hentry"],"_links":{"self":[{"href":"https:\/\/jmv-packaging.com\/es\/wp-json\/wp\/v2\/pages\/2626","targetHints":{"allow":["GET"]}}],"collection":[{"href":"https:\/\/jmv-packaging.com\/es\/wp-json\/wp\/v2\/pages"}],"about":[{"href":"https:\/\/jmv-packaging.com\/es\/wp-json\/wp\/v2\/types\/page"}],"author":[{"embeddable":true,"href":"https:\/\/jmv-packaging.com\/es\/wp-json\/wp\/v2\/users\/1"}],"replies":[{"embeddable":true,"href":"https:\/\/jmv-packaging.com\/es\/wp-json\/wp\/v2\/comments?post=2626"}],"version-history":[{"count":35,"href":"https:\/\/jmv-packaging.com\/es\/wp-json\/wp\/v2\/pages\/2626\/revisions"}],"predecessor-version":[{"id":4737,"href":"https:\/\/jmv-packaging.com\/es\/wp-json\/wp\/v2\/pages\/2626\/revisions\/4737"}],"wp:attachment":[{"href":"https:\/\/jmv-packaging.com\/es\/wp-json\/wp\/v2\/media?parent=2626"}],"curies":[{"name":"wp","href":"https:\/\/api.w.org\/{rel}","templated":true}]}}