{"id":2736,"date":"2018-03-05T14:24:01","date_gmt":"2018-03-05T13:24:01","guid":{"rendered":"http:\/\/jmv-packaging.com\/convertirse-en-distribuidor\/"},"modified":"2018-05-07T20:14:21","modified_gmt":"2018-05-07T18:14:21","slug":"convertirse-en-distribuidor","status":"publish","type":"page","link":"https:\/\/jmv-packaging.com\/es\/convertirse-en-distribuidor\/","title":{"rendered":"Convertirse en distribuidor"},"content":{"rendered":"<div class=\"fusion-fullwidth fullwidth-box fusion-builder-row-1 nonhundred-percent-fullwidth non-hundred-percent-height-scrolling\" style=\"--awb-border-radius-top-left:0px;--awb-border-radius-top-right:0px;--awb-border-radius-bottom-right:0px;--awb-border-radius-bottom-left:0px;--awb-flex-wrap:wrap;\" ><div class=\"fusion-builder-row fusion-row\"><div class=\"fusion-layout-column fusion_builder_column fusion-builder-column-0 fusion_builder_column_1_1 1_1 fusion-one-full fusion-column-first fusion-column-last\" style=\"--awb-bg-size:cover;--awb-margin-bottom:0px;\"><div class=\"fusion-column-wrapper fusion-flex-column-wrapper-legacy\"><div class=\"fusion-text fusion-text-1\"><h3>JMV Robotique tiene una buena reputaci\u00f3n&nbsp; fuerte por proveer soluciones de empacado al mundo.<\/h3>\n<h3>Hemos desarrollado una reputaci\u00f3n por la alta calidad en maquinas robustas , en la arena de empacado de sobremesa con empresas corporativas como IBM, Oracle, Microsoft, SAP y otras marcas lideres en el mundo.<\/h3>\n<p>Si quieres ser uno de nuestros distribuidores internacionales, le deseamos una c\u00e1lida bienvenida.<br \/> Buscamos distribuidores para las siguientes regiones \/ pa\u00edses:<\/p>\n<p><strong>Europa del Este:<\/strong><br \/> <span id=\"result_box\" class=\"short_text\" lang=\"es\"><span class=\"\">Bielorrusia<\/span><\/span>, Letonia, Lituania, Estonia, Rusia, Ucrania, Rumania, Moldavia, Bulgaria, Croacia, Bosnie-Herz\u00e9govine, Macedonia, Montenegro, Serbia, Eslovenia, Kosovo, Albania, Hungr\u00eda, Polonia, Rep\u00fablica Checa, Eslovaquia.<\/p>\n<p><strong>Pa\u00edses del Golfo:<\/strong><br \/> Koweit, Arabia Saudita, Qatar, Om\u00e1n, Irak, Ir\u00e1n, Bahrein, Emiratos \u00c1rabes Unidos.<\/p>\n<p><strong>Medio Oriente:<\/strong><br \/> Israel, L\u00edbano, Jordaien, Cisjordania, Palestina, Siria, Egipto.<\/p>\n<p><strong>Asia:<\/strong><br \/> China, Laos, Camboya, Filipinas, Jap\u00f3n, Taiw\u00e1n, India, Nepal, Tailandia, Bangladesh, Vietnam, Corea del Norte, Corea del Sur, Malasia, Indonesia.<\/p>\n<\/div><div class=\"fusion-clearfix\"><\/div><\/div><\/div><\/div><\/div>\n","protected":false},"excerpt":{"rendered":"","protected":false},"author":1,"featured_media":0,"parent":0,"menu_order":0,"comment_status":"closed","ping_status":"closed","template":"","meta":{"_monsterinsights_skip_tracking":false,"_monsterinsights_sitenote_active":false,"_monsterinsights_sitenote_note":"","_monsterinsights_sitenote_category":0,"footnotes":""},"class_list":["post-2736","page","type-page","status-publish","hentry"],"_links":{"self":[{"href":"https:\/\/jmv-packaging.com\/es\/wp-json\/wp\/v2\/pages\/2736","targetHints":{"allow":["GET"]}}],"collection":[{"href":"https:\/\/jmv-packaging.com\/es\/wp-json\/wp\/v2\/pages"}],"about":[{"href":"https:\/\/jmv-packaging.com\/es\/wp-json\/wp\/v2\/types\/page"}],"author":[{"embeddable":true,"href":"https:\/\/jmv-packaging.com\/es\/wp-json\/wp\/v2\/users\/1"}],"replies":[{"embeddable":true,"href":"https:\/\/jmv-packaging.com\/es\/wp-json\/wp\/v2\/comments?post=2736"}],"version-history":[{"count":11,"href":"https:\/\/jmv-packaging.com\/es\/wp-json\/wp\/v2\/pages\/2736\/revisions"}],"predecessor-version":[{"id":4714,"href":"https:\/\/jmv-packaging.com\/es\/wp-json\/wp\/v2\/pages\/2736\/revisions\/4714"}],"wp:attachment":[{"href":"https:\/\/jmv-packaging.com\/es\/wp-json\/wp\/v2\/media?parent=2736"}],"curies":[{"name":"wp","href":"https:\/\/api.w.org\/{rel}","templated":true}]}}