{"id":2958,"date":"2018-03-05T18:39:31","date_gmt":"2018-03-05T17:39:31","guid":{"rendered":"http:\/\/jmv-packaging.com\/productos\/encelofanadora\/cdc200-encelofanadoras-de-cd-dvd\/"},"modified":"2018-05-07T20:42:40","modified_gmt":"2018-05-07T18:42:40","slug":"cdc200-encelofanadoras-de-cd-dvd","status":"publish","type":"page","link":"https:\/\/jmv-packaging.com\/es\/productos\/encelofanadora\/cdc200-encelofanadoras-de-cd-dvd\/","title":{"rendered":"CDC200 &#8211; m\u00e1quina de envoltura de celof\u00e1n por Blu-ray"},"content":{"rendered":"<p><div class=\"fusion-fullwidth fullwidth-box fusion-builder-row-1 nonhundred-percent-fullwidth non-hundred-percent-height-scrolling\" style=\"--awb-border-radius-top-left:0px;--awb-border-radius-top-right:0px;--awb-border-radius-bottom-right:0px;--awb-border-radius-bottom-left:0px;--awb-background-color:#5fb3ce;--awb-flex-wrap:wrap;\" ><div class=\"fusion-builder-row fusion-row\"><div class=\"fusion-layout-column fusion_builder_column fusion-builder-column-0 fusion_builder_column_1_1 1_1 fusion-one-full fusion-column-first fusion-column-last\" style=\"--awb-bg-size:cover;\"><div class=\"fusion-column-wrapper fusion-flex-column-wrapper-legacy\"><div class=\"fusion-text fusion-text-1\"><h1 style=\"text-align: center;\"><span style=\"color: #ffffff;\"><span id=\"result_box\" class=\"short_text\" lang=\"es\"><span class=\"\">Embalado hasta 1200 cajas por hora<\/span><\/span><\/span><\/h1>\n<\/div><div class=\"fusion-clearfix\"><\/div><\/div><\/div><\/div><\/div><div class=\"fusion-fullwidth fullwidth-box fusion-builder-row-2 nonhundred-percent-fullwidth non-hundred-percent-height-scrolling\" style=\"--awb-border-radius-top-left:0px;--awb-border-radius-top-right:0px;--awb-border-radius-bottom-right:0px;--awb-border-radius-bottom-left:0px;--awb-margin-bottom:30px;--awb-flex-wrap:wrap;\" ><div class=\"fusion-builder-row fusion-row\"><div class=\"fusion-layout-column fusion_builder_column fusion-builder-column-1 fusion_builder_column_1_1 1_1 fusion-one-full fusion-column-first fusion-column-last\" style=\"--awb-bg-size:cover;\"><div class=\"fusion-column-wrapper fusion-flex-column-wrapper-legacy\"><div class=\"fusion-section-separator section-separator triangle fusion-section-separator-1\" style=\"--awb-border-bottom:1px solid #f6f6f6;--awb-spacer-height:1px;--awb-svg-margin-left:0;--awb-svg-margin-right:0;--awb-icon-color:#ffffff;\"><div class=\"fusion-section-separator-svg\"><div class=\"divider-candy-arrow bottom\" style=\"top:0px;border-top-color: #5fb3ce;\"><\/div><div class=\"divider-candy bottom\" style=\"bottom:-21px;border-bottom:1px solid #f6f6f6;border-left:1px solid #f6f6f6;\"><\/div><\/div><div class=\"fusion-section-separator-spacer\"><div class=\"fusion-section-separator-spacer-height\"><\/div><\/div><\/div><div class=\"fusion-clearfix\"><\/div><\/div><\/div><\/div><\/div><div class=\"fusion-fullwidth fullwidth-box fusion-builder-row-3 nonhundred-percent-fullwidth non-hundred-percent-height-scrolling\" style=\"--awb-border-radius-top-left:0px;--awb-border-radius-top-right:0px;--awb-border-radius-bottom-right:0px;--awb-border-radius-bottom-left:0px;--awb-flex-wrap:wrap;\" ><div class=\"fusion-builder-row fusion-row\"><div class=\"fusion-layout-column fusion_builder_column fusion-builder-column-2 fusion_builder_column_1_1 1_1 fusion-one-full fusion-column-first fusion-column-last\" style=\"--awb-bg-size:cover;\"><div class=\"fusion-column-wrapper fusion-flex-column-wrapper-legacy\"><div class=\"fusion-content-boxes content-boxes columns row fusion-columns-2 fusion-columns-total-2 fusion-content-boxes-1 content-boxes-icon-with-title content-left\" style=\"--awb-hover-accent-color:#1a80b6;--awb-circle-hover-accent-color:#1a80b6;\" data-animationOffset=\"top-into-view\"><div style=\"--awb-backgroundcolor:rgba(255,255,255,0);\" class=\"fusion-column content-box-column content-box-column content-box-column-1 col-lg-6 col-md-6 col-sm-6 fusion-content-box-hover content-box-column-first-in-row\"><div class=\"col content-box-wrapper content-wrapper link-area-link-icon icon-hover-animation-fade\" data-animationOffset=\"top-into-view\"><div class=\"heading icon-left\"><h2 class=\"content-box-heading\" style=\"--h2_typography-font-size:18px;line-height:23px;\">Speedwrapper CDC200 <\/h2><\/div><div class=\"fusion-clearfix\"><\/div><div class=\"content-container\">\n<p><img decoding=\"async\" class=\"aligncenter wp-image-273 size-600\" src=\"http:\/\/jmv-packaging.com\/wp-content\/uploads\/2018\/01\/Zellophaniermaschine_CDC200.jpg\" alt=\"\" width=\"600\" height=\"600\" srcset=\"https:\/\/jmv-packaging.com\/wp-content\/uploads\/2018\/01\/Zellophaniermaschine_CDC200-66x66.jpg 66w, https:\/\/jmv-packaging.com\/wp-content\/uploads\/2018\/01\/Zellophaniermaschine_CDC200-150x150.jpg 150w, https:\/\/jmv-packaging.com\/wp-content\/uploads\/2018\/01\/Zellophaniermaschine_CDC200-200x200.jpg 200w, https:\/\/jmv-packaging.com\/wp-content\/uploads\/2018\/01\/Zellophaniermaschine_CDC200-300x300.jpg 300w, https:\/\/jmv-packaging.com\/wp-content\/uploads\/2018\/01\/Zellophaniermaschine_CDC200-400x400.jpg 400w, https:\/\/jmv-packaging.com\/wp-content\/uploads\/2018\/01\/Zellophaniermaschine_CDC200-600x600.jpg 600w, https:\/\/jmv-packaging.com\/wp-content\/uploads\/2018\/01\/Zellophaniermaschine_CDC200-768x768.jpg 768w, https:\/\/jmv-packaging.com\/wp-content\/uploads\/2018\/01\/Zellophaniermaschine_CDC200-800x800.jpg 800w, https:\/\/jmv-packaging.com\/wp-content\/uploads\/2018\/01\/Zellophaniermaschine_CDC200-1024x1024.jpg 1024w, https:\/\/jmv-packaging.com\/wp-content\/uploads\/2018\/01\/Zellophaniermaschine_CDC200.jpg 1200w\" sizes=\"(max-width: 600px) 100vw, 600px\" \/><\/p>\n<\/div><\/div><\/div><div style=\"--awb-backgroundcolor:rgba(255,255,255,0);\" class=\"fusion-column content-box-column content-box-column content-box-column-2 col-lg-6 col-md-6 col-sm-6 fusion-content-box-hover content-box-column-last content-box-column-last-in-row\"><div class=\"col content-box-wrapper content-wrapper link-area-link-icon icon-hover-animation-fade\" data-animationOffset=\"top-into-view\"><div class=\"heading icon-left\"><h2 class=\"content-box-heading\" style=\"--h2_typography-font-size:18px;line-height:23px;\"> CD, DVD, Blu-Ray - m\u00e1quina de celof\u00e1n \/ plegadora<\/h2><\/div><div class=\"fusion-clearfix\"><\/div><div class=\"content-container\">\n<p>El CDC200 cellophaners (CD), CDC260 (DVD) et CDC270 (Blu-ray) son m\u00e1quinas de escritorio, el paquete completamente autom\u00e1tico de CD o DVD \/ Blu-ray Ca-ses, y esta alta velocidad y poca los costes laborales<br \/>\nSi sus productos son para ser perfecto o ser protegidos contra el acceso no autorizado, entonces la mejor soluci\u00f3n es laminado.<\/p>\n<p>Maquinaria de embalaje de JMV Robotique ofrecer una alternativa real en la relaci\u00f3n entre precio y rendimiento, y son de f\u00e1cil operaci\u00f3n. Ellos producen pliegues y costuras perfectas limpiamente, soldados, envoltura alrededor de envasado.<\/p>\n<p>F\u00e1cil de usar<\/p>\n<p>Los cellophaners completamente autom\u00e1ticas de JMV Robotique. Ponga los casos en la entrada y pulse el bot\u00f3n de inicio. La m\u00e1quina hace el resto a una velocidad de 1200 casos por hora.<\/p>\n<p>Prospectiva Tecnol\u00f3gica<\/p>\n<p>La temperatura de soldadura de la Zellophanierger\u00e4te CDC200, CDC260 CDC270 y se controla electr\u00f3nicamente y se puede ajustar a la celof\u00e1n utilizado.<\/p>\n<p>Perfecta presentaci\u00f3n de CDs y DVDs<\/p>\n<p>En comparaci\u00f3n con ge-contracci\u00f3n paquetes que producen las soldaduras abultadas y di-cke se incluyen con los CDC200 CDs y DVDs de la serie perfectamente<br \/>\npulcramente doblada y soldada.<\/p>\n<\/div><\/div><\/div><div class=\"fusion-clearfix\"><\/div><\/div><div class=\"fusion-content-boxes content-boxes columns row fusion-columns-2 fusion-columns-total-2 fusion-content-boxes-2 content-boxes-icon-with-title content-left\" style=\"--awb-hover-accent-color:#1a80b6;--awb-circle-hover-accent-color:#1a80b6;\" data-animationOffset=\"top-into-view\"><div style=\"--awb-backgroundcolor:rgba(255,255,255,0);\" class=\"fusion-column content-box-column content-box-column content-box-column-1 col-lg-6 col-md-6 col-sm-6 fusion-content-box-hover content-box-column-first-in-row\"><div class=\"col content-box-wrapper content-wrapper link-area-link-icon icon-hover-animation-fade\" data-animationOffset=\"top-into-view\"><div class=\"heading heading-with-icon icon-left\"><div class=\"icon\"><i style=\"border-color:#333333;border-width:1px;background-color:#333333;box-sizing:content-box;height:42px;width:42px;line-height:42px;border-radius:50%;font-size:21px;\" aria-hidden=\"true\" class=\"fontawesome-icon fa fa-chevron-right circle-yes\"><\/i><\/div><h2 class=\"content-box-heading\" style=\"--h2_typography-font-size:18px;line-height:23px;\">Caracter\u00edstica del producto<\/h2><\/div><div class=\"fusion-clearfix\"><\/div><div class=\"content-container\">\n<ul>\n<li>Plegado y sellado perfecto de la unidad de CD \/ DVD \/ Blu-ray Cases<\/li>\n<li>Calidad comparable con las grandes m\u00e1quinas industriales<\/li>\n<li>Lleno hasta 1200 cajas \/ hora mesa de la m\u00e1quina &#8211; port\u00e1til<\/li>\n<li>Funcionamiento completamente autom\u00e1tico<\/li>\n<\/ul>\n<\/div><\/div><\/div><div style=\"--awb-backgroundcolor:rgba(255,255,255,0);\" class=\"fusion-column content-box-column content-box-column content-box-column-2 col-lg-6 col-md-6 col-sm-6 fusion-content-box-hover content-box-column-last content-box-column-last-in-row\"><div class=\"col content-box-wrapper content-wrapper link-area-link-icon icon-hover-animation-fade\" data-animationOffset=\"top-into-view\"><div class=\"heading heading-with-icon icon-left\"><div class=\"icon\"><i style=\"border-color:#333333;border-width:1px;background-color:#333333;box-sizing:content-box;height:42px;width:42px;line-height:42px;border-radius:50%;font-size:21px;\" aria-hidden=\"true\" class=\"fontawesome-icon fa fa-chevron-right circle-yes\"><\/i><\/div><h2 class=\"content-box-heading\" style=\"--h2_typography-font-size:18px;line-height:23px;\">M\u00e1s informaci\u00f3n<\/h2><\/div><div class=\"fusion-clearfix\"><\/div><div class=\"content-container\">\n<h2><strong><span id=\"result_box\" class=\"short_text\" lang=\"es\"><span class=\"\">Especificaciones t\u00e9cnicas:<\/span><\/span><\/strong><\/h2>\n<div class=\"fusion-button-wrapper\"><a class=\"fusion-button button-flat fusion-button-default-size button-default fusion-button-default button-1 fusion-button-default-span fusion-button-default-type\" target=\"_blank\" rel=\"noopener noreferrer\" href=\"#\"><span class=\"fusion-button-text awb-button__text awb-button__text--default\"><span id=\"result_box\" class=\"short_text\" lang=\"es\"><span class=\"\">Descargar PDF<\/span><\/span><\/span><\/a><\/div>\n<div class=\"fusion-sep-clear\"><\/div><div class=\"fusion-separator fusion-full-width-sep\" style=\"margin-left: auto;margin-right: auto;margin-top:10px;margin-bottom:10px;width:100%;\"><\/div><div class=\"fusion-sep-clear\"><\/div>\n<h2><strong><span id=\"result_box\" class=\"short_text\" lang=\"es\"><span class=\"\">Ordene ahora:<\/span><\/span><\/strong><\/h2>\n<div class=\"fusion-button-wrapper\"><a class=\"fusion-button button-flat fusion-button-default-size button-default fusion-button-default button-2 fusion-button-default-span fusion-button-default-type\" target=\"_blank\" rel=\"noopener noreferrer\" href=\"https:\/\/adr-shop.com\/speedwrapper-fuer-jewel-case-\/-dvd-\/-ps3-\/-blu-ray-boxen\"><span class=\"fusion-button-text awb-button__text awb-button__text--default\"><span id=\"result_box\" class=\"short_text\" lang=\"es\"><span class=\"\">Directo a la tienda<\/span><\/span>!<\/span><\/a><\/div><\/div><\/div><\/div><div class=\"fusion-clearfix\"><\/div><\/div><div class=\"fusion-clearfix\"><\/div><\/div><\/div><\/div><\/div><div class=\"fusion-fullwidth fullwidth-box fusion-builder-row-4 nonhundred-percent-fullwidth non-hundred-percent-height-scrolling\" style=\"--awb-border-radius-top-left:0px;--awb-border-radius-top-right:0px;--awb-border-radius-bottom-right:0px;--awb-border-radius-bottom-left:0px;--awb-background-color:#5fb3ce;--awb-flex-wrap:wrap;\" ><div class=\"fusion-builder-row fusion-row\"><div class=\"fusion-layout-column fusion_builder_column fusion-builder-column-3 fusion_builder_column_1_1 1_1 fusion-one-full fusion-column-first fusion-column-last\" style=\"--awb-bg-size:cover;\"><div class=\"fusion-column-wrapper fusion-flex-column-wrapper-legacy\"><div class=\"fusion-text fusion-text-2\"><h1 style=\"text-align: center;\"><span style=\"color: #ffffff;\"><span id=\"result_box\" class=\"short_text\" lang=\"es\"><span class=\"\">M\u00e1quina de celofan autom\u00e1tico completamente autom\u00e1tica<\/span><\/span><\/span><\/h1>\n<\/div><div class=\"fusion-clearfix\"><\/div><\/div><\/div><\/div><\/div><div class=\"fusion-fullwidth fullwidth-box fusion-builder-row-5 nonhundred-percent-fullwidth non-hundred-percent-height-scrolling\" style=\"--awb-border-radius-top-left:0px;--awb-border-radius-top-right:0px;--awb-border-radius-bottom-right:0px;--awb-border-radius-bottom-left:0px;--awb-margin-bottom:30px;--awb-flex-wrap:wrap;\" ><div class=\"fusion-builder-row fusion-row\"><div class=\"fusion-layout-column fusion_builder_column fusion-builder-column-4 fusion_builder_column_1_1 1_1 fusion-one-full fusion-column-first fusion-column-last\" style=\"--awb-bg-size:cover;\"><div class=\"fusion-column-wrapper fusion-flex-column-wrapper-legacy\"><div class=\"fusion-section-separator section-separator triangle fusion-section-separator-2\" style=\"--awb-border-bottom:1px solid #f6f6f6;--awb-spacer-height:1px;--awb-svg-margin-left:0;--awb-svg-margin-right:0;--awb-icon-color:#ffffff;\"><div class=\"fusion-section-separator-svg\"><div class=\"divider-candy-arrow bottom\" style=\"top:0px;border-top-color: #5fb3ce;\"><\/div><div class=\"divider-candy bottom\" style=\"bottom:-21px;border-bottom:1px solid #f6f6f6;border-left:1px solid #f6f6f6;\"><\/div><\/div><div class=\"fusion-section-separator-spacer\"><div class=\"fusion-section-separator-spacer-height\"><\/div><\/div><\/div><div class=\"fusion-clearfix\"><\/div><\/div><\/div><\/div><\/div><div class=\"fusion-fullwidth fullwidth-box fusion-builder-row-6 nonhundred-percent-fullwidth non-hundred-percent-height-scrolling\" style=\"--awb-border-radius-top-left:0px;--awb-border-radius-top-right:0px;--awb-border-radius-bottom-right:0px;--awb-border-radius-bottom-left:0px;--awb-flex-wrap:wrap;\" ><div class=\"fusion-builder-row fusion-row\"><div class=\"fusion-layout-column fusion_builder_column fusion-builder-column-5 fusion_builder_column_1_1 1_1 fusion-one-full fusion-column-first fusion-column-last\" style=\"--awb-bg-size:cover;\"><div class=\"fusion-column-wrapper fusion-flex-column-wrapper-legacy\">\t\t\t\t<div class=\"fusion-text fusion-text-3\"><div id=\"gt-res-content\">\n<div id=\"gt-res-dir-ctr\" class=\"trans-verified-button-small\" dir=\"ltr\">\n<p><span id=\"result_box\" class=\"\" lang=\"es\"><span class=\"\">Tecnolog\u00eda con visi\u00f3n de futuro: celof\u00e1n \/ celof\u00e1n JMV totalmente autom\u00e1tico para videojuegos como Playstation 3, X Box One, Playstation 4, Nintendo DS y Nintendo DS Games o juegos de PC \/ computadora.<\/span><\/span><\/p>\n<p><span class=\"\">La temperatura de soldadura de las envolturas de celof\u00e1n CDC200, CDC260 y CDC270 est\u00e1 controlada electr\u00f3nicamente y puede ajustarse al celof\u00e1n utilizado.<\/span> <span class=\"\">Presentaci\u00f3n perfecta de CD y DVD con una m\u00e1quina de celof\u00e1n JMV y envoltura de celof\u00e1n para CD, DVD y Blue Rays.<\/span> <span class=\"\">En comparaci\u00f3n con los envases contra\u00eddos que crean soldaduras gruesas y gruesas, los CD y DVD empaquetados con CDC200 est\u00e1n perfectamente plegados y perfectamente soldados.<\/span><\/p>\n<\/div>\n<\/div>\n<\/div><div class=\"fusion-clearfix\"><\/div><\/div><\/div><\/div><\/div><\/p>\n","protected":false},"excerpt":{"rendered":"","protected":false},"author":1,"featured_media":0,"parent":2660,"menu_order":5,"comment_status":"closed","ping_status":"closed","template":"","meta":{"_monsterinsights_skip_tracking":false,"_monsterinsights_sitenote_active":false,"_monsterinsights_sitenote_note":"","_monsterinsights_sitenote_category":0,"footnotes":""},"class_list":["post-2958","page","type-page","status-publish","hentry"],"_links":{"self":[{"href":"https:\/\/jmv-packaging.com\/es\/wp-json\/wp\/v2\/pages\/2958","targetHints":{"allow":["GET"]}}],"collection":[{"href":"https:\/\/jmv-packaging.com\/es\/wp-json\/wp\/v2\/pages"}],"about":[{"href":"https:\/\/jmv-packaging.com\/es\/wp-json\/wp\/v2\/types\/page"}],"author":[{"embeddable":true,"href":"https:\/\/jmv-packaging.com\/es\/wp-json\/wp\/v2\/users\/1"}],"replies":[{"embeddable":true,"href":"https:\/\/jmv-packaging.com\/es\/wp-json\/wp\/v2\/comments?post=2958"}],"version-history":[{"count":38,"href":"https:\/\/jmv-packaging.com\/es\/wp-json\/wp\/v2\/pages\/2958\/revisions"}],"predecessor-version":[{"id":4835,"href":"https:\/\/jmv-packaging.com\/es\/wp-json\/wp\/v2\/pages\/2958\/revisions\/4835"}],"up":[{"embeddable":true,"href":"https:\/\/jmv-packaging.com\/es\/wp-json\/wp\/v2\/pages\/2660"}],"wp:attachment":[{"href":"https:\/\/jmv-packaging.com\/es\/wp-json\/wp\/v2\/media?parent=2958"}],"curies":[{"name":"wp","href":"https:\/\/api.w.org\/{rel}","templated":true}]}}