{"id":3038,"date":"2018-03-06T09:53:23","date_gmt":"2018-03-06T08:53:23","guid":{"rendered":"http:\/\/jmv-packaging.com\/entreprise\/"},"modified":"2020-05-21T22:35:02","modified_gmt":"2020-05-21T20:35:02","slug":"entreprise","status":"publish","type":"page","link":"https:\/\/jmv-packaging.com\/fr\/entreprise\/","title":{"rendered":"Entreprise"},"content":{"rendered":"<div class=\"fusion-fullwidth fullwidth-box fusion-builder-row-1 nonhundred-percent-fullwidth non-hundred-percent-height-scrolling\" style=\"--awb-border-radius-top-left:0px;--awb-border-radius-top-right:0px;--awb-border-radius-bottom-right:0px;--awb-border-radius-bottom-left:0px;--awb-flex-wrap:wrap;\" ><div class=\"fusion-builder-row fusion-row\"><div class=\"fusion-layout-column fusion_builder_column fusion-builder-column-0 fusion_builder_column_1_1 1_1 fusion-one-full fusion-column-first fusion-column-last\" style=\"--awb-bg-size:cover;--awb-margin-bottom:0px;\"><div class=\"fusion-column-wrapper fusion-flex-column-wrapper-legacy\"><div class=\"fusion-text fusion-text-1\"><h2>JMV Packaging | JMV Robotique<\/h2>\n<\/div><div class=\"fusion-content-boxes content-boxes columns row fusion-columns-2 fusion-columns-total-2 fusion-content-boxes-1 content-boxes-icon-with-title content-left\" style=\"--awb-hover-accent-color:#1a80b6;--awb-circle-hover-accent-color:#1a80b6;\" data-animationOffset=\"top-into-view\"><div style=\"--awb-backgroundcolor:rgba(255,255,255,0);\" class=\"fusion-column content-box-column content-box-column content-box-column-1 col-lg-6 col-md-6 col-sm-6 fusion-content-box-hover content-box-column-first-in-row\"><div class=\"col content-box-wrapper content-wrapper link-area-link-icon icon-hover-animation-fade\" data-animationOffset=\"top-into-view\"><div class=\"heading icon-left\"><h2 class=\"content-box-heading\" style=\"--h2_typography-font-size:18px;line-height:23px;\">Une marque du groupe ADR<\/h2><\/div><div class=\"fusion-clearfix\"><\/div><div class=\"content-container\">\n<p>Fond\u00e9e en 1991, JMV Robotique a su combler les besoins du march\u00e9 de fabrication de logiciels, de l&rsquo;audio et de la vid\u00e9o et propose des solutions pour le monde de l&#8217;emballage.<\/p>\n<p>JMV Robotique est r\u00e9put\u00e9e pour ses machines robustes de haute qualit\u00e9.<\/p>\n<p>IBM, Oracle, Microsoft, SAP et d&rsquo;autres clients bien connus utilisent les machines de table JMV partout dans le monde.<\/p>\n<p>Le site fabrication se trouve \u00e0 Lisses, au sud de Paris, o\u00f9 nous offrons des solutions compl\u00e8tes r\u00e9pondant au besoin en emballage de nos clients; ceci inclue le support de vente et de service apr\u00e8s vente. Ensemble avec le groupe Verity Systems et ses filiales, nous assurons le support de nos produits autour du globe.<\/p>\n<\/div><\/div><\/div><div style=\"--awb-backgroundcolor:rgba(255,255,255,0);\" class=\"fusion-column content-box-column content-box-column content-box-column-2 col-lg-6 col-md-6 col-sm-6 fusion-content-box-hover content-box-column-last content-box-column-last-in-row\"><div class=\"col content-box-wrapper content-wrapper link-area-link-icon icon-hover-animation-fade fusion-animated\" data-animationType=\"fadeInLeft\" data-animationDuration=\"0.3\" data-animationOffset=\"top-into-view\"><div class=\"heading icon-left\"><h2 class=\"content-box-heading\" style=\"--h2_typography-font-size:18px;line-height:23px;\">ADR AG - TEAM<\/h2><\/div><div class=\"fusion-clearfix\"><\/div><div class=\"content-container\">\n<p><img decoding=\"async\" class=\"size-600 wp-image-4961 aligncenter\" src=\"https:\/\/jmv-packaging.com\/wp-content\/uploads\/2018\/05\/adr-team-1-600x450.jpg\" alt=\"\" width=\"600\" height=\"450\" srcset=\"https:\/\/jmv-packaging.com\/wp-content\/uploads\/2018\/05\/adr-team-1-200x150.jpg 200w, https:\/\/jmv-packaging.com\/wp-content\/uploads\/2018\/05\/adr-team-1-300x225.jpg 300w, https:\/\/jmv-packaging.com\/wp-content\/uploads\/2018\/05\/adr-team-1-400x300.jpg 400w, https:\/\/jmv-packaging.com\/wp-content\/uploads\/2018\/05\/adr-team-1-600x450.jpg 600w, https:\/\/jmv-packaging.com\/wp-content\/uploads\/2018\/05\/adr-team-1-768x576.jpg 768w, https:\/\/jmv-packaging.com\/wp-content\/uploads\/2018\/05\/adr-team-1-800x600.jpg 800w, https:\/\/jmv-packaging.com\/wp-content\/uploads\/2018\/05\/adr-team-1-1024x768.jpg 1024w, https:\/\/jmv-packaging.com\/wp-content\/uploads\/2018\/05\/adr-team-1.jpg 1200w\" sizes=\"(max-width: 600px) 100vw, 600px\" \/><\/p>\n<div class=\"fusion-button-wrapper\"><a class=\"fusion-button button-flat fusion-button-default-size button-default fusion-button-default button-1 fusion-button-default-span fusion-button-default-type\" target=\"_blank\" rel=\"noopener noreferrer\" href=\"https:\/\/adr-ag.de\/about-us-page-2\"><span class=\"fusion-button-text awb-button__text awb-button__text--default\"><span lang=\"fr\">Informations ADR<\/span><\/span><i class=\"fa-arrow-circle-right fas awb-button__icon awb-button__icon--default button-icon-right\" aria-hidden=\"true\"><\/i><\/a><\/div>.<\/p>\n<\/div><\/div><\/div><div class=\"fusion-clearfix\"><\/div><\/div><div class=\"fusion-clearfix\"><\/div><\/div><\/div><\/div><\/div>\n","protected":false},"excerpt":{"rendered":"","protected":false},"author":1,"featured_media":0,"parent":0,"menu_order":3,"comment_status":"closed","ping_status":"closed","template":"","meta":{"_monsterinsights_skip_tracking":false,"_monsterinsights_sitenote_active":false,"_monsterinsights_sitenote_note":"","_monsterinsights_sitenote_category":0,"footnotes":""},"class_list":["post-3038","page","type-page","status-publish","hentry"],"_links":{"self":[{"href":"https:\/\/jmv-packaging.com\/fr\/wp-json\/wp\/v2\/pages\/3038","targetHints":{"allow":["GET"]}}],"collection":[{"href":"https:\/\/jmv-packaging.com\/fr\/wp-json\/wp\/v2\/pages"}],"about":[{"href":"https:\/\/jmv-packaging.com\/fr\/wp-json\/wp\/v2\/types\/page"}],"author":[{"embeddable":true,"href":"https:\/\/jmv-packaging.com\/fr\/wp-json\/wp\/v2\/users\/1"}],"replies":[{"embeddable":true,"href":"https:\/\/jmv-packaging.com\/fr\/wp-json\/wp\/v2\/comments?post=3038"}],"version-history":[{"count":8,"href":"https:\/\/jmv-packaging.com\/fr\/wp-json\/wp\/v2\/pages\/3038\/revisions"}],"predecessor-version":[{"id":5640,"href":"https:\/\/jmv-packaging.com\/fr\/wp-json\/wp\/v2\/pages\/3038\/revisions\/5640"}],"wp:attachment":[{"href":"https:\/\/jmv-packaging.com\/fr\/wp-json\/wp\/v2\/media?parent=3038"}],"curies":[{"name":"wp","href":"https:\/\/api.w.org\/{rel}","templated":true}]}}