{"id":3040,"date":"2018-03-06T09:55:06","date_gmt":"2018-03-06T08:55:06","guid":{"rendered":"http:\/\/jmv-packaging.com\/revendeurs\/"},"modified":"2018-05-02T15:16:28","modified_gmt":"2018-05-02T13:16:28","slug":"revendeurs","status":"publish","type":"page","link":"https:\/\/jmv-packaging.com\/fr\/revendeurs\/","title":{"rendered":"Revendeurs"},"content":{"rendered":"<div class=\"fusion-fullwidth fullwidth-box fusion-builder-row-1 nonhundred-percent-fullwidth non-hundred-percent-height-scrolling\" style=\"--awb-border-radius-top-left:0px;--awb-border-radius-top-right:0px;--awb-border-radius-bottom-right:0px;--awb-border-radius-bottom-left:0px;--awb-flex-wrap:wrap;\" ><div class=\"fusion-builder-row fusion-row\"><div class=\"fusion-layout-column fusion_builder_column fusion-builder-column-0 fusion_builder_column_1_1 1_1 fusion-one-full fusion-column-first fusion-column-last\" style=\"--awb-bg-size:cover;--awb-margin-bottom:0px;\"><div class=\"fusion-column-wrapper fusion-flex-column-wrapper-legacy\"><div class=\"fusion-text fusion-text-1\"><p><strong>Devenir un Revendeur<\/strong><\/p>\n<p>JMV Robotique a une bonne r\u00e9putation gr\u00e2ce \u00e0 ses solutions uniques pour les besoins du march\u00e9 de fabrication de logiciels, de l\u2019audio et de la vid\u00e9o et propose des solutions pour le monde de l\u2019emballage.Notre fabrication est connus dans le monde entier pour les machines de table robuste et ax\u00e9e sur la production qualit\u00e9. Nos clients incluent IBM, Oracle, Microsoft, SAP et d&rsquo;autres entreprises \u00e9tablies.<\/p>\n<p>Si vous voulez \u00eatre un de nos revendeurs internationaux, nous vous souhaitons la bienvenue.<\/p>\n<p>Nous recherchons des revendeurs pour les r\u00e9gions \/ pays suivants:<\/p>\n<p><strong>Europe de l&rsquo;Est:<\/strong><br \/>\nBi\u00e9lorussie, la Lettonie, la Lituanie, l&rsquo;Estonie, la Russie, l&rsquo;Ukraine, la Roumanie, la Moldavie, la Bulgarie, la Croatie, la Bosnie-Herz\u00e9govine, Mac\u00e9doine, Mont\u00e9n\u00e9gro, Serbie, Slov\u00e9nie, Kosovo, Albanie, Hongrie, Pologne, R\u00e9publique tch\u00e8que, Slovaquie.<\/p>\n<p><strong>Les pays du Golfe:<\/strong><\/p>\n<p>Koweit, Arabie Saoudite, Qatar, Oman, l&rsquo;Irak, l&rsquo;Iran, Bahre\u00efn, \u00c9mirats arabes unis.<\/p>\n<p><strong>Moyen-Orient:<\/strong><\/p>\n<p>Isra\u00ebl, le Liban, Jordaien, Cisjordanie, Palestine, Syrie, Egypte.<\/p>\n<p><strong>Asie:<\/strong><br \/>\nChine, le Laos, le Cambodge, les Philippines, le Japon, Taiwan, l&rsquo;Inde, le N\u00e9pal, la Tha\u00eflande, le Bangladesh, le Vietnam, la Cor\u00e9e du Nord, Cor\u00e9e du Sud, Malaisie, Indon\u00e9sie.<\/p>\n<p>Mail:\u00a0<span id=\"cloak6159\"><a href=\"mailto:contact@jmv-packaging.com\">contact@jmv-packaging.com<\/a><\/span><\/p>\n<\/div><div class=\"fusion-clearfix\"><\/div><\/div><\/div><\/div><\/div>\n","protected":false},"excerpt":{"rendered":"","protected":false},"author":1,"featured_media":0,"parent":0,"menu_order":0,"comment_status":"closed","ping_status":"closed","template":"","meta":{"_monsterinsights_skip_tracking":false,"_monsterinsights_sitenote_active":false,"_monsterinsights_sitenote_note":"","_monsterinsights_sitenote_category":0,"footnotes":""},"class_list":["post-3040","page","type-page","status-publish","hentry"],"_links":{"self":[{"href":"https:\/\/jmv-packaging.com\/fr\/wp-json\/wp\/v2\/pages\/3040","targetHints":{"allow":["GET"]}}],"collection":[{"href":"https:\/\/jmv-packaging.com\/fr\/wp-json\/wp\/v2\/pages"}],"about":[{"href":"https:\/\/jmv-packaging.com\/fr\/wp-json\/wp\/v2\/types\/page"}],"author":[{"embeddable":true,"href":"https:\/\/jmv-packaging.com\/fr\/wp-json\/wp\/v2\/users\/1"}],"replies":[{"embeddable":true,"href":"https:\/\/jmv-packaging.com\/fr\/wp-json\/wp\/v2\/comments?post=3040"}],"version-history":[{"count":7,"href":"https:\/\/jmv-packaging.com\/fr\/wp-json\/wp\/v2\/pages\/3040\/revisions"}],"predecessor-version":[{"id":4390,"href":"https:\/\/jmv-packaging.com\/fr\/wp-json\/wp\/v2\/pages\/3040\/revisions\/4390"}],"wp:attachment":[{"href":"https:\/\/jmv-packaging.com\/fr\/wp-json\/wp\/v2\/media?parent=3040"}],"curies":[{"name":"wp","href":"https:\/\/api.w.org\/{rel}","templated":true}]}}