{"id":3048,"date":"2018-03-06T09:58:38","date_gmt":"2018-03-06T08:58:38","guid":{"rendered":"http:\/\/jmv-packaging.com\/produits\/machines-detiquetage\/"},"modified":"2018-08-29T19:48:55","modified_gmt":"2018-08-29T17:48:55","slug":"machines-detiquetage","status":"publish","type":"page","link":"https:\/\/jmv-packaging.com\/fr\/produits\/machines-detiquetage\/","title":{"rendered":"Machines d&rsquo;\u00e9tiquetage"},"content":{"rendered":"<p><div class=\"fusion-fullwidth fullwidth-box fusion-builder-row-1 nonhundred-percent-fullwidth non-hundred-percent-height-scrolling\" style=\"--awb-border-radius-top-left:0px;--awb-border-radius-top-right:0px;--awb-border-radius-bottom-right:0px;--awb-border-radius-bottom-left:0px;--awb-flex-wrap:wrap;\" ><div class=\"fusion-builder-row fusion-row\"><div class=\"fusion-layout-column fusion_builder_column fusion-builder-column-0 fusion_builder_column_1_1 1_1 fusion-one-full fusion-column-first fusion-column-last\" style=\"--awb-bg-size:cover;\"><div class=\"fusion-column-wrapper fusion-flex-column-wrapper-legacy\"><div class=\"fusion-text fusion-text-1\"><h1>Machines d&rsquo;\u00e9tiquetage<\/h1>\n<p>JMV Robotique propose une gamme compl\u00e8te de machines d\u2019\u00e9tiquetage, pour apporter des solutions au processus de labelling equipmentfabrication et pour une int\u00e9gration dans une ligne de production, dans le but d\u2019augmenter la rentabilit\u00e9.<\/p>\n<p>L\u2019\u00e9tiqueteuse de CD\/DVD produit une surface imprimable pour une personnalisation de disques et l\u2019\u00e9tiqueteuse universelle applique des \u00e9tiquettes de prix, de promotion et de codes barres, ou des scell\u00e9es sur les produits emball\u00e9s.<\/p>\n<p>Les deux machines font partie de la gamme de JMV Robotique<\/p>\n<\/div><div class=\"fusion-clearfix\"><\/div><\/div><\/div><\/div><\/div><div class=\"fusion-fullwidth fullwidth-box fusion-builder-row-2 nonhundred-percent-fullwidth non-hundred-percent-height-scrolling\" style=\"--awb-border-radius-top-left:0px;--awb-border-radius-top-right:0px;--awb-border-radius-bottom-right:0px;--awb-border-radius-bottom-left:0px;--awb-flex-wrap:wrap;\" ><div class=\"fusion-builder-row fusion-row\"><div class=\"fusion-layout-column fusion_builder_column fusion-builder-column-1 fusion_builder_column_1_2 1_2 fusion-one-half fusion-column-first\" style=\"--awb-bg-size:cover;width:50%;width:calc(50% - ( ( 4% ) * 0.5 ) );margin-right: 4%;\"><div class=\"fusion-column-wrapper fusion-flex-column-wrapper-legacy\"><div class=\"fusion-image-element in-legacy-container\" style=\"--awb-caption-title-font-family:var(--h2_typography-font-family);--awb-caption-title-font-weight:var(--h2_typography-font-weight);--awb-caption-title-font-style:var(--h2_typography-font-style);--awb-caption-title-size:var(--h2_typography-font-size);--awb-caption-title-transform:var(--h2_typography-text-transform);--awb-caption-title-line-height:var(--h2_typography-line-height);--awb-caption-title-letter-spacing:var(--h2_typography-letter-spacing);\"><span class=\" fusion-imageframe imageframe-none imageframe-1 hover-type-none\"><a class=\"fusion-no-lightbox\" href=\"http:\/\/jmv-packaging.com\/fr\/produits\/machines-detiquetage\/lab120-etiqueteuse-de-disques\/\" target=\"_self\" aria-label=\"Etikettiermaschine-f\u00fcr-CD_L\"><img decoding=\"async\" width=\"1000\" height=\"1000\" src=\"http:\/\/jmv-packaging.com\/wp-content\/uploads\/2018\/01\/Etikettiermaschine-f\u00fcr-CD_L.jpg\" alt class=\"img-responsive wp-image-989\" srcset=\"https:\/\/jmv-packaging.com\/wp-content\/uploads\/2018\/01\/Etikettiermaschine-f\u00fcr-CD_L-200x200.jpg 200w, https:\/\/jmv-packaging.com\/wp-content\/uploads\/2018\/01\/Etikettiermaschine-f\u00fcr-CD_L-400x400.jpg 400w, https:\/\/jmv-packaging.com\/wp-content\/uploads\/2018\/01\/Etikettiermaschine-f\u00fcr-CD_L-600x600.jpg 600w, https:\/\/jmv-packaging.com\/wp-content\/uploads\/2018\/01\/Etikettiermaschine-f\u00fcr-CD_L-800x800.jpg 800w, https:\/\/jmv-packaging.com\/wp-content\/uploads\/2018\/01\/Etikettiermaschine-f\u00fcr-CD_L.jpg 1000w\" sizes=\"(max-width: 800px) 100vw, 800px\" \/><\/a><\/span><\/div><div class=\"fusion-button-wrapper\"><a class=\"fusion-button button-flat fusion-button-default-size button-default fusion-button-default button-1 fusion-button-default-span fusion-button-default-type\" target=\"_self\" href=\"http:\/\/jmv-packaging.com\/fr\/produits\/machines-detiquetage\/lab120-etiqueteuse-de-disques\/\"><span class=\"fusion-button-text awb-button__text awb-button__text--default\">LAB120 &#8211; Etiqueteuse de disques<\/span><\/a><\/div><div class=\"fusion-sep-clear\"><\/div><div class=\"fusion-separator fusion-full-width-sep\" style=\"margin-left: auto;margin-right: auto;margin-top:10px;margin-bottom:10px;width:100%;\"><\/div><div class=\"fusion-sep-clear\"><\/div><div class=\"fusion-image-element in-legacy-container\" style=\"--awb-caption-title-font-family:var(--h2_typography-font-family);--awb-caption-title-font-weight:var(--h2_typography-font-weight);--awb-caption-title-font-style:var(--h2_typography-font-style);--awb-caption-title-size:var(--h2_typography-font-size);--awb-caption-title-transform:var(--h2_typography-text-transform);--awb-caption-title-line-height:var(--h2_typography-line-height);--awb-caption-title-letter-spacing:var(--h2_typography-letter-spacing);\"><span class=\" fusion-imageframe imageframe-none imageframe-2 hover-type-none\"><a class=\"fusion-no-lightbox\" href=\"http:\/\/jmv-packaging.com\/fr\/produits\/machines-detiquetage\/lab400-etiqueteuse-automatique-de-carte-memoire\/\" target=\"_self\" aria-label=\"Etikettierer-Speicherkarten\"><img decoding=\"async\" width=\"1200\" height=\"1200\" src=\"http:\/\/jmv-packaging.com\/wp-content\/uploads\/2018\/01\/Etikettierer-Speicherkarten-1200x1200.jpg\" alt class=\"img-responsive wp-image-1007\" srcset=\"https:\/\/jmv-packaging.com\/wp-content\/uploads\/2018\/01\/Etikettierer-Speicherkarten-200x200.jpg 200w, https:\/\/jmv-packaging.com\/wp-content\/uploads\/2018\/01\/Etikettierer-Speicherkarten-400x400.jpg 400w, https:\/\/jmv-packaging.com\/wp-content\/uploads\/2018\/01\/Etikettierer-Speicherkarten-600x600.jpg 600w, https:\/\/jmv-packaging.com\/wp-content\/uploads\/2018\/01\/Etikettierer-Speicherkarten-800x800.jpg 800w, https:\/\/jmv-packaging.com\/wp-content\/uploads\/2018\/01\/Etikettierer-Speicherkarten.jpg 1200w\" sizes=\"(max-width: 800px) 100vw, 800px\" \/><\/a><\/span><\/div><div class=\"fusion-button-wrapper\"><a class=\"fusion-button button-flat fusion-button-default-size button-default fusion-button-default button-2 fusion-button-default-span fusion-button-default-type\" target=\"_self\" href=\"http:\/\/jmv-packaging.com\/fr\/produits\/machines-detiquetage\/lab400-etiqueteuse-automatique-de-carte-memoire\/\"><span class=\"fusion-button-text awb-button__text awb-button__text--default\">LAB400 &#8211; \u00c9tiqueteur pour cartes m\u00e9moire<\/span><\/a><\/div><div class=\"fusion-sep-clear\"><\/div><div class=\"fusion-separator fusion-full-width-sep\" style=\"margin-left: auto;margin-right: auto;margin-top:10px;margin-bottom:10px;width:100%;\"><\/div><div class=\"fusion-sep-clear\"><\/div><div class=\"fusion-image-element in-legacy-container\" style=\"--awb-caption-title-font-family:var(--h2_typography-font-family);--awb-caption-title-font-weight:var(--h2_typography-font-weight);--awb-caption-title-font-style:var(--h2_typography-font-style);--awb-caption-title-size:var(--h2_typography-font-size);--awb-caption-title-transform:var(--h2_typography-text-transform);--awb-caption-title-line-height:var(--h2_typography-line-height);--awb-caption-title-letter-spacing:var(--h2_typography-letter-spacing);\"><span class=\" fusion-imageframe imageframe-none imageframe-3 hover-type-none\"><a class=\"fusion-no-lightbox\" href=\"http:\/\/jmv-packaging.com\/fr\/produits\/machines-detiquetage\/options-de-etiquetage\/\" target=\"_self\" aria-label=\"Etikettiermaschine_Zebra\"><img decoding=\"async\" width=\"1200\" height=\"1200\" src=\"http:\/\/jmv-packaging.com\/wp-content\/uploads\/2018\/01\/Etikettiermaschine_Zebra-1200x1200.jpg\" alt class=\"img-responsive wp-image-1097\" srcset=\"https:\/\/jmv-packaging.com\/wp-content\/uploads\/2018\/01\/Etikettiermaschine_Zebra-200x200.jpg 200w, https:\/\/jmv-packaging.com\/wp-content\/uploads\/2018\/01\/Etikettiermaschine_Zebra-400x400.jpg 400w, https:\/\/jmv-packaging.com\/wp-content\/uploads\/2018\/01\/Etikettiermaschine_Zebra-600x600.jpg 600w, https:\/\/jmv-packaging.com\/wp-content\/uploads\/2018\/01\/Etikettiermaschine_Zebra-800x800.jpg 800w, https:\/\/jmv-packaging.com\/wp-content\/uploads\/2018\/01\/Etikettiermaschine_Zebra.jpg 1200w\" sizes=\"(max-width: 800px) 100vw, 800px\" \/><\/a><\/span><\/div><div class=\"fusion-button-wrapper\"><a class=\"fusion-button button-flat fusion-button-default-size button-default fusion-button-default button-3 fusion-button-default-span fusion-button-default-type\" target=\"_self\" href=\"http:\/\/jmv-packaging.com\/fr\/produits\/machines-detiquetage\/options-de-etiquetage\/\"><span class=\"fusion-button-text awb-button__text awb-button__text--default\">Options de etiquetage<\/span><\/a><\/div><div class=\"fusion-clearfix\"><\/div><\/div><\/div><div class=\"fusion-layout-column fusion_builder_column fusion-builder-column-2 fusion_builder_column_1_2 1_2 fusion-one-half fusion-column-last\" style=\"--awb-bg-size:cover;width:50%;width:calc(50% - ( ( 4% ) * 0.5 ) );\"><div class=\"fusion-column-wrapper fusion-flex-column-wrapper-legacy\"><div class=\"fusion-image-element in-legacy-container\" style=\"--awb-caption-title-font-family:var(--h2_typography-font-family);--awb-caption-title-font-weight:var(--h2_typography-font-weight);--awb-caption-title-font-style:var(--h2_typography-font-style);--awb-caption-title-size:var(--h2_typography-font-size);--awb-caption-title-transform:var(--h2_typography-text-transform);--awb-caption-title-line-height:var(--h2_typography-line-height);--awb-caption-title-letter-spacing:var(--h2_typography-letter-spacing);\"><span class=\" fusion-imageframe imageframe-none imageframe-4 hover-type-none\"><a class=\"fusion-no-lightbox\" href=\"https:\/\/jmv-packaging.com\/produkte\/etikettierer\/lab300-universeller-etikettierer\/\" target=\"_self\" aria-label=\"Universeller-Etikettierer_L\"><img decoding=\"async\" width=\"1200\" height=\"1200\" src=\"http:\/\/jmv-packaging.com\/wp-content\/uploads\/2018\/01\/Universeller-Etikettierer_L-1200x1200.jpg\" alt class=\"img-responsive wp-image-995\" srcset=\"https:\/\/jmv-packaging.com\/wp-content\/uploads\/2018\/01\/Universeller-Etikettierer_L-200x200.jpg 200w, https:\/\/jmv-packaging.com\/wp-content\/uploads\/2018\/01\/Universeller-Etikettierer_L-400x400.jpg 400w, https:\/\/jmv-packaging.com\/wp-content\/uploads\/2018\/01\/Universeller-Etikettierer_L-600x600.jpg 600w, https:\/\/jmv-packaging.com\/wp-content\/uploads\/2018\/01\/Universeller-Etikettierer_L-800x800.jpg 800w, https:\/\/jmv-packaging.com\/wp-content\/uploads\/2018\/01\/Universeller-Etikettierer_L.jpg 1200w\" sizes=\"(max-width: 800px) 100vw, 800px\" \/><\/a><\/span><\/div><div class=\"fusion-button-wrapper\"><a class=\"fusion-button button-flat fusion-button-default-size button-default fusion-button-default button-4 fusion-button-default-span fusion-button-default-type\" target=\"_self\" href=\"http:\/\/jmv-packaging.com\/fr\"><span class=\"fusion-button-text awb-button__text awb-button__text--default\">LAB300 \u2013 Etiqueteuse universelle<\/span><\/a><\/div><div class=\"fusion-sep-clear\"><\/div><div class=\"fusion-separator fusion-full-width-sep\" style=\"margin-left: auto;margin-right: auto;margin-top:10px;margin-bottom:10px;width:100%;\"><\/div><div class=\"fusion-sep-clear\"><\/div><div class=\"fusion-image-element in-legacy-container\" style=\"--awb-caption-title-font-family:var(--h2_typography-font-family);--awb-caption-title-font-weight:var(--h2_typography-font-weight);--awb-caption-title-font-style:var(--h2_typography-font-style);--awb-caption-title-size:var(--h2_typography-font-size);--awb-caption-title-transform:var(--h2_typography-text-transform);--awb-caption-title-line-height:var(--h2_typography-line-height);--awb-caption-title-letter-spacing:var(--h2_typography-letter-spacing);\"><span class=\" fusion-imageframe imageframe-none imageframe-5 hover-type-none\"><a class=\"fusion-no-lightbox\" href=\"http:\/\/jmv-packaging.com\/fr\/produits\/machines-detiquetage\/lab500-etiqueteuse-universelle\/\" target=\"_self\" aria-label=\"Universeller-Etikettierer_L\"><img decoding=\"async\" width=\"1200\" height=\"1200\" src=\"http:\/\/jmv-packaging.com\/wp-content\/uploads\/2018\/01\/Universeller-Etikettierer_L-1200x1200.jpg\" alt class=\"img-responsive wp-image-995\" srcset=\"https:\/\/jmv-packaging.com\/wp-content\/uploads\/2018\/01\/Universeller-Etikettierer_L-200x200.jpg 200w, https:\/\/jmv-packaging.com\/wp-content\/uploads\/2018\/01\/Universeller-Etikettierer_L-400x400.jpg 400w, https:\/\/jmv-packaging.com\/wp-content\/uploads\/2018\/01\/Universeller-Etikettierer_L-600x600.jpg 600w, https:\/\/jmv-packaging.com\/wp-content\/uploads\/2018\/01\/Universeller-Etikettierer_L-800x800.jpg 800w, https:\/\/jmv-packaging.com\/wp-content\/uploads\/2018\/01\/Universeller-Etikettierer_L.jpg 1200w\" sizes=\"(max-width: 800px) 100vw, 800px\" \/><\/a><\/span><\/div><div class=\"fusion-button-wrapper\"><a class=\"fusion-button button-flat fusion-button-default-size button-default fusion-button-default button-5 fusion-button-default-span fusion-button-default-type\" target=\"_self\" href=\"http:\/\/jmv-packaging.com\/fr\/produits\/machines-detiquetage\/lab500-etiqueteuse-universelle\/\"><span class=\"fusion-button-text awb-button__text awb-button__text--default\">LAB500 \u2013 Etiqueteuse universelle<\/span><\/a><\/div><div class=\"fusion-sep-clear\"><\/div><div class=\"fusion-separator fusion-full-width-sep\" style=\"margin-left: auto;margin-right: auto;margin-top:10px;margin-bottom:10px;width:100%;\"><\/div><div class=\"fusion-sep-clear\"><\/div><div class=\"fusion-clearfix\"><\/div><\/div><\/div><\/div><\/div><\/p>\n","protected":false},"excerpt":{"rendered":"","protected":false},"author":1,"featured_media":0,"parent":3044,"menu_order":1,"comment_status":"closed","ping_status":"closed","template":"","meta":{"_monsterinsights_skip_tracking":false,"_monsterinsights_sitenote_active":false,"_monsterinsights_sitenote_note":"","_monsterinsights_sitenote_category":0,"footnotes":""},"class_list":["post-3048","page","type-page","status-publish","hentry"],"_links":{"self":[{"href":"https:\/\/jmv-packaging.com\/fr\/wp-json\/wp\/v2\/pages\/3048","targetHints":{"allow":["GET"]}}],"collection":[{"href":"https:\/\/jmv-packaging.com\/fr\/wp-json\/wp\/v2\/pages"}],"about":[{"href":"https:\/\/jmv-packaging.com\/fr\/wp-json\/wp\/v2\/types\/page"}],"author":[{"embeddable":true,"href":"https:\/\/jmv-packaging.com\/fr\/wp-json\/wp\/v2\/users\/1"}],"replies":[{"embeddable":true,"href":"https:\/\/jmv-packaging.com\/fr\/wp-json\/wp\/v2\/comments?post=3048"}],"version-history":[{"count":6,"href":"https:\/\/jmv-packaging.com\/fr\/wp-json\/wp\/v2\/pages\/3048\/revisions"}],"predecessor-version":[{"id":5254,"href":"https:\/\/jmv-packaging.com\/fr\/wp-json\/wp\/v2\/pages\/3048\/revisions\/5254"}],"up":[{"embeddable":true,"href":"https:\/\/jmv-packaging.com\/fr\/wp-json\/wp\/v2\/pages\/3044"}],"wp:attachment":[{"href":"https:\/\/jmv-packaging.com\/fr\/wp-json\/wp\/v2\/media?parent=3048"}],"curies":[{"name":"wp","href":"https:\/\/api.w.org\/{rel}","templated":true}]}}