{"id":3068,"date":"2018-03-06T10:05:06","date_gmt":"2018-03-06T09:05:06","guid":{"rendered":"http:\/\/jmv-packaging.com\/produits\/mise-sous-emballage-de-cd-dvd\/"},"modified":"2018-08-29T20:01:30","modified_gmt":"2018-08-29T18:01:30","slug":"mise-sous-emballage-de-cd-dvd","status":"publish","type":"page","link":"https:\/\/jmv-packaging.com\/fr\/produits\/mise-sous-emballage-de-cd-dvd\/","title":{"rendered":"Mise sous emballage de CD\/DVD"},"content":{"rendered":"<p><div class=\"fusion-fullwidth fullwidth-box fusion-builder-row-1 nonhundred-percent-fullwidth non-hundred-percent-height-scrolling\" style=\"--awb-border-radius-top-left:0px;--awb-border-radius-top-right:0px;--awb-border-radius-bottom-right:0px;--awb-border-radius-bottom-left:0px;--awb-flex-wrap:wrap;\" ><div class=\"fusion-builder-row fusion-row\"><div class=\"fusion-layout-column fusion_builder_column fusion-builder-column-0 fusion_builder_column_1_1 1_1 fusion-one-full fusion-column-first fusion-column-last\" style=\"--awb-bg-size:cover;\"><div class=\"fusion-column-wrapper fusion-flex-column-wrapper-legacy\"><div class=\"fusion-text fusion-text-1\"><p>Mise sous emballage de CD\/DVD<\/p>\n<p>Les solutions de mise en bo\u00eete de JMV Robotique comprennent diff\u00e9rents types et mat\u00e9riels d\u2019emballages :<\/p>\n<p>La machine de mise en pochette est indiqu\u00e9e pour l\u2019utilisation des pochettes de papier, carton, plastique ou Tyvek.Le CD-Boxer utilise des bo\u00eetiers Jewel standard et Jewel slim.<\/p>\n<p>JMV Robotique pr\u00e9voit des solutions adapt\u00e9es \u00e0 votre charge de travail et \u00e0 votre budget avec ses machines manuelles et automatiques.<\/p>\n<\/div><div class=\"fusion-clearfix\"><\/div><\/div><\/div><\/div><\/div><div class=\"fusion-fullwidth fullwidth-box fusion-builder-row-2 nonhundred-percent-fullwidth non-hundred-percent-height-scrolling\" style=\"--awb-border-radius-top-left:0px;--awb-border-radius-top-right:0px;--awb-border-radius-bottom-right:0px;--awb-border-radius-bottom-left:0px;--awb-flex-wrap:wrap;\" ><div class=\"fusion-builder-row fusion-row\"><div class=\"fusion-layout-column fusion_builder_column fusion-builder-column-1 fusion_builder_column_1_2 1_2 fusion-one-half fusion-column-first\" style=\"--awb-bg-size:cover;width:50%;width:calc(50% - ( ( 4% ) * 0.5 ) );margin-right: 4%;\"><div class=\"fusion-column-wrapper fusion-flex-column-wrapper-legacy\"><div class=\"fusion-image-element in-legacy-container\" style=\"--awb-caption-title-font-family:var(--h2_typography-font-family);--awb-caption-title-font-weight:var(--h2_typography-font-weight);--awb-caption-title-font-style:var(--h2_typography-font-style);--awb-caption-title-size:var(--h2_typography-font-size);--awb-caption-title-transform:var(--h2_typography-text-transform);--awb-caption-title-line-height:var(--h2_typography-line-height);--awb-caption-title-letter-spacing:var(--h2_typography-letter-spacing);\"><span class=\" fusion-imageframe imageframe-none imageframe-1 hover-type-none\"><a class=\"fusion-no-lightbox\" href=\"https:\/\/jmv-packaging.com\/fr\/produits\/mise-sous-emballage-de-cd-dvd\/mep120-machine-de-mise-en-pochette-pour-cd-dvd\/\" target=\"_self\" aria-label=\"CD-DVD-Verpacker_MEP120\"><img decoding=\"async\" width=\"1200\" height=\"1200\" src=\"http:\/\/jmv-packaging.com\/wp-content\/uploads\/2018\/01\/CD-DVD-Verpacker_MEP120-1200x1200.jpg\" alt class=\"img-responsive wp-image-983\" srcset=\"https:\/\/jmv-packaging.com\/wp-content\/uploads\/2018\/01\/CD-DVD-Verpacker_MEP120-200x200.jpg 200w, https:\/\/jmv-packaging.com\/wp-content\/uploads\/2018\/01\/CD-DVD-Verpacker_MEP120-400x400.jpg 400w, https:\/\/jmv-packaging.com\/wp-content\/uploads\/2018\/01\/CD-DVD-Verpacker_MEP120-600x600.jpg 600w, https:\/\/jmv-packaging.com\/wp-content\/uploads\/2018\/01\/CD-DVD-Verpacker_MEP120-800x800.jpg 800w, https:\/\/jmv-packaging.com\/wp-content\/uploads\/2018\/01\/CD-DVD-Verpacker_MEP120.jpg 1200w\" sizes=\"(max-width: 800px) 100vw, 800px\" \/><\/a><\/span><\/div><div class=\"fusion-button-wrapper\"><a class=\"fusion-button button-flat fusion-button-default-size button-default fusion-button-default button-1 fusion-button-default-span fusion-button-default-type\" target=\"_self\" href=\"https:\/\/jmv-packaging.com\/fr\/produits\/mise-sous-emballage-de-cd-dvd\/mep120-machine-de-mise-en-pochette-pour-cd-dvd\/\"><span class=\"fusion-button-text awb-button__text awb-button__text--default\">MEP120 \u2013 Automatique Disk Sleever <\/span><\/a><\/div><div class=\"fusion-sep-clear\"><\/div><div class=\"fusion-separator fusion-full-width-sep\" style=\"margin-left: auto;margin-right: auto;margin-top:10px;margin-bottom:10px;width:100%;\"><\/div><div class=\"fusion-sep-clear\"><\/div><div class=\"fusion-image-element in-legacy-container\" style=\"--awb-caption-title-font-family:var(--h2_typography-font-family);--awb-caption-title-font-weight:var(--h2_typography-font-weight);--awb-caption-title-font-style:var(--h2_typography-font-style);--awb-caption-title-size:var(--h2_typography-font-size);--awb-caption-title-transform:var(--h2_typography-text-transform);--awb-caption-title-line-height:var(--h2_typography-line-height);--awb-caption-title-letter-spacing:var(--h2_typography-letter-spacing);\"><span class=\" fusion-imageframe imageframe-none imageframe-2 hover-type-none\"><a class=\"fusion-no-lightbox\" href=\"http:\/\/jmv-packaging.com\/fr\/produits\/mise-sous-emballage-de-cd-dvd\/dvd100-aide-montage-pour-boitiers-dvd\/\" target=\"_self\" aria-label=\"DVD-Montagestation_DVD100\"><img decoding=\"async\" width=\"1200\" height=\"1200\" src=\"http:\/\/jmv-packaging.com\/wp-content\/uploads\/2018\/01\/DVD-Montagestation_DVD100-1200x1200.jpg\" alt class=\"img-responsive wp-image-1019\" srcset=\"https:\/\/jmv-packaging.com\/wp-content\/uploads\/2018\/01\/DVD-Montagestation_DVD100-200x200.jpg 200w, https:\/\/jmv-packaging.com\/wp-content\/uploads\/2018\/01\/DVD-Montagestation_DVD100-400x400.jpg 400w, https:\/\/jmv-packaging.com\/wp-content\/uploads\/2018\/01\/DVD-Montagestation_DVD100-600x600.jpg 600w, https:\/\/jmv-packaging.com\/wp-content\/uploads\/2018\/01\/DVD-Montagestation_DVD100-800x800.jpg 800w, https:\/\/jmv-packaging.com\/wp-content\/uploads\/2018\/01\/DVD-Montagestation_DVD100.jpg 1200w\" sizes=\"(max-width: 800px) 100vw, 800px\" \/><\/a><\/span><\/div><div class=\"fusion-button-wrapper\"><a class=\"fusion-button button-flat fusion-button-default-size button-default fusion-button-default button-2 fusion-button-default-span fusion-button-default-type\" target=\"_self\" href=\"http:\/\/jmv-packaging.com\/fr\/produits\/mise-sous-emballage-de-cd-dvd\/dvd100-aide-montage-pour-boitiers-dvd\/\"><span class=\"fusion-button-text awb-button__text awb-button__text--default\">DVD100 &#8211; Aide-montage pour bo\u00eetiers DVD<\/span><\/a><\/div><div class=\"fusion-sep-clear\"><\/div><div class=\"fusion-separator fusion-full-width-sep\" style=\"margin-left: auto;margin-right: auto;margin-top:10px;margin-bottom:10px;width:100%;\"><\/div><div class=\"fusion-sep-clear\"><\/div><div class=\"fusion-clearfix\"><\/div><\/div><\/div><div class=\"fusion-layout-column fusion_builder_column fusion-builder-column-2 fusion_builder_column_1_2 1_2 fusion-one-half fusion-column-last\" style=\"--awb-bg-size:cover;width:50%;width:calc(50% - ( ( 4% ) * 0.5 ) );\"><div class=\"fusion-column-wrapper fusion-flex-column-wrapper-legacy\"><div class=\"fusion-image-element in-legacy-container\" style=\"--awb-caption-title-font-family:var(--h2_typography-font-family);--awb-caption-title-font-weight:var(--h2_typography-font-weight);--awb-caption-title-font-style:var(--h2_typography-font-style);--awb-caption-title-size:var(--h2_typography-font-size);--awb-caption-title-transform:var(--h2_typography-text-transform);--awb-caption-title-line-height:var(--h2_typography-line-height);--awb-caption-title-letter-spacing:var(--h2_typography-letter-spacing);\"><span class=\" fusion-imageframe imageframe-none imageframe-3 hover-type-none\"><a class=\"fusion-no-lightbox\" href=\"http:\/\/jmv-packaging.com\/fr\/produits\/mise-sous-emballage-de-cd-dvd\/ff130-fermeture-de-rabat-de-pochettes\/\" target=\"_self\" aria-label=\"Automatischer-Flap-Sealer_F\"><img decoding=\"async\" width=\"1200\" height=\"1200\" src=\"http:\/\/jmv-packaging.com\/wp-content\/uploads\/2018\/01\/Automatischer-Flap-Sealer_F-1200x1200.jpg\" alt class=\"img-responsive wp-image-1013\" srcset=\"https:\/\/jmv-packaging.com\/wp-content\/uploads\/2018\/01\/Automatischer-Flap-Sealer_F-200x200.jpg 200w, https:\/\/jmv-packaging.com\/wp-content\/uploads\/2018\/01\/Automatischer-Flap-Sealer_F-400x400.jpg 400w, https:\/\/jmv-packaging.com\/wp-content\/uploads\/2018\/01\/Automatischer-Flap-Sealer_F-600x600.jpg 600w, https:\/\/jmv-packaging.com\/wp-content\/uploads\/2018\/01\/Automatischer-Flap-Sealer_F-800x800.jpg 800w, https:\/\/jmv-packaging.com\/wp-content\/uploads\/2018\/01\/Automatischer-Flap-Sealer_F.jpg 1200w\" sizes=\"(max-width: 800px) 100vw, 800px\" \/><\/a><\/span><\/div><div class=\"fusion-button-wrapper\"><a class=\"fusion-button button-flat fusion-button-default-size button-default fusion-button-default button-3 fusion-button-default-span fusion-button-default-type\" target=\"_self\" href=\"http:\/\/jmv-packaging.com\/fr\/produits\/mise-sous-emballage-de-cd-dvd\/ff130-fermeture-de-rabat-de-pochettes\/\"><span class=\"fusion-button-text awb-button__text awb-button__text--default\">FF130 &#8211; Fermeture automatique de rabat<\/span><\/a><\/div><div class=\"fusion-sep-clear\"><\/div><div class=\"fusion-separator fusion-full-width-sep\" style=\"margin-left: auto;margin-right: auto;margin-top:10px;margin-bottom:10px;width:100%;\"><\/div><div class=\"fusion-sep-clear\"><\/div><div class=\"fusion-image-element in-legacy-container\" style=\"--awb-caption-title-font-family:var(--h2_typography-font-family);--awb-caption-title-font-weight:var(--h2_typography-font-weight);--awb-caption-title-font-style:var(--h2_typography-font-style);--awb-caption-title-size:var(--h2_typography-font-size);--awb-caption-title-transform:var(--h2_typography-text-transform);--awb-caption-title-line-height:var(--h2_typography-line-height);--awb-caption-title-letter-spacing:var(--h2_typography-letter-spacing);\"><span class=\" fusion-imageframe imageframe-none imageframe-4 hover-type-none\"><a class=\"fusion-no-lightbox\" href=\"http:\/\/jmv-packaging.com\/fr\/produits\/mise-sous-emballage-de-cd-dvd\/bcd100-cd-boxer-semi-automatique\/\" target=\"_self\" aria-label=\"Halbautomatischer-CD-Packer\"><img decoding=\"async\" width=\"1200\" height=\"1200\" src=\"http:\/\/jmv-packaging.com\/wp-content\/uploads\/2018\/01\/Halbautomatischer-CD-Packer-1200x1200.jpg\" alt class=\"img-responsive wp-image-1025\" srcset=\"https:\/\/jmv-packaging.com\/wp-content\/uploads\/2018\/01\/Halbautomatischer-CD-Packer-200x200.jpg 200w, https:\/\/jmv-packaging.com\/wp-content\/uploads\/2018\/01\/Halbautomatischer-CD-Packer-400x400.jpg 400w, https:\/\/jmv-packaging.com\/wp-content\/uploads\/2018\/01\/Halbautomatischer-CD-Packer-600x600.jpg 600w, https:\/\/jmv-packaging.com\/wp-content\/uploads\/2018\/01\/Halbautomatischer-CD-Packer-800x800.jpg 800w, https:\/\/jmv-packaging.com\/wp-content\/uploads\/2018\/01\/Halbautomatischer-CD-Packer.jpg 1200w\" sizes=\"(max-width: 800px) 100vw, 800px\" \/><\/a><\/span><\/div><div class=\"fusion-button-wrapper\"><a class=\"fusion-button button-flat fusion-button-default-size button-default fusion-button-default button-4 fusion-button-default-span fusion-button-default-type\" target=\"_self\" href=\"http:\/\/jmv-packaging.com\/fr\/produits\/mise-sous-emballage-de-cd-dvd\/bcd100-cd-boxer-semi-automatique\/\"><span class=\"fusion-button-text awb-button__text awb-button__text--default\">BCD100 &#8211; Emballeur de CD semi-automatique<\/span><\/a><\/div><div class=\"fusion-clearfix\"><\/div><\/div><\/div><\/div><\/div><\/p>\n","protected":false},"excerpt":{"rendered":"","protected":false},"author":1,"featured_media":0,"parent":3044,"menu_order":2,"comment_status":"closed","ping_status":"closed","template":"","meta":{"_monsterinsights_skip_tracking":false,"_monsterinsights_sitenote_active":false,"_monsterinsights_sitenote_note":"","_monsterinsights_sitenote_category":0,"footnotes":""},"class_list":["post-3068","page","type-page","status-publish","hentry"],"_links":{"self":[{"href":"https:\/\/jmv-packaging.com\/fr\/wp-json\/wp\/v2\/pages\/3068","targetHints":{"allow":["GET"]}}],"collection":[{"href":"https:\/\/jmv-packaging.com\/fr\/wp-json\/wp\/v2\/pages"}],"about":[{"href":"https:\/\/jmv-packaging.com\/fr\/wp-json\/wp\/v2\/types\/page"}],"author":[{"embeddable":true,"href":"https:\/\/jmv-packaging.com\/fr\/wp-json\/wp\/v2\/users\/1"}],"replies":[{"embeddable":true,"href":"https:\/\/jmv-packaging.com\/fr\/wp-json\/wp\/v2\/comments?post=3068"}],"version-history":[{"count":6,"href":"https:\/\/jmv-packaging.com\/fr\/wp-json\/wp\/v2\/pages\/3068\/revisions"}],"predecessor-version":[{"id":5256,"href":"https:\/\/jmv-packaging.com\/fr\/wp-json\/wp\/v2\/pages\/3068\/revisions\/5256"}],"up":[{"embeddable":true,"href":"https:\/\/jmv-packaging.com\/fr\/wp-json\/wp\/v2\/pages\/3044"}],"wp:attachment":[{"href":"https:\/\/jmv-packaging.com\/fr\/wp-json\/wp\/v2\/media?parent=3068"}],"curies":[{"name":"wp","href":"https:\/\/api.w.org\/{rel}","templated":true}]}}