{"id":3266,"date":"2018-03-06T22:06:31","date_gmt":"2018-03-06T21:06:31","guid":{"rendered":"http:\/\/jmv-packaging.com\/produits\/emballer-sous-cellophane\/cdc160-cellophaneuse-pour-boitiers-dvd\/"},"modified":"2018-03-09T01:04:50","modified_gmt":"2018-03-09T00:04:50","slug":"cdc160-cellophaneuse-pour-boitiers-dvd","status":"publish","type":"page","link":"https:\/\/jmv-packaging.com\/fr\/produits\/emballer-sous-cellophane\/cdc160-cellophaneuse-pour-boitiers-dvd\/","title":{"rendered":"CDC160 &#8211; Cellophaneuse pour bo\u00eetiers DVD-Amaray"},"content":{"rendered":"<p><div class=\"fusion-fullwidth fullwidth-box fusion-builder-row-1 nonhundred-percent-fullwidth non-hundred-percent-height-scrolling\" style=\"--awb-border-radius-top-left:0px;--awb-border-radius-top-right:0px;--awb-border-radius-bottom-right:0px;--awb-border-radius-bottom-left:0px;--awb-background-color:#5fb3ce;--awb-flex-wrap:wrap;\" ><div class=\"fusion-builder-row fusion-row\"><div class=\"fusion-layout-column fusion_builder_column fusion-builder-column-0 fusion_builder_column_1_1 1_1 fusion-one-full fusion-column-first fusion-column-last\" style=\"--awb-bg-size:cover;\"><div class=\"fusion-column-wrapper fusion-flex-column-wrapper-legacy\"><div class=\"fusion-text fusion-text-1\"><h1 style=\"text-align: center;\"><span style=\"color: #ffffff;\"><span id=\"result_box\" class=\"short_text\" lang=\"fr\"><span class=\"\">Emball\u00e9 jusqu&rsquo;\u00e0 200 caisses par heure<\/span><\/span><\/span><\/h1>\n<\/div><div class=\"fusion-clearfix\"><\/div><\/div><\/div><\/div><\/div><div class=\"fusion-fullwidth fullwidth-box fusion-builder-row-2 nonhundred-percent-fullwidth non-hundred-percent-height-scrolling\" style=\"--awb-border-radius-top-left:0px;--awb-border-radius-top-right:0px;--awb-border-radius-bottom-right:0px;--awb-border-radius-bottom-left:0px;--awb-margin-bottom:30px;--awb-flex-wrap:wrap;\" ><div class=\"fusion-builder-row fusion-row\"><div class=\"fusion-layout-column fusion_builder_column fusion-builder-column-1 fusion_builder_column_1_1 1_1 fusion-one-full fusion-column-first fusion-column-last\" style=\"--awb-bg-size:cover;\"><div class=\"fusion-column-wrapper fusion-flex-column-wrapper-legacy\"><div class=\"fusion-section-separator section-separator triangle fusion-section-separator-1\" style=\"--awb-border-bottom:1px solid #f6f6f6;--awb-spacer-height:1px;--awb-svg-margin-left:0;--awb-svg-margin-right:0;--awb-icon-color:#ffffff;\"><div class=\"fusion-section-separator-svg\"><div class=\"divider-candy-arrow bottom\" style=\"top:0px;border-top-color: #5fb3ce;\"><\/div><div class=\"divider-candy bottom\" style=\"bottom:-21px;border-bottom:1px solid #f6f6f6;border-left:1px solid #f6f6f6;\"><\/div><\/div><div class=\"fusion-section-separator-spacer\"><div class=\"fusion-section-separator-spacer-height\"><\/div><\/div><\/div><div class=\"fusion-clearfix\"><\/div><\/div><\/div><\/div><\/div><div class=\"fusion-fullwidth fullwidth-box fusion-builder-row-3 nonhundred-percent-fullwidth non-hundred-percent-height-scrolling\" style=\"--awb-border-radius-top-left:0px;--awb-border-radius-top-right:0px;--awb-border-radius-bottom-right:0px;--awb-border-radius-bottom-left:0px;--awb-flex-wrap:wrap;\" ><div class=\"fusion-builder-row fusion-row\"><div class=\"fusion-layout-column fusion_builder_column fusion-builder-column-2 fusion_builder_column_1_1 1_1 fusion-one-full fusion-column-first fusion-column-last\" style=\"--awb-bg-size:cover;\"><div class=\"fusion-column-wrapper fusion-flex-column-wrapper-legacy\"><div class=\"fusion-content-boxes content-boxes columns row fusion-columns-2 fusion-columns-total-2 fusion-content-boxes-1 content-boxes-icon-with-title content-left\" style=\"--awb-hover-accent-color:#1a80b6;--awb-circle-hover-accent-color:#1a80b6;\" data-animationOffset=\"top-into-view\"><div style=\"--awb-backgroundcolor:rgba(255,255,255,0);\" class=\"fusion-column content-box-column content-box-column content-box-column-1 col-lg-6 col-md-6 col-sm-6 fusion-content-box-hover content-box-column-first-in-row\"><div class=\"col content-box-wrapper content-wrapper link-area-link-icon icon-hover-animation-fade\" data-animationOffset=\"top-into-view\"><div class=\"heading icon-left\"><h2 class=\"content-box-heading\" style=\"--h2_typography-font-size:18px;line-height:23px;\">CDC160 - \u00c9tuis pour Cellophane DVD-Amaray<\/h2><\/div><div class=\"fusion-clearfix\"><\/div><div class=\"content-container\">\n<p><img decoding=\"async\" class=\"size-600 wp-image-326 aligncenter\" src=\"http:\/\/jmv-packaging.com\/wp-content\/uploads\/2018\/01\/dvd-amaray-cases.jpg\" alt=\"\" width=\"600\" height=\"600\" srcset=\"https:\/\/jmv-packaging.com\/wp-content\/uploads\/2018\/01\/dvd-amaray-cases-66x66.jpg 66w, https:\/\/jmv-packaging.com\/wp-content\/uploads\/2018\/01\/dvd-amaray-cases-150x150.jpg 150w, https:\/\/jmv-packaging.com\/wp-content\/uploads\/2018\/01\/dvd-amaray-cases-200x200.jpg 200w, https:\/\/jmv-packaging.com\/wp-content\/uploads\/2018\/01\/dvd-amaray-cases-300x300.jpg 300w, https:\/\/jmv-packaging.com\/wp-content\/uploads\/2018\/01\/dvd-amaray-cases-400x400.jpg 400w, https:\/\/jmv-packaging.com\/wp-content\/uploads\/2018\/01\/dvd-amaray-cases-600x600.jpg 600w, https:\/\/jmv-packaging.com\/wp-content\/uploads\/2018\/01\/dvd-amaray-cases-768x768.jpg 768w, https:\/\/jmv-packaging.com\/wp-content\/uploads\/2018\/01\/dvd-amaray-cases-800x800.jpg 800w, https:\/\/jmv-packaging.com\/wp-content\/uploads\/2018\/01\/dvd-amaray-cases-1024x1024.jpg 1024w, https:\/\/jmv-packaging.com\/wp-content\/uploads\/2018\/01\/dvd-amaray-cases.jpg 1200w\" sizes=\"(max-width: 600px) 100vw, 600px\" \/><\/p>\n<\/div><\/div><\/div><div style=\"--awb-backgroundcolor:rgba(255,255,255,0);\" class=\"fusion-column content-box-column content-box-column content-box-column-2 col-lg-6 col-md-6 col-sm-6 fusion-content-box-hover content-box-column-last content-box-column-last-in-row\"><div class=\"col content-box-wrapper content-wrapper link-area-link-icon icon-hover-animation-fade\" data-animationOffset=\"top-into-view\"><div class=\"heading icon-left\"><h2 class=\"content-box-heading\" style=\"--h2_typography-font-size:18px;line-height:23px;\">Machine Cellophane et de conditionnement des boxes DVD type Amaray<\/h2><\/div><div class=\"fusion-clearfix\"><\/div><div class=\"content-container\">\n<p>La s\u00e9rie de cellophaneuses CDC100 de JMV Robotique permet la cellophanage des petits \u00e0 moyennes quantit\u00e9s de bo\u00eetiers CD \/ DVD avec une qualit\u00e9 qui \u00e9quivaut \u00e0 celle obtenue avec les syst\u00e8mes industriels \u00e0 grosse capacit\u00e9.<\/p>\n<p>Disponible pour des bo\u00eetiers Jewel standards (CDC100), Jewel slim (CDC140), et aussi pour les bo\u00eetiers DVD de type, \u201cAmaray\u201d (CDC160), ces machines de table sont faites pour de petites et moyennes s\u00e9ries de fabrication de disques. Cette solution efficace et bon march\u00e9 permet une pr\u00e9sentation professionnelle et un maximum de flexibilit\u00e9, \u00e0 un dixi\u00e8me de co\u00fbt d\u2019un \u00e9quipement industriel.<br \/>\nSimple d\u2019utilisation<\/p>\n<p>L\u2019utilisation semi-automatique est simple et efficace. Une feuille de polypropyl\u00e8ne, pr\u00e9d\u00e9coup\u00e9e aux dimensions requises, est pr\u00e9sent\u00e9e manuellement pour souder le devant du bo\u00eetier. Ensuite le bo\u00eetier est plac\u00e9 dans le r\u00e9servoir, le pliage et le soudage lat\u00e9ral sont enti\u00e8rement automatiques.<\/p>\n<p>Le r\u00e9sultat est un pliage parfait et une soudure professionnelle du bo\u00eetier CD \/ DVD. La temp\u00e9rature de soudure est contr\u00f4l\u00e9e \u00e9lectroniquement et peut \u00eatre ajust\u00e9e pour s\u2019adapter \u00e0 la qualit\u00e9 de la cellophane utilis\u00e9e. Une s\u00e9curit\u00e9 \u00e9lectronique prot\u00e8ge les organes m\u00e9caniques contre toute fausse manipulation.<\/p>\n<p>Les feuilles de polypropyl\u00e8ne pr\u00e9d\u00e9coup\u00e9es sont disponibles en carton de 10.000 unit\u00e9s. Avec une finition professionnelle vos bo\u00eetiers CD \/ DVD se pr\u00e9sentent bien sur les \u00e9tag\u00e8res des \u00e9tablissements commerciaux, et tout cela pour un co\u00fbt de sous-traitance r\u00e9duit.<\/p>\n<\/div><\/div><\/div><div class=\"fusion-clearfix\"><\/div><\/div><div class=\"fusion-content-boxes content-boxes columns row fusion-columns-2 fusion-columns-total-2 fusion-content-boxes-2 content-boxes-icon-with-title content-left\" style=\"--awb-hover-accent-color:#1a80b6;--awb-circle-hover-accent-color:#1a80b6;\" data-animationOffset=\"top-into-view\"><div style=\"--awb-backgroundcolor:rgba(255,255,255,0);\" class=\"fusion-column content-box-column content-box-column content-box-column-1 col-lg-6 col-md-6 col-sm-6 fusion-content-box-hover content-box-column-first-in-row\"><div class=\"col content-box-wrapper content-wrapper link-area-link-icon icon-hover-animation-fade\" data-animationOffset=\"top-into-view\"><div class=\"heading heading-with-icon icon-left\"><div class=\"icon\"><i style=\"border-color:#333333;border-width:1px;background-color:#333333;box-sizing:content-box;height:42px;width:42px;line-height:42px;border-radius:50%;font-size:21px;\" aria-hidden=\"true\" class=\"fontawesome-icon fa fa-chevron-right circle-yes\"><\/i><\/div><h2 class=\"content-box-heading\" style=\"--h2_typography-font-size:18px;line-height:23px;\">Caract\u00e9ristiques:<\/h2><\/div><div class=\"fusion-clearfix\"><\/div><div class=\"content-container\">\n<ul>\n<li>Emballage de qualit\u00e9 professionnelle<\/li>\n<li>Mieux que les films r\u00e9tractables<\/li>\n<li>Appareil de table &#8211; transportable<\/li>\n<li>Emballage jusqu&rsquo;\u00e0 200 cartons \/ heure<\/li>\n<li>Investissement \u00e0 moindre co\u00fbt<\/li>\n<li>Fonctionnement semi-automatique<\/li>\n<\/ul>\n<\/div><\/div><\/div><div style=\"--awb-backgroundcolor:rgba(255,255,255,0);\" class=\"fusion-column content-box-column content-box-column content-box-column-2 col-lg-6 col-md-6 col-sm-6 fusion-content-box-hover content-box-column-last content-box-column-last-in-row\"><div class=\"col content-box-wrapper content-wrapper link-area-link-icon icon-hover-animation-fade\" data-animationOffset=\"top-into-view\"><div class=\"heading heading-with-icon icon-left\"><div class=\"icon\"><i style=\"border-color:#333333;border-width:1px;background-color:#333333;box-sizing:content-box;height:42px;width:42px;line-height:42px;border-radius:50%;font-size:21px;\" aria-hidden=\"true\" class=\"fontawesome-icon fa fa-chevron-right circle-yes\"><\/i><\/div><h2 class=\"content-box-heading\" style=\"--h2_typography-font-size:18px;line-height:23px;\">Informations suppl\u00e9mentaires<\/h2><\/div><div class=\"fusion-clearfix\"><\/div><div class=\"content-container\">\n<h2><strong><span id=\"result_box\" class=\"short_text\" lang=\"fr\"><span class=\"\">Sp\u00e9cifications techniques<\/span><\/span>:<\/strong><\/h2>\n<div class=\"fusion-button-wrapper\"><a class=\"fusion-button button-flat fusion-button-default-size button-default fusion-button-default button-1 fusion-button-default-span fusion-button-default-type\" target=\"_blank\" rel=\"noopener noreferrer\" href=\"#\"><span class=\"fusion-button-text awb-button__text awb-button__text--default\"><span id=\"result_box\" class=\"short_text\" lang=\"fr\"><span class=\"\">T\u00e9l\u00e9charger le PDF<\/span><\/span><\/span><\/a><\/div>\n<div class=\"fusion-sep-clear\"><\/div><div class=\"fusion-separator fusion-full-width-sep\" style=\"margin-left: auto;margin-right: auto;margin-top:10px;margin-bottom:10px;width:100%;\"><\/div><div class=\"fusion-sep-clear\"><\/div>\n<h2><strong><span id=\"result_box\" class=\"short_text\" lang=\"fr\"><span class=\"\">Commandez en ligne maintenant:<\/span><\/span><\/strong><\/h2>\n<div class=\"fusion-button-wrapper\"><a class=\"fusion-button button-flat fusion-button-default-size button-default fusion-button-default button-2 fusion-button-default-span fusion-button-default-type\" target=\"_blank\" rel=\"noopener noreferrer\" href=\"https:\/\/adr-shop.com\"><span class=\"fusion-button-text awb-button__text awb-button__text--default\"><span id=\"result_box\" class=\"short_text\" lang=\"fr\"><span class=\"\">Directement \u00e0 la boutique<\/span><\/span>!<\/span><\/a><\/div>\n<\/div><\/div><\/div><div class=\"fusion-clearfix\"><\/div><\/div>\t\t\t\t<div class=\"fusion-clearfix\"><\/div><\/div><\/div><\/div><\/div><\/p>\n","protected":false},"excerpt":{"rendered":"","protected":false},"author":1,"featured_media":0,"parent":3176,"menu_order":3,"comment_status":"closed","ping_status":"closed","template":"","meta":{"_monsterinsights_skip_tracking":false,"_monsterinsights_sitenote_active":false,"_monsterinsights_sitenote_note":"","_monsterinsights_sitenote_category":0,"footnotes":""},"class_list":["post-3266","page","type-page","status-publish","hentry"],"_links":{"self":[{"href":"https:\/\/jmv-packaging.com\/fr\/wp-json\/wp\/v2\/pages\/3266","targetHints":{"allow":["GET"]}}],"collection":[{"href":"https:\/\/jmv-packaging.com\/fr\/wp-json\/wp\/v2\/pages"}],"about":[{"href":"https:\/\/jmv-packaging.com\/fr\/wp-json\/wp\/v2\/types\/page"}],"author":[{"embeddable":true,"href":"https:\/\/jmv-packaging.com\/fr\/wp-json\/wp\/v2\/users\/1"}],"replies":[{"embeddable":true,"href":"https:\/\/jmv-packaging.com\/fr\/wp-json\/wp\/v2\/comments?post=3266"}],"version-history":[{"count":16,"href":"https:\/\/jmv-packaging.com\/fr\/wp-json\/wp\/v2\/pages\/3266\/revisions"}],"predecessor-version":[{"id":3774,"href":"https:\/\/jmv-packaging.com\/fr\/wp-json\/wp\/v2\/pages\/3266\/revisions\/3774"}],"up":[{"embeddable":true,"href":"https:\/\/jmv-packaging.com\/fr\/wp-json\/wp\/v2\/pages\/3176"}],"wp:attachment":[{"href":"https:\/\/jmv-packaging.com\/fr\/wp-json\/wp\/v2\/media?parent=3266"}],"curies":[{"name":"wp","href":"https:\/\/api.w.org\/{rel}","templated":true}]}}