{"id":4310,"date":"2018-04-23T12:46:29","date_gmt":"2018-04-23T10:46:29","guid":{"rendered":"http:\/\/jmv-packaging.com\/politique-de-confidentialite\/"},"modified":"2018-04-23T12:46:38","modified_gmt":"2018-04-23T10:46:38","slug":"politique-de-confidentialite","status":"publish","type":"page","link":"https:\/\/jmv-packaging.com\/fr\/politique-de-confidentialite\/","title":{"rendered":"Politique de confidentialit\u00e9"},"content":{"rendered":"<div class=\"fusion-fullwidth fullwidth-box fusion-builder-row-1 nonhundred-percent-fullwidth non-hundred-percent-height-scrolling\" style=\"--awb-border-radius-top-left:0px;--awb-border-radius-top-right:0px;--awb-border-radius-bottom-right:0px;--awb-border-radius-bottom-left:0px;--awb-flex-wrap:wrap;\" ><div class=\"fusion-builder-row fusion-row\"><div class=\"fusion-layout-column fusion_builder_column fusion-builder-column-0 fusion_builder_column_1_1 1_1 fusion-one-full fusion-column-first fusion-column-last\" style=\"--awb-padding-top:;--awb-padding-right:;--awb-padding-bottom:;--awb-padding-left:;--awb-bg-size:cover;\"><div class=\"fusion-column-wrapper fusion-flex-column-wrapper-legacy\"><div class=\"fusion-text fusion-text-1\"><p><strong>Datenschutzhinweise<\/strong><\/p>\n<p>der ADR AG &#8211; Advanced Digital Research<br \/> Ludwig-Wagner-Str. 19<br \/> 69168 Wiesloch<\/p>\n<p><strong>Inhalt:<\/strong><\/p>\n<ol>\n<li>Name und Kontaktdaten der verantwortlichen Stelle<\/li>\n<li>Erhebung und Speicherung personenbezogener Daten; Art, Zweck und Verwendung<\/li>\n<li>Weitergabe von Daten an Dritte<\/li>\n<li>Ihre Rechte als betroffene Person<\/li>\n<li>Ihr Recht auf Widerspruch<\/li>\n<li>Datenverarbeitung \u00fcber unsere Website<\/li>\n<\/ol>\n<p>1. Name und Kontaktdaten der verantwortlichen Stelle<br \/> Diese Datenschutzhinweise gelten f\u00fcr uns,<\/p>\n<p>ADR AG &#8211; Advanced Digital Research<br \/> Ludwig-Wagner-Str. 19<br \/> 69168 Wiesloch<\/p>\n<p class=\"phone\">Phone: +49 (0)6222-9388-0<br \/> Fax: +49 (0)6222-9388-50<br \/> Email: <a href=\"mailto:info@adr-ag.com\" data-mce-href=\"mailto:info@adr-ag.com\">info@adr-ag.com<br \/> <\/a>Web: <a href=\"http:\/\/adr-ag.com\" data-mce-href=\"http:\/\/adr-ag.com\">www.adr-ag.com<\/a><br data-mce-bogus=\"1\"><\/p>\n<p>als verantwortliche Stelle.<\/p>\n<p>2. Erhebung und Speicherung personenbezogener Daten; Art, Zweck und Verwendung<\/p>\n<p>Wenn Sie uns beauftragen, werden folgende Informationen erhoben:<br \/> &#8211; Anrede, Titel, Vorname, Nachname<br \/> &#8211; Anschrift<br \/> &#8211; E-Mail-Adresse<br \/> &#8211; Telefonnummer (Festnetz und\/oder Mobilfunk)<br \/> &#8211; ggf. Faxnummer (wenn vorhanden &amp; gew\u00fcnscht)<br \/> &#8211; ggf. Kontodaten<br \/> &#8211; ggf. Geburtsdatum<\/p>\n<p>Au\u00dferdem werden alle Informationen erhoben, die f\u00fcr die Erf\u00fcllung des Vertrages mit Ihnen<br \/> notwendig sind.<\/p>\n<p>Die Erhebung der personenbezogenen Daten erfolgt,<br \/> &#8211; um Sie als Kunden identifizieren zu k\u00f6nnen;<br \/> &#8211; um Sie angemessen beraten zu k\u00f6nnen;<br \/> &#8211; um unsere vertraglichen Pflichten Ihnen gegen\u00fcber erf\u00fcllen zu k\u00f6nnen;<br \/> &#8211; um unseren gesetzlichen Verpflichtungen nachkommen zu k\u00f6nnen:<br \/> &#8211; zur Korrespondenz mit Ihnen;<br \/> &#8211; zur Rechnungsstellung bzw. ggf. im Rahmen des Mahnwesens;<br \/> &#8211; zu Zwecken der zul\u00e4ssigen Direktwerbung;<br \/> &#8211; zur Geltendmachung etwaiger Anspr\u00fcche gegen Sie.<\/p>\n<p>Die Verarbeitung der personenbezogenen Daten erfolgt anl\u00e4sslich Ihrer Anfrage bei uns und ist zu<br \/> den genannten Zwecken f\u00fcr die Bearbeitung Ihres Auftrags und f\u00fcr die Erf\u00fcllung von Verpflichtungen<br \/> aus dem zugrundeliegenden Vertrag erforderlich.<\/p>\n<p>Die erhobenen personenbezogenen Daten werden bis zum Ablauf der gesetzlichen<br \/> Aufbewahrungspflicht f\u00fcr Kaufleute (6, 8 oder 10 Jahre nach Ablauf des Kalenderjahres, in dem das<br \/> Vertragsverh\u00e4ltnis beendet wurde,) gespeichert und danach gel\u00f6scht. Dies gilt ausnahmsweise nicht,<br \/> wenn wir aufgrund von steuer- oder handelsrechtlichen Aufbewahrungspflichten (gem\u00e4\u00df HGB, StGB<br \/> oder AO) zu einer l\u00e4ngeren Speicherung verpflichtet sind oder wenn Sie in eine dar\u00fcber<br \/> hinausgehende Speicherung eingewilligt haben.<\/p>\n<p>3. Weitergabe von Daten an Dritte<\/p>\n<p>Eine \u00dcbermittlung Ihrer personenbezogenen Daten an Dritte findet grunds\u00e4tzlich nicht statt.<br \/> Ausnahmen hiervon gelten nur, soweit dies f\u00fcr die Abwicklung von Vertragsverh\u00e4ltnissen mit Ihnen<br \/> erforderlich ist. Hierzu z\u00e4hlt insbesondere die Weitergabe an von uns beauftragte Dienstleister (sog.<br \/> Auftragsverarbeiter) oder sonstige Dritte, deren T\u00e4tigkeit f\u00fcr die Vertragsdurchf\u00fchrung erforderlich<br \/> ist (z.B. Versandunternehmen oder Banken). Die weitergegebenen Daten d\u00fcrfen von den Dritten<br \/> ausschlie\u00dflich zu den genannten Zwecken verwendet werden.<\/p>\n<p>4. Ihre Rechte als betroffene Person<\/p>\n<p>Ihnen als von der Datenverarbeitung betroffenen Person stehen verschiedene Rechte zu:<br \/> &#8211; Widerrufsrecht: Von Ihnen erteilte Einwilligungen k\u00f6nnen Sie jederzeit uns gegen\u00fcber widerrufen.<br \/> Die Datenverarbeitung, die auf der widerrufenen Einwilligung beruht, darf dann f\u00fcr die Zukunft nicht<br \/> mehr fortgef\u00fchrt werden.<\/p>\n<p>&#8211; Auskunftsrecht: Sie k\u00f6nnen Auskunft \u00fcber Ihre von uns verarbeiteten personenbezogenen Daten<br \/> verlangen. Dies gilt insbesondere f\u00fcr die Zwecke der Datenverarbeitungen, die Kategorien der<br \/> personenbezogenen Daten, ggf. die Kategorien von Empf\u00e4ngern, die Speicherdauer, ggf. die Herkunft<br \/> Ihrer Daten sowie ggf. f\u00fcr das Bestehen einer automatisierten Entscheidungsfindung einschlie\u00dflich<br \/> Profiling und ggf. aussagekr\u00e4ftigen Informationen zu deren Details.<br \/> &#8211; Berichtigungsrecht: Sie k\u00f6nnen die Berichtigung unrichtiger oder die Vervollst\u00e4ndigung Ihrer bei uns<br \/> gespeicherten personenbezogenen Daten verlangen.<\/p>\n<p>&#8211; L\u00f6schungsrecht: Sie k\u00f6nnen die L\u00f6schung Ihrer bei uns gespeicherten personenbezogenen Daten<br \/> verlangen, soweit deren Verarbeitung nicht zur Aus\u00fcbung des Rechts auf freie Meinungs\u00e4u\u00dferung<br \/> und Information, zur Erf\u00fcllung einer rechtlichen Verpflichtung, aus Gr\u00fcnden des \u00f6ffentlichen<br \/> Interesses oder zur Geltendmachung, Aus\u00fcbung oder Verteidigung von Rechtsanspr\u00fcchen<br \/> erforderlich ist.<\/p>\n<p>&#8211; Recht auf Einschr\u00e4nkung der Verarbeitung: Sie k\u00f6nnen die Einschr\u00e4nkung der Verarbeitung Ihrer<br \/> personenbezogenen Daten verlangen, soweit die Richtigkeit der Daten von Ihnen bestritten wird, die<br \/> Verarbeitung unrechtm\u00e4\u00dfig ist, Sie aber deren L\u00f6schung ablehnen. Au\u00dferdem steht Ihnen dieses<br \/> Recht zu, wenn wir die Daten nicht mehr ben\u00f6tigen, Sie diese jedoch zur Geltendmachung, Aus\u00fcbung<br \/> oder Verteidigung von Rechtsanspr\u00fcchen ben\u00f6tigen. Dar\u00fcber hinaus haben Sie dieses Recht, wenn<br \/> Sie Widerspruch gegen die Verarbeitung Ihrer personenbezogenen Daten eingelegt haben;<br \/> &#8211; Recht auf Daten\u00fcbertragbarkeit: Sie k\u00f6nnen verlangen, dass wir Ihnen Ihre personenbezogenen<br \/> Daten, die Sie uns bereitgestellt haben, in einem strukturierten, g\u00e4ngigen und maschinenlesebaren<br \/> Format \u00fcbermitteln. Alternativ k\u00f6nnen Sie die direkte \u00dcbermittlung der von Ihnen uns<br \/> bereitgestellten personenbezogenen Daten an einen anderen Verantwortlichen verlangen, soweit<br \/> dies m\u00f6glich ist.<\/p>\n<p>&#8211; Beschwerderecht: Sie k\u00f6nnen sich bei der f\u00fcr uns zust\u00e4ndigen Aufsichtsbeh\u00f6rde beschweren, z.B.<br \/> wenn Sie der Ansicht sind, dass wir Ihre personenbezogenen Daten in unrechtm\u00e4\u00dfiger Weise<br \/> verarbeiten. Die f\u00fcr uns zust\u00e4ndige Beh\u00f6rde ist:<br \/> Landesbeauftragter f\u00fcr den Datenschutz und die Informationsfreiheit Baden-W\u00fcrttemberg<br \/> K\u00f6nigstr. 10a \u2022 70173 Stuttgart Tel.: 0711 615541-0 Fax: 0711 615541-15 E-Mail:<br \/> poststelle@lfdi.bwl.de Web: www.baden-wuerttemberg.datenschutz.de<\/p>\n<p>5. Ihr Recht auf Widerspruch<\/p>\n<p>Sofern wir Ihre personenbezogenen Daten auf Basis eines berechtigten Interesses verarbeiten, haben<br \/> Sie das Recht, Widerspruch gegen diese Verarbeitung einzulegen. M\u00f6chten Sie von Ihrem<br \/> Widerspruchsrecht Gebrauch machen, gen\u00fcgt eine Mitteilung in Textform. Sie k\u00f6nnen uns also gerne<br \/> anschreiben, ein Fax schicken oder sich per E-Mail an uns wenden. Unsere Kontaktdaten finden Sie<br \/> unter Punkt 1. dieser Datenschutzhinweise.<\/p>\n<p>6. Datenverarbeitung online<\/p>\n<p>Auch \u00fcber unsere Internetseite unter www.adr-ag.de erfolgt die Verarbeitung bestimmter<br \/> personenbezogener Daten, u.a. der IP-Adresse der Website-Besucher. Erg\u00e4nzende Datenschutzhinweise<br \/> finden Sie daher online unter www.adr-ag.de\/datenschutz.<\/p>\n<p>Stand: 20.04.2018 &#8211; ADR AG &#8211; Datenschutzhinweise<\/p>\n<\/div><div class=\"fusion-clearfix\"><\/div><\/div><\/div><\/div><\/div>\n","protected":false},"excerpt":{"rendered":"","protected":false},"author":1,"featured_media":0,"parent":0,"menu_order":0,"comment_status":"closed","ping_status":"closed","template":"","meta":{"_monsterinsights_skip_tracking":false,"_monsterinsights_sitenote_active":false,"_monsterinsights_sitenote_note":"","_monsterinsights_sitenote_category":0,"footnotes":""},"class_list":["post-4310","page","type-page","status-publish","hentry"],"_links":{"self":[{"href":"https:\/\/jmv-packaging.com\/fr\/wp-json\/wp\/v2\/pages\/4310","targetHints":{"allow":["GET"]}}],"collection":[{"href":"https:\/\/jmv-packaging.com\/fr\/wp-json\/wp\/v2\/pages"}],"about":[{"href":"https:\/\/jmv-packaging.com\/fr\/wp-json\/wp\/v2\/types\/page"}],"author":[{"embeddable":true,"href":"https:\/\/jmv-packaging.com\/fr\/wp-json\/wp\/v2\/users\/1"}],"replies":[{"embeddable":true,"href":"https:\/\/jmv-packaging.com\/fr\/wp-json\/wp\/v2\/comments?post=4310"}],"version-history":[{"count":3,"href":"https:\/\/jmv-packaging.com\/fr\/wp-json\/wp\/v2\/pages\/4310\/revisions"}],"predecessor-version":[{"id":4313,"href":"https:\/\/jmv-packaging.com\/fr\/wp-json\/wp\/v2\/pages\/4310\/revisions\/4313"}],"wp:attachment":[{"href":"https:\/\/jmv-packaging.com\/fr\/wp-json\/wp\/v2\/media?parent=4310"}],"curies":[{"name":"wp","href":"https:\/\/api.w.org\/{rel}","templated":true}]}}