{"id":2221,"date":"2018-03-02T19:17:13","date_gmt":"2018-03-02T18:17:13","guid":{"rendered":"http:\/\/jmv-packaging.com\/prodotti\/confezionamento\/mep120-cd-dvd-disco-automatico-imballatrici\/"},"modified":"2018-03-02T19:17:33","modified_gmt":"2018-03-02T18:17:33","slug":"mep120-cd-dvd-disco-automatico-imballatrici","status":"publish","type":"page","link":"https:\/\/jmv-packaging.com\/it\/prodotti\/confezionamento\/mep120-cd-dvd-disco-automatico-imballatrici\/","title":{"rendered":"MEP120 &#8211; CD \/ DVD disco automatico imballatrici"},"content":{"rendered":"<p><div class=\"fusion-fullwidth fullwidth-box fusion-builder-row-1 nonhundred-percent-fullwidth non-hundred-percent-height-scrolling\" style=\"--awb-border-radius-top-left:0px;--awb-border-radius-top-right:0px;--awb-border-radius-bottom-right:0px;--awb-border-radius-bottom-left:0px;--awb-background-color:#5fb3ce;--awb-flex-wrap:wrap;\" ><div class=\"fusion-builder-row fusion-row\"><div class=\"fusion-layout-column fusion_builder_column fusion-builder-column-0 fusion_builder_column_1_1 1_1 fusion-one-full fusion-column-first fusion-column-last\" style=\"--awb-bg-size:cover;\"><div class=\"fusion-column-wrapper fusion-flex-column-wrapper-legacy\"><div class=\"fusion-text fusion-text-1\"><h1 style=\"text-align: center;\" data-mce-style=\"text-align: center;\"><span style=\"color: #ffffff;\" data-mce-style=\"color: #ffffff;\"><span id=\"result_box\" class=\"short_text\" lang=\"it\"><span class=\"\">Elevato rendimento: fino a 3000 pezzi all&#8217;ora<\/span><\/span><\/span><\/h1>\n<\/div><div class=\"fusion-clearfix\"><\/div><\/div><\/div><\/div><\/div><div class=\"fusion-fullwidth fullwidth-box fusion-builder-row-2 nonhundred-percent-fullwidth non-hundred-percent-height-scrolling\" style=\"--awb-border-radius-top-left:0px;--awb-border-radius-top-right:0px;--awb-border-radius-bottom-right:0px;--awb-border-radius-bottom-left:0px;--awb-margin-bottom:30px;--awb-flex-wrap:wrap;\" ><div class=\"fusion-builder-row fusion-row\"><div class=\"fusion-layout-column fusion_builder_column fusion-builder-column-1 fusion_builder_column_1_1 1_1 fusion-one-full fusion-column-first fusion-column-last\" style=\"--awb-bg-size:cover;\"><div class=\"fusion-column-wrapper fusion-flex-column-wrapper-legacy\"><div class=\"fusion-section-separator section-separator triangle fusion-section-separator-1\" style=\"--awb-border-bottom:1px solid #f6f6f6;--awb-spacer-height:1px;--awb-svg-margin-left:0;--awb-svg-margin-right:0;--awb-icon-color:#ffffff;\"><div class=\"fusion-section-separator-svg\"><div class=\"divider-candy-arrow bottom\" style=\"top:0px;border-top-color: #5fb3ce;\"><\/div><div class=\"divider-candy bottom\" style=\"bottom:-21px;border-bottom:1px solid #f6f6f6;border-left:1px solid #f6f6f6;\"><\/div><\/div><div class=\"fusion-section-separator-spacer\"><div class=\"fusion-section-separator-spacer-height\"><\/div><\/div><\/div><div class=\"fusion-clearfix\"><\/div><\/div><\/div><\/div><\/div><div class=\"fusion-fullwidth fullwidth-box fusion-builder-row-3 nonhundred-percent-fullwidth non-hundred-percent-height-scrolling\" style=\"--awb-border-radius-top-left:0px;--awb-border-radius-top-right:0px;--awb-border-radius-bottom-right:0px;--awb-border-radius-bottom-left:0px;--awb-flex-wrap:wrap;\" ><div class=\"fusion-builder-row fusion-row\"><div class=\"fusion-layout-column fusion_builder_column fusion-builder-column-2 fusion_builder_column_1_1 1_1 fusion-one-full fusion-column-first fusion-column-last\" style=\"--awb-bg-size:cover;\"><div class=\"fusion-column-wrapper fusion-flex-column-wrapper-legacy\"><div class=\"fusion-content-boxes content-boxes columns row fusion-columns-2 fusion-columns-total-2 fusion-content-boxes-1 content-boxes-icon-with-title content-left\" style=\"--awb-hover-accent-color:#1a80b6;--awb-circle-hover-accent-color:#1a80b6;\" data-animationOffset=\"top-into-view\"><div style=\"--awb-backgroundcolor:rgba(255,255,255,0);\" class=\"fusion-column content-box-column content-box-column content-box-column-1 col-lg-6 col-md-6 col-sm-6 fusion-content-box-hover content-box-column-first-in-row\"><div class=\"col content-box-wrapper content-wrapper link-area-link-icon icon-hover-animation-fade fusion-animated\" data-animationType=\"fadeIn\" data-animationDuration=\"0.3\" data-animationOffset=\"top-into-view\"><div class=\"heading icon-left\"><h2 class=\"content-box-heading\" style=\"--h2_typography-font-size:18px;line-height:23px;\">MEP120 CD \/ DVD disco automatico<\/h2><\/div><div class=\"fusion-clearfix\"><\/div><div class=\"content-container\">\n<p><a href=\"http:\/\/jmv-packaging.com\/wp-content\/uploads\/2018\/01\/CD-DVD-Verpacker_MEP120.jpg\" target=\"_blank\" rel=\"noopener\" data-mce-href=\"http:\/\/jmv-packaging.com\/wp-content\/uploads\/2018\/01\/CD-DVD-Verpacker_MEP120.jpg\"><img decoding=\"async\" class=\"aligncenter wp-image-250 size-600\" src=\"http:\/\/jmv-packaging.com\/wp-content\/uploads\/2018\/01\/CD-DVD-Verpacker_MEP120.jpg\" alt=\"\" data-mce-src=\"http:\/\/jmv-packaging.com\/wp-content\/uploads\/2018\/01\/CD-DVD-Verpacker_MEP120.jpg\" width=\"600\" height=\"600\" srcset=\"https:\/\/jmv-packaging.com\/wp-content\/uploads\/2018\/01\/CD-DVD-Verpacker_MEP120-66x66.jpg 66w, https:\/\/jmv-packaging.com\/wp-content\/uploads\/2018\/01\/CD-DVD-Verpacker_MEP120-150x150.jpg 150w, https:\/\/jmv-packaging.com\/wp-content\/uploads\/2018\/01\/CD-DVD-Verpacker_MEP120-200x200.jpg 200w, https:\/\/jmv-packaging.com\/wp-content\/uploads\/2018\/01\/CD-DVD-Verpacker_MEP120-300x300.jpg 300w, https:\/\/jmv-packaging.com\/wp-content\/uploads\/2018\/01\/CD-DVD-Verpacker_MEP120-400x400.jpg 400w, https:\/\/jmv-packaging.com\/wp-content\/uploads\/2018\/01\/CD-DVD-Verpacker_MEP120-600x600.jpg 600w, https:\/\/jmv-packaging.com\/wp-content\/uploads\/2018\/01\/CD-DVD-Verpacker_MEP120-768x768.jpg 768w, https:\/\/jmv-packaging.com\/wp-content\/uploads\/2018\/01\/CD-DVD-Verpacker_MEP120-800x800.jpg 800w, https:\/\/jmv-packaging.com\/wp-content\/uploads\/2018\/01\/CD-DVD-Verpacker_MEP120-1024x1024.jpg 1024w, https:\/\/jmv-packaging.com\/wp-content\/uploads\/2018\/01\/CD-DVD-Verpacker_MEP120.jpg 1200w\" sizes=\"(max-width: 600px) 100vw, 600px\" \/><\/a><br data-mce-bogus=\"1\"><\/p>\n<\/div><\/div><\/div><div style=\"--awb-backgroundcolor:rgba(255,255,255,0);\" class=\"fusion-column content-box-column content-box-column content-box-column-2 col-lg-6 col-md-6 col-sm-6 fusion-content-box-hover content-box-column-last content-box-column-last-in-row\"><div class=\"col content-box-wrapper content-wrapper link-area-link-icon icon-hover-animation-fade\" data-animationOffset=\"top-into-view\"><div class=\"heading icon-left\"><h2 class=\"content-box-heading\" style=\"--h2_typography-font-size:18px;line-height:23px;\">MEP120 CD \/ DVD disco automatico<\/h2><\/div><div class=\"fusion-clearfix\"><\/div><div class=\"content-container\">\n<p>La imbustatrice MEP120 \u00e8 stata concepita per un semplice utilizzo. Una macchina da banco dalle dimensione ridotte in grado di ottenere volumi che normalmente \u00e8 possibile ottenere con macchine industriali non trasportabili e costose. Capace di imbustare fino a 55 dischi al minuto, che \u00e8 oltre 3000 CD per ora. La MEP120 pu\u00f2 essere adattata rapidamente per utilizzare diversi tipi di materiali per le copertine come ad esempio: carta, plastica, tyvek e di cartone. Questa \u00e8 una caratteristica interessante per gli operatori che hanno bisogno di produrre piccole quantit\u00e0 nel loro programma.<\/p>\n<p>Opzioni extra: FF130 Flap SealerIl sigillatore FF130 \u00e8 un optional per la MEP120. Ripiega e sigilla le copertine dei dischi imballati dalla MEP120 per ottenere una finitura rapida e pulita. Il FF130 \u00e8 in grado di piegare e saldare il lembo autoadesivo sulle copertine in modo rapido ed efficiente, scartando le copertine vuote per ridurre al minimo lo spreco.<\/p>\n<p>Funzionamento: Indipendente o completamente integrato in una linea di confezionamento, la MEP120 \u00e8 affidabile e molto facile da usare. Basta caricare il mandrino di ingresso con i dischi, mettere le copertine vuote nella tramoggia adiacente e premere il pulsante di avvio. Il braccio preleva un CD dalla parte superiore del mandrino e lo pone nell\u2019 inserimento CD. Allo stesso tempo, una copertina viene estratta dalla tramoggia e mantenuta aperta e in linea con lo scivolo di inserimento CD. Il CD viene quindi spinto nella copertina. Infine la copertina riempita viene fatta scivolare nella tramoggia insieme alle altre.<br \/>L&#8217;unit\u00e0 ha un contatore integrale a quattro cifre cos\u00ec gli utenti possono gestire facilmente le quantit\u00e0. E\u2019 anche possibile selezionare l\u2019arresto della macchina automaticamente (regolabile da 0 a 9999) e pu\u00f2 anche essere impostata facilmente l\u2019interruzione della distribuzione delle copertine precedentemente impostata. Il MEP120 \u00e8 una macchina versatile, affidabile e trasportabile ad un prezzo davvero competitivo. Basti pensare che \u00e8 in grado di confezionare e sigillare fino a 55 CD al minuto, questo significa che \u00e8 in grado di competere con macchine ben pi\u00f9 grandi e costose.<\/p>\n<h3>Modello MEP120BC per biglietti da visita:<\/h3>\n<p>Il modello MEP120BC \u00e8 stato sviluppato appositamente per funzionare con CD biglietti da visita da 8 cm.<\/p>\n<\/div><\/div><\/div><div class=\"fusion-clearfix\"><\/div><\/div><div class=\"fusion-content-boxes content-boxes columns row fusion-columns-2 fusion-columns-total-2 fusion-content-boxes-2 content-boxes-icon-with-title content-left\" style=\"--awb-hover-accent-color:#1a80b6;--awb-circle-hover-accent-color:#1a80b6;\" data-animationOffset=\"top-into-view\"><div style=\"--awb-backgroundcolor:rgba(255,255,255,0);\" class=\"fusion-column content-box-column content-box-column content-box-column-1 col-lg-6 col-md-6 col-sm-6 fusion-content-box-hover content-box-column-first-in-row\"><div class=\"col content-box-wrapper content-wrapper link-area-link-icon icon-hover-animation-fade\" data-animationOffset=\"top-into-view\"><div class=\"heading heading-with-icon icon-left\"><div class=\"icon\"><i style=\"border-color:#333333;border-width:1px;background-color:#333333;box-sizing:content-box;height:42px;width:42px;line-height:42px;border-radius:50%;font-size:21px;\" aria-hidden=\"true\" class=\"fontawesome-icon fa fa-chevron-right circle-yes\"><\/i><\/div><h2 class=\"content-box-heading\" style=\"--h2_typography-font-size:18px;line-height:23px;\">Caratteristiche:<\/h2><\/div><div class=\"fusion-clearfix\"><\/div><div class=\"content-container\">\n<ul>\n<li>Consumo 100W (Flap Cartella 30W)<\/li>\n<li>Dimensioni (L x A x P) 380 mm x 560 mm x 800 mm<\/li>\n<li>Peso: 38 kg<\/li>\n<li>Hopper Capacit\u00e0 180 copertine (spessore medio)<\/li>\n<li>Quantit\u00e0 dischi sul mandrino 175<\/li>\n<\/ul>\n<\/div><\/div><\/div><div style=\"--awb-backgroundcolor:rgba(255,255,255,0);\" class=\"fusion-column content-box-column content-box-column content-box-column-2 col-lg-6 col-md-6 col-sm-6 fusion-content-box-hover content-box-column-last content-box-column-last-in-row\"><div class=\"col content-box-wrapper content-wrapper link-area-link-icon icon-hover-animation-fade\" data-animationOffset=\"top-into-view\"><div class=\"heading heading-with-icon icon-left\"><div class=\"icon\"><i style=\"border-color:#333333;border-width:1px;background-color:#333333;box-sizing:content-box;height:42px;width:42px;line-height:42px;border-radius:50%;font-size:21px;\" aria-hidden=\"true\" class=\"fontawesome-icon fa fa-chevron-right circle-yes\"><\/i><\/div><h2 class=\"content-box-heading\" style=\"--h2_typography-font-size:18px;line-height:23px;\">Ulteriori informazioni<\/h2><\/div><div class=\"fusion-clearfix\"><\/div><div class=\"content-container\">\n<div class=\"content-container\">\n<div class=\"content-container\">\n<h2><strong><span id=\"result_box\" class=\"short_text\" lang=\"it\"><span class=\"\">Specifiche tecniche:<\/span><\/span><\/strong><\/h2>\n<div class=\"fusion-button-wrapper\"><a class=\"fusion-button button-flat fusion-button-default-size button-default fusion-button-default button-1 fusion-button-default-span fusion-button-default-type\" target=\"_blank\" rel=\"noopener noreferrer\" href=\"http:\/\/jmv-packaging.com\/wp-content\/uploads\/2018\/01\/MEP120-Deutsch.pdf\"><span class=\"fusion-button-text awb-button__text awb-button__text--default\">Download PDF-Dokument<\/span><\/a><\/div>\n<div class=\"fusion-sep-clear\"><\/div><div class=\"fusion-separator fusion-full-width-sep\" style=\"margin-left: auto;margin-right: auto;margin-top:10px;margin-bottom:10px;width:100%;\"><\/div><div class=\"fusion-sep-clear\"><\/div>\n<h2><strong><span id=\"result_box\" class=\"short_text\" lang=\"it\"><span class=\"\">Ordina online ora:<\/span><\/span><\/strong><strong><\/strong><\/h2>\n<div class=\"fusion-button-wrapper\"><a class=\"fusion-button button-flat fusion-button-default-size button-default fusion-button-default button-2 fusion-button-default-span fusion-button-default-type\" target=\"_blank\" rel=\"noopener noreferrer\" href=\"https:\/\/adr-shop.com\/machine-de-mise-en-pochette-cddvd\"><span class=\"fusion-button-text awb-button__text awb-button__text--default\">Direkt zum Onlineshop !!!<\/span><\/a><\/div>\n<\/div>\n<\/div>\n<\/div><\/div><\/div><div class=\"fusion-clearfix\"><\/div><\/div><div class=\"fusion-clearfix\"><\/div><\/div><\/div><\/div><\/div><div class=\"fusion-fullwidth fullwidth-box fusion-builder-row-4 nonhundred-percent-fullwidth non-hundred-percent-height-scrolling\" style=\"--awb-border-radius-top-left:0px;--awb-border-radius-top-right:0px;--awb-border-radius-bottom-right:0px;--awb-border-radius-bottom-left:0px;--awb-flex-wrap:wrap;\" ><div class=\"fusion-builder-row fusion-row\"><div class=\"fusion-layout-column fusion_builder_column fusion-builder-column-3 fusion_builder_column_1_1 1_1 fusion-one-full fusion-column-first fusion-column-last\" style=\"--awb-bg-size:cover;\"><div class=\"fusion-column-wrapper fusion-flex-column-wrapper-legacy\">\t\t\t\t<div class=\"fusion-clearfix\"><\/div><\/div><\/div><\/div><\/div><\/p>\n","protected":false},"excerpt":{"rendered":"","protected":false},"author":1,"featured_media":0,"parent":2218,"menu_order":0,"comment_status":"closed","ping_status":"closed","template":"","meta":{"_monsterinsights_skip_tracking":false,"_monsterinsights_sitenote_active":false,"_monsterinsights_sitenote_note":"","_monsterinsights_sitenote_category":0,"footnotes":""},"class_list":["post-2221","page","type-page","status-publish","hentry"],"_links":{"self":[{"href":"https:\/\/jmv-packaging.com\/it\/wp-json\/wp\/v2\/pages\/2221","targetHints":{"allow":["GET"]}}],"collection":[{"href":"https:\/\/jmv-packaging.com\/it\/wp-json\/wp\/v2\/pages"}],"about":[{"href":"https:\/\/jmv-packaging.com\/it\/wp-json\/wp\/v2\/types\/page"}],"author":[{"embeddable":true,"href":"https:\/\/jmv-packaging.com\/it\/wp-json\/wp\/v2\/users\/1"}],"replies":[{"embeddable":true,"href":"https:\/\/jmv-packaging.com\/it\/wp-json\/wp\/v2\/comments?post=2221"}],"version-history":[{"count":17,"href":"https:\/\/jmv-packaging.com\/it\/wp-json\/wp\/v2\/pages\/2221\/revisions"}],"predecessor-version":[{"id":2238,"href":"https:\/\/jmv-packaging.com\/it\/wp-json\/wp\/v2\/pages\/2221\/revisions\/2238"}],"up":[{"embeddable":true,"href":"https:\/\/jmv-packaging.com\/it\/wp-json\/wp\/v2\/pages\/2218"}],"wp:attachment":[{"href":"https:\/\/jmv-packaging.com\/it\/wp-json\/wp\/v2\/media?parent=2221"}],"curies":[{"name":"wp","href":"https:\/\/api.w.org\/{rel}","templated":true}]}}