{"id":2300,"date":"2018-03-02T19:59:10","date_gmt":"2018-03-02T18:59:10","guid":{"rendered":"http:\/\/jmv-packaging.com\/prodotti\/cellophanatrice\/"},"modified":"2018-08-29T21:15:37","modified_gmt":"2018-08-29T19:15:37","slug":"cellophanatrice","status":"publish","type":"page","link":"https:\/\/jmv-packaging.com\/it\/prodotti\/cellophanatrice\/","title":{"rendered":"Cellophanatrice"},"content":{"rendered":"<p><div class=\"fusion-fullwidth fullwidth-box fusion-builder-row-1 nonhundred-percent-fullwidth non-hundred-percent-height-scrolling\" style=\"--awb-border-radius-top-left:0px;--awb-border-radius-top-right:0px;--awb-border-radius-bottom-right:0px;--awb-border-radius-bottom-left:0px;--awb-flex-wrap:wrap;\" ><div class=\"fusion-builder-row fusion-row\"><div class=\"fusion-layout-column fusion_builder_column fusion-builder-column-0 fusion_builder_column_1_1 1_1 fusion-one-full fusion-column-first fusion-column-last\" style=\"--awb-bg-size:cover;\"><div class=\"fusion-column-wrapper fusion-flex-column-wrapper-legacy\"><div class=\"fusion-text fusion-text-1\"><h3>Macchine confezionamento macchine e imballaggio JMV<\/h3>\n<p>Un cellophane \u00e8 una confezionatrice che pone automatizza il processo di confezionamento manuale e questo \u00e8 un materiale da imballaggio (per esempio una pellicola di tenuta) per la custodia del CD o DVD e questo si ripiega ordinatamente alle estremit\u00e0, come sappiamo questo da un pacchetto regalo indietro.<\/p>\n<\/div><div class=\"fusion-clearfix\"><\/div><\/div><\/div><\/div><\/div><div class=\"fusion-fullwidth fullwidth-box fusion-builder-row-2 nonhundred-percent-fullwidth non-hundred-percent-height-scrolling\" style=\"--awb-border-radius-top-left:0px;--awb-border-radius-top-right:0px;--awb-border-radius-bottom-right:0px;--awb-border-radius-bottom-left:0px;--awb-flex-wrap:wrap;\" ><div class=\"fusion-builder-row fusion-row\"><div class=\"fusion-layout-column fusion_builder_column fusion-builder-column-1 fusion_builder_column_1_2 1_2 fusion-one-half fusion-column-first\" style=\"--awb-bg-size:cover;width:50%;width:calc(50% - ( ( 4% ) * 0.5 ) );margin-right: 4%;\"><div class=\"fusion-column-wrapper fusion-flex-column-wrapper-legacy\"><div class=\"fusion-image-element in-legacy-container\" style=\"--awb-caption-title-font-family:var(--h2_typography-font-family);--awb-caption-title-font-weight:var(--h2_typography-font-weight);--awb-caption-title-font-style:var(--h2_typography-font-style);--awb-caption-title-size:var(--h2_typography-font-size);--awb-caption-title-transform:var(--h2_typography-text-transform);--awb-caption-title-line-height:var(--h2_typography-line-height);--awb-caption-title-letter-spacing:var(--h2_typography-letter-spacing);\"><span class=\" fusion-imageframe imageframe-none imageframe-1 hover-type-none\"><a class=\"fusion-no-lightbox\" href=\"http:\/\/jmv-packaging.com\/it\/prodotti\/cellophanatrice\/cdc100-cd-cellofanatrice-macchine\/\" target=\"_self\" aria-label=\"cd-cellophaniermaschine_CDC\"><img decoding=\"async\" width=\"1200\" height=\"1200\" src=\"http:\/\/jmv-packaging.com\/wp-content\/uploads\/2018\/01\/cd-cellophaniermaschine_CDC-1200x1200.jpg\" alt class=\"img-responsive wp-image-1032\" srcset=\"https:\/\/jmv-packaging.com\/wp-content\/uploads\/2018\/01\/cd-cellophaniermaschine_CDC-200x200.jpg 200w, https:\/\/jmv-packaging.com\/wp-content\/uploads\/2018\/01\/cd-cellophaniermaschine_CDC-400x400.jpg 400w, https:\/\/jmv-packaging.com\/wp-content\/uploads\/2018\/01\/cd-cellophaniermaschine_CDC-600x600.jpg 600w, https:\/\/jmv-packaging.com\/wp-content\/uploads\/2018\/01\/cd-cellophaniermaschine_CDC-800x800.jpg 800w, https:\/\/jmv-packaging.com\/wp-content\/uploads\/2018\/01\/cd-cellophaniermaschine_CDC.jpg 1200w\" sizes=\"(max-width: 800px) 100vw, 800px\" \/><\/a><\/span><\/div><div class=\"fusion-button-wrapper\"><a class=\"fusion-button button-flat fusion-button-default-size button-default fusion-button-default button-1 fusion-button-default-span fusion-button-default-type\" target=\"_self\" href=\"http:\/\/jmv-packaging.com\/it\/prodotti\/cellophanatrice\/cdc100-cd-cellofanatrice-macchine\/\"><span class=\"fusion-button-text awb-button__text awb-button__text--default\">CDC100 \u2013 CD Overwrapper &amp; macchina imballatrice<\/span><\/a><\/div><div class=\"fusion-sep-clear\"><\/div><div class=\"fusion-separator fusion-full-width-sep\" style=\"margin-left: auto;margin-right: auto;margin-top:10px;margin-bottom:10px;width:100%;\"><\/div><div class=\"fusion-sep-clear\"><\/div><div class=\"fusion-image-element in-legacy-container\" style=\"--awb-caption-title-font-family:var(--h2_typography-font-family);--awb-caption-title-font-weight:var(--h2_typography-font-weight);--awb-caption-title-font-style:var(--h2_typography-font-style);--awb-caption-title-size:var(--h2_typography-font-size);--awb-caption-title-transform:var(--h2_typography-text-transform);--awb-caption-title-line-height:var(--h2_typography-line-height);--awb-caption-title-letter-spacing:var(--h2_typography-letter-spacing);\"><span class=\" fusion-imageframe imageframe-none imageframe-2 hover-type-none\"><a class=\"fusion-no-lightbox\" href=\"http:\/\/jmv-packaging.com\/it\/prodotti\/cellophanatrice\/cdc160-cellofanatrice-dvd-amaray-cases\/\" target=\"_self\" aria-label=\"dvd&#8211;amaray-cases\"><img decoding=\"async\" width=\"1200\" height=\"1200\" src=\"http:\/\/jmv-packaging.com\/wp-content\/uploads\/2018\/01\/dvd-amaray-cases-1200x1200.jpg\" alt class=\"img-responsive wp-image-1044\" srcset=\"https:\/\/jmv-packaging.com\/wp-content\/uploads\/2018\/01\/dvd-amaray-cases-200x200.jpg 200w, https:\/\/jmv-packaging.com\/wp-content\/uploads\/2018\/01\/dvd-amaray-cases-400x400.jpg 400w, https:\/\/jmv-packaging.com\/wp-content\/uploads\/2018\/01\/dvd-amaray-cases-600x600.jpg 600w, https:\/\/jmv-packaging.com\/wp-content\/uploads\/2018\/01\/dvd-amaray-cases-800x800.jpg 800w, https:\/\/jmv-packaging.com\/wp-content\/uploads\/2018\/01\/dvd-amaray-cases.jpg 1200w\" sizes=\"(max-width: 800px) 100vw, 800px\" \/><\/a><\/span><\/div><div class=\"fusion-button-wrapper\"><a class=\"fusion-button button-flat fusion-button-default-size button-default fusion-button-default button-2 fusion-button-default-span fusion-button-default-type\" target=\"_self\" href=\"http:\/\/jmv-packaging.com\/it\/prodotti\/cellophanatrice\/cdc160-cellofanatrice-dvd-amaray-cases\/\"><span class=\"fusion-button-text awb-button__text awb-button__text--default\">CDC160 \u2013 DVD Amaray Cases<\/span><\/a><\/div><div class=\"fusion-sep-clear\"><\/div><div class=\"fusion-separator fusion-full-width-sep\" style=\"margin-left: auto;margin-right: auto;margin-top:10px;margin-bottom:10px;width:100%;\"><\/div><div class=\"fusion-sep-clear\"><\/div><div class=\"fusion-image-element in-legacy-container\" style=\"--awb-caption-title-font-family:var(--h2_typography-font-family);--awb-caption-title-font-weight:var(--h2_typography-font-weight);--awb-caption-title-font-style:var(--h2_typography-font-style);--awb-caption-title-size:var(--h2_typography-font-size);--awb-caption-title-transform:var(--h2_typography-text-transform);--awb-caption-title-line-height:var(--h2_typography-line-height);--awb-caption-title-letter-spacing:var(--h2_typography-letter-spacing);\"><span class=\" fusion-imageframe imageframe-none imageframe-3 hover-type-none\"><a class=\"fusion-no-lightbox\" href=\"http:\/\/jmv-packaging.com\/it\/prodotti\/cellophanatrice\/cdc200-cellofanatrice-cd-dvd-blu-ray\/\" target=\"_self\" aria-label=\"Zellophaniermaschine_CDC200\"><img decoding=\"async\" width=\"1200\" height=\"1200\" src=\"http:\/\/jmv-packaging.com\/wp-content\/uploads\/2018\/01\/Zellophaniermaschine_CDC200-1200x1200.jpg\" alt class=\"img-responsive wp-image-1002\" srcset=\"https:\/\/jmv-packaging.com\/wp-content\/uploads\/2018\/01\/Zellophaniermaschine_CDC200-200x200.jpg 200w, https:\/\/jmv-packaging.com\/wp-content\/uploads\/2018\/01\/Zellophaniermaschine_CDC200-400x400.jpg 400w, https:\/\/jmv-packaging.com\/wp-content\/uploads\/2018\/01\/Zellophaniermaschine_CDC200-600x600.jpg 600w, https:\/\/jmv-packaging.com\/wp-content\/uploads\/2018\/01\/Zellophaniermaschine_CDC200-800x800.jpg 800w, https:\/\/jmv-packaging.com\/wp-content\/uploads\/2018\/01\/Zellophaniermaschine_CDC200.jpg 1200w\" sizes=\"(max-width: 800px) 100vw, 800px\" \/><\/a><\/span><\/div><div class=\"fusion-button-wrapper\"><a class=\"fusion-button button-flat fusion-button-default-size button-default fusion-button-default button-3 fusion-button-default-span fusion-button-default-type\" target=\"_self\" href=\"http:\/\/jmv-packaging.com\/it\/prodotti\/cellophanatrice\/cdc200-cellofanatrice-cd-dvd-blu-ray\/\"><span class=\"fusion-button-text awb-button__text awb-button__text--default\">CDC200 \u2013 CD, DVD, Blu-ray cellofanatrice<\/span><\/a><\/div><div class=\"fusion-sep-clear\"><\/div><div class=\"fusion-separator fusion-full-width-sep\" style=\"margin-left: auto;margin-right: auto;margin-top:10px;margin-bottom:10px;width:100%;\"><\/div><div class=\"fusion-sep-clear\"><\/div><div class=\"fusion-clearfix\"><\/div><\/div><\/div><div class=\"fusion-layout-column fusion_builder_column fusion-builder-column-2 fusion_builder_column_1_2 1_2 fusion-one-half fusion-column-last\" style=\"--awb-bg-size:cover;width:50%;width:calc(50% - ( ( 4% ) * 0.5 ) );\"><div class=\"fusion-column-wrapper fusion-flex-column-wrapper-legacy\"><div class=\"fusion-image-element in-legacy-container\" style=\"--awb-caption-title-font-family:var(--h2_typography-font-family);--awb-caption-title-font-weight:var(--h2_typography-font-weight);--awb-caption-title-font-style:var(--h2_typography-font-style);--awb-caption-title-size:var(--h2_typography-font-size);--awb-caption-title-transform:var(--h2_typography-text-transform);--awb-caption-title-line-height:var(--h2_typography-line-height);--awb-caption-title-letter-spacing:var(--h2_typography-letter-spacing);\"><span class=\" fusion-imageframe imageframe-none imageframe-4 hover-type-none\"><a class=\"fusion-no-lightbox\" href=\"http:\/\/jmv-packaging.com\/it\/prodotti\/cellophanatrice\/cdc140-cellophane-cd-slim\/\" target=\"_self\" aria-label=\"cellophanieren-cd-slim\"><img decoding=\"async\" width=\"1200\" height=\"1200\" src=\"http:\/\/jmv-packaging.com\/wp-content\/uploads\/2018\/01\/cellophanieren-cd-slim-1200x1200.jpg\" alt class=\"img-responsive wp-image-1038\" srcset=\"https:\/\/jmv-packaging.com\/wp-content\/uploads\/2018\/01\/cellophanieren-cd-slim-200x200.jpg 200w, https:\/\/jmv-packaging.com\/wp-content\/uploads\/2018\/01\/cellophanieren-cd-slim-400x400.jpg 400w, https:\/\/jmv-packaging.com\/wp-content\/uploads\/2018\/01\/cellophanieren-cd-slim-600x600.jpg 600w, https:\/\/jmv-packaging.com\/wp-content\/uploads\/2018\/01\/cellophanieren-cd-slim-800x800.jpg 800w, https:\/\/jmv-packaging.com\/wp-content\/uploads\/2018\/01\/cellophanieren-cd-slim.jpg 1200w\" sizes=\"(max-width: 800px) 100vw, 800px\" \/><\/a><\/span><\/div><div class=\"fusion-button-wrapper\"><a class=\"fusion-button button-flat fusion-button-default-size button-default fusion-button-default button-4 fusion-button-default-span fusion-button-default-type\" target=\"_self\" href=\"http:\/\/jmv-packaging.com\/it\/prodotti\/cellophanatrice\/cdc140-cellophane-cd-slim\/\"><span class=\"fusion-button-text awb-button__text awb-button__text--default\">CDC140 \u2013 Cellofanatrice semiautomatica per custodie CD slim<\/span><\/a><\/div><div class=\"fusion-sep-clear\"><\/div><div class=\"fusion-separator fusion-full-width-sep\" style=\"margin-left: auto;margin-right: auto;margin-top:10px;margin-bottom:10px;width:100%;\"><\/div><div class=\"fusion-sep-clear\"><\/div><div class=\"fusion-image-element in-legacy-container\" style=\"--awb-caption-title-font-family:var(--h2_typography-font-family);--awb-caption-title-font-weight:var(--h2_typography-font-weight);--awb-caption-title-font-style:var(--h2_typography-font-style);--awb-caption-title-size:var(--h2_typography-font-size);--awb-caption-title-transform:var(--h2_typography-text-transform);--awb-caption-title-line-height:var(--h2_typography-line-height);--awb-caption-title-letter-spacing:var(--h2_typography-letter-spacing);\"><span class=\" fusion-imageframe imageframe-none imageframe-5 hover-type-none\"><a class=\"fusion-no-lightbox\" href=\"http:\/\/jmv-packaging.com\/it\/prodotti\/cellophanatrice\/cdc170-cellofanatrice-semiautomatica-per-custodie-blu-ray\/\" target=\"_self\" aria-label=\"Zellophaniert-Blu-Ray-Cases\"><img decoding=\"async\" width=\"1200\" height=\"1200\" src=\"http:\/\/jmv-packaging.com\/wp-content\/uploads\/2018\/01\/Zellophaniert-Blu-Ray-Cases-1200x1200.jpg\" alt class=\"img-responsive wp-image-1050\" srcset=\"https:\/\/jmv-packaging.com\/wp-content\/uploads\/2018\/01\/Zellophaniert-Blu-Ray-Cases-200x200.jpg 200w, https:\/\/jmv-packaging.com\/wp-content\/uploads\/2018\/01\/Zellophaniert-Blu-Ray-Cases-400x400.jpg 400w, https:\/\/jmv-packaging.com\/wp-content\/uploads\/2018\/01\/Zellophaniert-Blu-Ray-Cases-600x600.jpg 600w, https:\/\/jmv-packaging.com\/wp-content\/uploads\/2018\/01\/Zellophaniert-Blu-Ray-Cases-800x800.jpg 800w, https:\/\/jmv-packaging.com\/wp-content\/uploads\/2018\/01\/Zellophaniert-Blu-Ray-Cases.jpg 1200w\" sizes=\"(max-width: 800px) 100vw, 800px\" \/><\/a><\/span><\/div><div class=\"fusion-button-wrapper\"><a class=\"fusion-button button-flat fusion-button-default-size button-default fusion-button-default button-5 fusion-button-default-span fusion-button-default-type\" target=\"_self\" href=\"http:\/\/jmv-packaging.com\/it\/prodotti\/cellophanatrice\/cdc170-cellofanatrice-semiautomatica-per-custodie-blu-ray\/\"><span class=\"fusion-button-text awb-button__text awb-button__text--default\">CDC170 \u2013 Custodie per Blu-Ray cellophaned<\/span><\/a><\/div><div class=\"fusion-sep-clear\"><\/div><div class=\"fusion-separator fusion-full-width-sep\" style=\"margin-left: auto;margin-right: auto;margin-top:10px;margin-bottom:10px;width:100%;\"><\/div><div class=\"fusion-sep-clear\"><\/div><div class=\"fusion-image-element in-legacy-container\" style=\"--awb-caption-title-font-family:var(--h2_typography-font-family);--awb-caption-title-font-weight:var(--h2_typography-font-weight);--awb-caption-title-font-style:var(--h2_typography-font-style);--awb-caption-title-size:var(--h2_typography-font-size);--awb-caption-title-transform:var(--h2_typography-text-transform);--awb-caption-title-line-height:var(--h2_typography-line-height);--awb-caption-title-letter-spacing:var(--h2_typography-letter-spacing);\"><span class=\" fusion-imageframe imageframe-none imageframe-6 hover-type-none\"><a class=\"fusion-no-lightbox\" href=\"http:\/\/jmv-packaging.com\/it\/prodotti\/cellophanatrice\/serie-speedstar\/\" target=\"_self\" aria-label=\"Speedstar-Pro_JMV\"><img decoding=\"async\" width=\"1200\" height=\"1200\" src=\"http:\/\/jmv-packaging.com\/wp-content\/uploads\/2018\/01\/Speedstar-Pro_JMV-1200x1200.jpg\" alt class=\"img-responsive wp-image-1056\" srcset=\"https:\/\/jmv-packaging.com\/wp-content\/uploads\/2018\/01\/Speedstar-Pro_JMV-200x200.jpg 200w, https:\/\/jmv-packaging.com\/wp-content\/uploads\/2018\/01\/Speedstar-Pro_JMV-400x400.jpg 400w, https:\/\/jmv-packaging.com\/wp-content\/uploads\/2018\/01\/Speedstar-Pro_JMV-600x600.jpg 600w, https:\/\/jmv-packaging.com\/wp-content\/uploads\/2018\/01\/Speedstar-Pro_JMV-800x800.jpg 800w, https:\/\/jmv-packaging.com\/wp-content\/uploads\/2018\/01\/Speedstar-Pro_JMV.jpg 1200w\" sizes=\"(max-width: 800px) 100vw, 800px\" \/><\/a><\/span><\/div><div class=\"fusion-button-wrapper\"><a class=\"fusion-button button-flat fusion-button-default-size button-default fusion-button-default button-6 fusion-button-default-span fusion-button-default-type\" target=\"_self\" href=\"http:\/\/jmv-packaging.com\/it\/prodotti\/cellophanatrice\/serie-speedstar\/\"><span class=\"fusion-button-text awb-button__text awb-button__text--default\">Speedstar Serie<\/span><\/a><\/div><div class=\"fusion-clearfix\"><\/div><\/div><\/div><div class=\"fusion-layout-column fusion_builder_column fusion-builder-column-3 fusion_builder_column_1_1 1_1 fusion-one-full fusion-column-first fusion-column-last\" style=\"--awb-bg-size:cover;\"><div class=\"fusion-column-wrapper fusion-flex-column-wrapper-legacy\"><div class=\"fusion-clearfix\"><\/div><\/div><\/div><\/div><\/div><div class=\"fusion-fullwidth fullwidth-box fusion-builder-row-3 nonhundred-percent-fullwidth non-hundred-percent-height-scrolling\" style=\"--awb-border-radius-top-left:0px;--awb-border-radius-top-right:0px;--awb-border-radius-bottom-right:0px;--awb-border-radius-bottom-left:0px;--awb-flex-wrap:wrap;\" ><div class=\"fusion-builder-row fusion-row\"><div class=\"fusion-layout-column fusion_builder_column fusion-builder-column-4 fusion_builder_column_1_1 1_1 fusion-one-full fusion-column-first fusion-column-last\" style=\"--awb-bg-size:cover;\"><div class=\"fusion-column-wrapper fusion-flex-column-wrapper-legacy\"><div class=\"fusion-text fusion-text-2\"><h3>Ci sono diversi motivi per cui si CD \/ DVD Cellophanatrice dovrebbe preferire altri tipi di imballaggio, tra cui:<\/h3>\n<ul>\n<li><strong>Originale imballato<\/strong> &#8211; Ene cellophane intatto dimostra che la inahlt non \u00e8 stato modificato dal momento che il produttore a sinistra. Un pacchetto aperto \u00e8 immediatamente evidente; dopo la rimozione non autorizzata dei contenuti, pu\u00f2 essere buono come non pi\u00f9 vicino senza lasciare tracce.<\/li>\n<li><strong>Guardare bene<\/strong> &#8211; Forse uno degli argomenti principali: Un packaging zellophanierte d\u00e0 l&#8217;impressione di qualit\u00e0 e di un aumento del valore.<\/li>\n<li><strong>Ridurre i costi<\/strong> &#8211; in particolare Cellophanatrice pu\u00f2 ridurre i costi per i set di pacchetti combinati. La protezione del contenuto &#8211; Il cellophane mette un ulteriore livello di protezione ai contenuti e protegge i prodotti imballati durante il trasporto.<\/li>\n<li><strong>Meno imballaggi e della produzione<\/strong> &#8211; di rifiuti &#8211; in contrasto con schrinkfolie, il cellophane prodotti senza sprechi pellicola.<\/li>\n<li><strong>Risparmio energetico<\/strong> &#8211; Quando Cellophanatrice molto poco \u00e8 ernergie libero perch\u00e9 il punto di riscaldamento come saldatura si svolge presso il. Un cellophane dura circa 2 a 3 chilowatt prestazioni complessive che rende un decimo della potenza che \u00e8 necessario per riscaldare il tunnel di termoretrazione.<\/li>\n<\/ul>\n<h3>Cellophanatrice e cellophaners sempre pi\u00f9 acquisendo importanza.<\/h3>\n<p>Scelto per il suo fattore di riduzione dei costi, come la protezione del prodotto o avvolgendo punto di vista tecnico, offre vantaggi Cellophanatrice in confezionamento di prodotti diversi.<\/p>\n<\/div><div class=\"fusion-clearfix\"><\/div><\/div><\/div><\/div><\/div><\/p>\n","protected":false},"excerpt":{"rendered":"","protected":false},"author":1,"featured_media":0,"parent":2167,"menu_order":3,"comment_status":"closed","ping_status":"closed","template":"","meta":{"_monsterinsights_skip_tracking":false,"_monsterinsights_sitenote_active":false,"_monsterinsights_sitenote_note":"","_monsterinsights_sitenote_category":0,"footnotes":""},"class_list":["post-2300","page","type-page","status-publish","hentry"],"_links":{"self":[{"href":"https:\/\/jmv-packaging.com\/it\/wp-json\/wp\/v2\/pages\/2300","targetHints":{"allow":["GET"]}}],"collection":[{"href":"https:\/\/jmv-packaging.com\/it\/wp-json\/wp\/v2\/pages"}],"about":[{"href":"https:\/\/jmv-packaging.com\/it\/wp-json\/wp\/v2\/types\/page"}],"author":[{"embeddable":true,"href":"https:\/\/jmv-packaging.com\/it\/wp-json\/wp\/v2\/users\/1"}],"replies":[{"embeddable":true,"href":"https:\/\/jmv-packaging.com\/it\/wp-json\/wp\/v2\/comments?post=2300"}],"version-history":[{"count":9,"href":"https:\/\/jmv-packaging.com\/it\/wp-json\/wp\/v2\/pages\/2300\/revisions"}],"predecessor-version":[{"id":5268,"href":"https:\/\/jmv-packaging.com\/it\/wp-json\/wp\/v2\/pages\/2300\/revisions\/5268"}],"up":[{"embeddable":true,"href":"https:\/\/jmv-packaging.com\/it\/wp-json\/wp\/v2\/pages\/2167"}],"wp:attachment":[{"href":"https:\/\/jmv-packaging.com\/it\/wp-json\/wp\/v2\/media?parent=2300"}],"curies":[{"name":"wp","href":"https:\/\/api.w.org\/{rel}","templated":true}]}}