{"id":2539,"date":"2018-03-03T02:44:27","date_gmt":"2018-03-03T01:44:27","guid":{"rendered":"http:\/\/jmv-packaging.com\/prodotti\/accessori\/emp250-impilatore-automatico-custodie\/"},"modified":"2018-03-03T02:44:30","modified_gmt":"2018-03-03T01:44:30","slug":"emp250-impilatore-automatico-custodie","status":"publish","type":"page","link":"https:\/\/jmv-packaging.com\/it\/prodotti\/accessori\/emp250-impilatore-automatico-custodie\/","title":{"rendered":"EMP250 &#8211; Impilatore Automatico Custodie"},"content":{"rendered":"<p><div class=\"fusion-fullwidth fullwidth-box fusion-builder-row-1 nonhundred-percent-fullwidth non-hundred-percent-height-scrolling\" style=\"--awb-border-radius-top-left:0px;--awb-border-radius-top-right:0px;--awb-border-radius-bottom-right:0px;--awb-border-radius-bottom-left:0px;--awb-background-color:#5fb3ce;--awb-flex-wrap:wrap;\" ><div class=\"fusion-builder-row fusion-row\"><div class=\"fusion-layout-column fusion_builder_column fusion-builder-column-0 fusion_builder_column_1_1 1_1 fusion-one-full fusion-column-first fusion-column-last\" style=\"--awb-bg-size:cover;\"><div class=\"fusion-column-wrapper fusion-flex-column-wrapper-legacy\"><div class=\"fusion-text fusion-text-1\"><h1 style=\"text-align: center;\"><span style=\"color: #ffffff;\"><span id=\"result_box\" class=\"short_text\" lang=\"it\"><span class=\"\">Elevato rendimento: fino a 1200 pezzi all&#8217;ora<\/span><\/span><\/span><\/h1>\n<\/div><div class=\"fusion-clearfix\"><\/div><\/div><\/div><\/div><\/div><div class=\"fusion-fullwidth fullwidth-box fusion-builder-row-2 nonhundred-percent-fullwidth non-hundred-percent-height-scrolling\" style=\"--awb-border-radius-top-left:0px;--awb-border-radius-top-right:0px;--awb-border-radius-bottom-right:0px;--awb-border-radius-bottom-left:0px;--awb-margin-bottom:30px;--awb-flex-wrap:wrap;\" ><div class=\"fusion-builder-row fusion-row\"><div class=\"fusion-layout-column fusion_builder_column fusion-builder-column-1 fusion_builder_column_1_1 1_1 fusion-one-full fusion-column-first fusion-column-last\" style=\"--awb-bg-size:cover;\"><div class=\"fusion-column-wrapper fusion-flex-column-wrapper-legacy\"><div class=\"fusion-section-separator section-separator triangle fusion-section-separator-1\" style=\"--awb-border-bottom:1px solid #f6f6f6;--awb-spacer-height:1px;--awb-svg-margin-left:0;--awb-svg-margin-right:0;--awb-icon-color:#ffffff;\"><div class=\"fusion-section-separator-svg\"><div class=\"divider-candy-arrow bottom\" style=\"top:0px;border-top-color: #5fb3ce;\"><\/div><div class=\"divider-candy bottom\" style=\"bottom:-21px;border-bottom:1px solid #f6f6f6;border-left:1px solid #f6f6f6;\"><\/div><\/div><div class=\"fusion-section-separator-spacer\"><div class=\"fusion-section-separator-spacer-height\"><\/div><\/div><\/div><div class=\"fusion-clearfix\"><\/div><\/div><\/div><\/div><\/div><div class=\"fusion-fullwidth fullwidth-box fusion-builder-row-3 nonhundred-percent-fullwidth non-hundred-percent-height-scrolling\" style=\"--awb-border-radius-top-left:0px;--awb-border-radius-top-right:0px;--awb-border-radius-bottom-right:0px;--awb-border-radius-bottom-left:0px;--awb-flex-wrap:wrap;\" ><div class=\"fusion-builder-row fusion-row\"><div class=\"fusion-layout-column fusion_builder_column fusion-builder-column-2 fusion_builder_column_1_1 1_1 fusion-one-full fusion-column-first fusion-column-last\" style=\"--awb-bg-size:cover;\"><div class=\"fusion-column-wrapper fusion-flex-column-wrapper-legacy\"><div class=\"fusion-content-boxes content-boxes columns row fusion-columns-2 fusion-columns-total-2 fusion-content-boxes-1 content-boxes-icon-with-title content-left\" style=\"--awb-hover-accent-color:#1a80b6;--awb-circle-hover-accent-color:#1a80b6;\" data-animationOffset=\"top-into-view\"><div style=\"--awb-backgroundcolor:rgba(255,255,255,0);\" class=\"fusion-column content-box-column content-box-column content-box-column-1 col-lg-6 col-md-6 col-sm-6 fusion-content-box-hover content-box-column-first-in-row\"><div class=\"col content-box-wrapper content-wrapper link-area-link-icon icon-hover-animation-fade\" data-animationOffset=\"top-into-view\"><div class=\"heading icon-left\"><h2 class=\"content-box-heading\" style=\"--h2_typography-font-size:18px;line-height:23px;\">EMP250 - unit\u00e0 impilabile<\/h2><\/div><div class=\"fusion-clearfix\"><\/div><div class=\"content-container\">\n<p><img decoding=\"async\" class=\"size-600 wp-image-408 aligncenter\" src=\"http:\/\/jmv-packaging.com\/wp-content\/uploads\/2018\/01\/Stapeleinheit_EMP250.jpg\" alt=\"\" width=\"600\" height=\"600\" srcset=\"https:\/\/jmv-packaging.com\/wp-content\/uploads\/2018\/01\/Stapeleinheit_EMP250-66x66.jpg 66w, https:\/\/jmv-packaging.com\/wp-content\/uploads\/2018\/01\/Stapeleinheit_EMP250-150x150.jpg 150w, https:\/\/jmv-packaging.com\/wp-content\/uploads\/2018\/01\/Stapeleinheit_EMP250-200x200.jpg 200w, https:\/\/jmv-packaging.com\/wp-content\/uploads\/2018\/01\/Stapeleinheit_EMP250-300x300.jpg 300w, https:\/\/jmv-packaging.com\/wp-content\/uploads\/2018\/01\/Stapeleinheit_EMP250-400x400.jpg 400w, https:\/\/jmv-packaging.com\/wp-content\/uploads\/2018\/01\/Stapeleinheit_EMP250-600x600.jpg 600w, https:\/\/jmv-packaging.com\/wp-content\/uploads\/2018\/01\/Stapeleinheit_EMP250-768x768.jpg 768w, https:\/\/jmv-packaging.com\/wp-content\/uploads\/2018\/01\/Stapeleinheit_EMP250-800x800.jpg 800w, https:\/\/jmv-packaging.com\/wp-content\/uploads\/2018\/01\/Stapeleinheit_EMP250-1024x1024.jpg 1024w, https:\/\/jmv-packaging.com\/wp-content\/uploads\/2018\/01\/Stapeleinheit_EMP250.jpg 1200w\" sizes=\"(max-width: 600px) 100vw, 600px\" \/><\/p>\n<\/div><\/div><\/div><div style=\"--awb-backgroundcolor:rgba(255,255,255,0);\" class=\"fusion-column content-box-column content-box-column content-box-column-2 col-lg-6 col-md-6 col-sm-6 fusion-content-box-hover content-box-column-last content-box-column-last-in-row\"><div class=\"col content-box-wrapper content-wrapper link-area-link-icon icon-hover-animation-fade\" data-animationOffset=\"top-into-view\"><div class=\"heading icon-left\"><h2 class=\"content-box-heading\" style=\"--h2_typography-font-size:18px;line-height:23px;\">Impilatore automatico per i casi di media <\/h2><\/div><div class=\"fusion-clearfix\"><\/div><div class=\"content-container\">\n<p>L\u2019impilatore EMP250 di JMV Robotique raccoglie le vostre custodie multimediali e le pone in una pila ordinata o in fila per gestirli facilmente in una scatola.L&#8217;unit\u00e0 pu\u00f2 essere posizionata pronta a raccogliere l&#8217;uscita delle custodie dalle macchine di produzione come le cellofanatrici CDC200, CDC260 e CDC270 di JMV Robotique. Con questa combinazione sarete in grado di elaborare fino a 1200 custodie per ora. La raccolta automatica delle custodie fa risparmiare tempo e denaro.La EMP250 pu\u00f2 anche essere usato con una variet\u00e0 di altre macchine, senza la necessit\u00e0 di una connessione elettrica. Gli utenti possono contemporaneamente alimentare la tramoggia di ingresso della macchina di produzione e spostare le custodie nei cartoni<\/p>\n<\/div><\/div><\/div><div class=\"fusion-clearfix\"><\/div><\/div><div class=\"fusion-content-boxes content-boxes columns row fusion-columns-2 fusion-columns-total-2 fusion-content-boxes-2 content-boxes-icon-with-title content-left\" style=\"--awb-hover-accent-color:#1a80b6;--awb-circle-hover-accent-color:#1a80b6;\" data-animationOffset=\"top-into-view\"><div style=\"--awb-backgroundcolor:rgba(255,255,255,0);\" class=\"fusion-column content-box-column content-box-column content-box-column-1 col-lg-6 col-md-6 col-sm-6 fusion-content-box-hover content-box-column-first-in-row\"><div class=\"col content-box-wrapper content-wrapper link-area-link-icon icon-hover-animation-fade\" data-animationOffset=\"top-into-view\"><div class=\"heading heading-with-icon icon-left\"><div class=\"icon\"><i style=\"border-color:#333333;border-width:1px;background-color:#333333;box-sizing:content-box;height:42px;width:42px;line-height:42px;border-radius:50%;font-size:21px;\" aria-hidden=\"true\" class=\"fontawesome-icon fa fa-chevron-right circle-yes\"><\/i><\/div><h2 class=\"content-box-heading\" style=\"--h2_typography-font-size:18px;line-height:23px;\">Caratteristiche del prodotto<\/h2><\/div><div class=\"fusion-clearfix\"><\/div><div class=\"content-container\">\n<ul>\n<li>Impila rapidamente le custodie di CD \/ DVD \/ Blu-Ray<\/li>\n<li>Fino a 1200 custodie per ora<\/li>\n<li>Accessorio ideale per i modelli delle cellofanatrici CDC200\/260\/270<\/li>\n<li>Unit\u00e0 indipendente &#8211; pu\u00f2 essere montato su diverse macchine<\/li>\n<li>Peso leggero e dimensioni ridotte<\/li>\n<li>Completamente trasportabile<\/li>\n<\/ul>\n<\/div><\/div><\/div><div style=\"--awb-backgroundcolor:rgba(255,255,255,0);\" class=\"fusion-column content-box-column content-box-column content-box-column-2 col-lg-6 col-md-6 col-sm-6 fusion-content-box-hover content-box-column-last content-box-column-last-in-row\"><div class=\"col content-box-wrapper content-wrapper link-area-link-icon icon-hover-animation-fade\" data-animationOffset=\"top-into-view\"><div class=\"heading heading-with-icon icon-left\"><div class=\"icon\"><i style=\"border-color:#333333;border-width:1px;background-color:#333333;box-sizing:content-box;height:42px;width:42px;line-height:42px;border-radius:50%;font-size:21px;\" aria-hidden=\"true\" class=\"fontawesome-icon fa fa-chevron-right circle-yes\"><\/i><\/div><h2 class=\"content-box-heading\" style=\"--h2_typography-font-size:18px;line-height:23px;\">Ulteriori informazioni<\/h2><\/div><div class=\"fusion-clearfix\"><\/div><div class=\"content-container\">\n<div class=\"content-container\">\n<div class=\"content-container\">\n<h2><strong><span id=\"result_box\" class=\"short_text\" lang=\"it\"><span class=\"\">Specifiche tecniche:<\/span><\/span><\/strong><\/h2>\n<div class=\"fusion-button-wrapper\"><a class=\"fusion-button button-flat fusion-button-default-size button-default fusion-button-default button-1 fusion-button-default-span fusion-button-default-type\" target=\"_blank\" rel=\"noopener noreferrer\" href=\"http:\/\/jmv-packaging.com\/wp-content\/uploads\/2018\/01\/EMP250-Deutsch.pdf\"><span class=\"fusion-button-text awb-button__text awb-button__text--default\">Download PDF-Dokument<\/span><\/a><\/div><div class=\"fusion-sep-clear\"><\/div><div class=\"fusion-separator fusion-full-width-sep\" style=\"margin-left: auto;margin-right: auto;margin-top:10px;margin-bottom:10px;width:100%;\"><\/div><div class=\"fusion-sep-clear\"><\/div>\n<h2><strong><span id=\"result_box\" class=\"short_text\" lang=\"it\"><span class=\"\">Ordina online ora:<\/span><\/span><\/strong><\/h2>\n<div class=\"fusion-button-wrapper\"><a class=\"fusion-button button-flat fusion-button-default-size button-default fusion-button-default button-2 fusion-button-default-span fusion-button-default-type\" target=\"_blank\" rel=\"noopener noreferrer\" href=\"https:\/\/adr-shop.com\"><span class=\"fusion-button-text awb-button__text awb-button__text--default\">Direkt zum Onlineshop !!!<\/span><\/a><\/div>\n<\/div>\n<\/div>\n<\/div><\/div><\/div><div class=\"fusion-clearfix\"><\/div><\/div><div class=\"fusion-clearfix\"><\/div><\/div><\/div><\/div><\/div><div class=\"fusion-fullwidth fullwidth-box fusion-builder-row-4 nonhundred-percent-fullwidth non-hundred-percent-height-scrolling\" style=\"--awb-border-radius-top-left:0px;--awb-border-radius-top-right:0px;--awb-border-radius-bottom-right:0px;--awb-border-radius-bottom-left:0px;--awb-background-color:#5fb3ce;--awb-flex-wrap:wrap;\" ><div class=\"fusion-builder-row fusion-row\"><div class=\"fusion-layout-column fusion_builder_column fusion-builder-column-3 fusion_builder_column_1_1 1_1 fusion-one-full fusion-column-first fusion-column-last\" style=\"--awb-bg-size:cover;\"><div class=\"fusion-column-wrapper fusion-flex-column-wrapper-legacy\"><div class=\"fusion-text fusion-text-2\"><h1 class=\"content-box-heading\" style=\"text-align: center;\"><span style=\"color: #ffffff;\"><span id=\"result_box\" class=\"short_text\" lang=\"it\"><span class=\"\">Ulteriori informazioni<\/span><\/span><\/span><\/h1>\n<\/div><div class=\"fusion-clearfix\"><\/div><\/div><\/div><\/div><\/div><div class=\"fusion-fullwidth fullwidth-box fusion-builder-row-5 nonhundred-percent-fullwidth non-hundred-percent-height-scrolling\" style=\"--awb-border-radius-top-left:0px;--awb-border-radius-top-right:0px;--awb-border-radius-bottom-right:0px;--awb-border-radius-bottom-left:0px;--awb-margin-bottom:30px;--awb-flex-wrap:wrap;\" ><div class=\"fusion-builder-row fusion-row\"><div class=\"fusion-layout-column fusion_builder_column fusion-builder-column-4 fusion_builder_column_1_1 1_1 fusion-one-full fusion-column-first fusion-column-last\" style=\"--awb-bg-size:cover;\"><div class=\"fusion-column-wrapper fusion-flex-column-wrapper-legacy\"><div class=\"fusion-section-separator section-separator triangle fusion-section-separator-2\" style=\"--awb-border-bottom:1px solid #f6f6f6;--awb-spacer-height:1px;--awb-svg-margin-left:0;--awb-svg-margin-right:0;--awb-icon-color:#ffffff;\"><div class=\"fusion-section-separator-svg\"><div class=\"divider-candy-arrow bottom\" style=\"top:0px;border-top-color: #5fb3ce;\"><\/div><div class=\"divider-candy bottom\" style=\"bottom:-21px;border-bottom:1px solid #f6f6f6;border-left:1px solid #f6f6f6;\"><\/div><\/div><div class=\"fusion-section-separator-spacer\"><div class=\"fusion-section-separator-spacer-height\"><\/div><\/div><\/div><div class=\"fusion-clearfix\"><\/div><\/div><\/div><\/div><\/div><div class=\"fusion-fullwidth fullwidth-box fusion-builder-row-6 nonhundred-percent-fullwidth non-hundred-percent-height-scrolling\" style=\"--awb-border-radius-top-left:0px;--awb-border-radius-top-right:0px;--awb-border-radius-bottom-right:0px;--awb-border-radius-bottom-left:0px;--awb-flex-wrap:wrap;\" ><div class=\"fusion-builder-row fusion-row\"><div class=\"fusion-layout-column fusion_builder_column fusion-builder-column-5 fusion_builder_column_1_1 1_1 fusion-one-full fusion-column-first fusion-column-last\" style=\"--awb-bg-size:cover;\"><div class=\"fusion-column-wrapper fusion-flex-column-wrapper-legacy\">\t\t\t\t<div class=\"fusion-clearfix\"><\/div><\/div><\/div><\/div><\/div><\/p>\n","protected":false},"excerpt":{"rendered":"","protected":false},"author":1,"featured_media":0,"parent":2319,"menu_order":1,"comment_status":"closed","ping_status":"closed","template":"","meta":{"_monsterinsights_skip_tracking":false,"_monsterinsights_sitenote_active":false,"_monsterinsights_sitenote_note":"","_monsterinsights_sitenote_category":0,"footnotes":""},"class_list":["post-2539","page","type-page","status-publish","hentry"],"_links":{"self":[{"href":"https:\/\/jmv-packaging.com\/it\/wp-json\/wp\/v2\/pages\/2539","targetHints":{"allow":["GET"]}}],"collection":[{"href":"https:\/\/jmv-packaging.com\/it\/wp-json\/wp\/v2\/pages"}],"about":[{"href":"https:\/\/jmv-packaging.com\/it\/wp-json\/wp\/v2\/types\/page"}],"author":[{"embeddable":true,"href":"https:\/\/jmv-packaging.com\/it\/wp-json\/wp\/v2\/users\/1"}],"replies":[{"embeddable":true,"href":"https:\/\/jmv-packaging.com\/it\/wp-json\/wp\/v2\/comments?post=2539"}],"version-history":[{"count":11,"href":"https:\/\/jmv-packaging.com\/it\/wp-json\/wp\/v2\/pages\/2539\/revisions"}],"predecessor-version":[{"id":2550,"href":"https:\/\/jmv-packaging.com\/it\/wp-json\/wp\/v2\/pages\/2539\/revisions\/2550"}],"up":[{"embeddable":true,"href":"https:\/\/jmv-packaging.com\/it\/wp-json\/wp\/v2\/pages\/2319"}],"wp:attachment":[{"href":"https:\/\/jmv-packaging.com\/it\/wp-json\/wp\/v2\/media?parent=2539"}],"curies":[{"name":"wp","href":"https:\/\/api.w.org\/{rel}","templated":true}]}}