{"id":1822,"date":"2018-03-01T15:08:54","date_gmt":"2018-03-01T14:08:54","guid":{"rendered":"http:\/\/jmv-packaging.com\/firma\/"},"modified":"2020-05-21T22:37:11","modified_gmt":"2020-05-21T20:37:11","slug":"firma","status":"publish","type":"page","link":"https:\/\/jmv-packaging.com\/pl\/firma\/","title":{"rendered":"Firma"},"content":{"rendered":"<div class=\"fusion-fullwidth fullwidth-box fusion-builder-row-1 nonhundred-percent-fullwidth non-hundred-percent-height-scrolling\" style=\"--awb-border-radius-top-left:0px;--awb-border-radius-top-right:0px;--awb-border-radius-bottom-right:0px;--awb-border-radius-bottom-left:0px;--awb-flex-wrap:wrap;\" ><div class=\"fusion-builder-row fusion-row\"><div class=\"fusion-layout-column fusion_builder_column fusion-builder-column-0 fusion_builder_column_1_1 1_1 fusion-one-full fusion-column-first fusion-column-last\" style=\"--awb-bg-size:cover;--awb-margin-bottom:0px;\"><div class=\"fusion-column-wrapper fusion-flex-column-wrapper-legacy\"><div class=\"fusion-text fusion-text-1\"><h2>JMV Packaging | JMV Robotique<\/h2>\n<\/div><div class=\"fusion-content-boxes content-boxes columns row fusion-columns-2 fusion-columns-total-2 fusion-content-boxes-1 content-boxes-icon-with-title content-left\" style=\"--awb-hover-accent-color:#1a80b6;--awb-circle-hover-accent-color:#1a80b6;\" data-animationOffset=\"top-into-view\"><div style=\"--awb-backgroundcolor:rgba(255,255,255,0);\" class=\"fusion-column content-box-column content-box-column content-box-column-1 col-lg-6 col-md-6 col-sm-6 fusion-content-box-hover content-box-column-first-in-row\"><div class=\"col content-box-wrapper content-wrapper link-area-link-icon icon-hover-animation-fade\" data-animationOffset=\"top-into-view\"><div class=\"heading icon-left\"><h2 class=\"content-box-heading\" style=\"--h2_typography-font-size:18px;line-height:23px;\">Marka grupy ADR<\/h2><\/div><div class=\"fusion-clearfix\"><\/div><div class=\"content-container\">\n<p>Za\u0142o\u017cona w 1991 roku, aby zaspokoi\u0107 potrzeby pakowania oprogramowania, audio i wideo na rynku JMV, z siedzib\u0105 w Niemczech, jest cz\u0119\u015bci\u0105 ADR AG i zbudowa\u0142a siln\u0105 reputacj\u0119 w dostarczaniu rozwi\u0105za\u0144 do \u015bwiata opakowa\u0144. Zbudowali\u015bmy reputacj\u0119 solidnych urz\u0105dze\u0144 w dziedzinie wysokiej jako\u015bci z blatem z takimi warto\u015bciowymi firmami jak: IBM, ORACLE, MICROSOFT, SAP i innymi wiod\u0105cymi bran\u017cami z ca\u0142ego \u015bwiata.<\/p>\n<p>ADR AG &#8211; Advanced Digital Research<\/p>\n<p>Ludwig-Wagner-Str. 19,<br \/>\n69168 Wiesloch<br \/>\n<span id=\"result_box\" class=\"short_text\" lang=\"pl\"><span class=\"\">Niemcy<\/span><\/span><\/p>\n<p>Tel: +49 (0)6222 9388 0<br \/>\nFax: +49 (0)6222 9388 50<br \/>\ninfo@jmv-packaging.com<\/p>\n<\/div><\/div><\/div><div style=\"--awb-backgroundcolor:rgba(255,255,255,0);\" class=\"fusion-column content-box-column content-box-column content-box-column-2 col-lg-6 col-md-6 col-sm-6 fusion-content-box-hover content-box-column-last content-box-column-last-in-row\"><div class=\"col content-box-wrapper content-wrapper link-area-link-icon icon-hover-animation-fade fusion-animated\" data-animationType=\"fadeInLeft\" data-animationDuration=\"0.3\" data-animationOffset=\"top-into-view\"><div class=\"heading icon-left\"><h2 class=\"content-box-heading\" style=\"--h2_typography-font-size:18px;line-height:23px;\">ADR AG - TEAM<\/h2><\/div><div class=\"fusion-clearfix\"><\/div><div class=\"content-container\"><img decoding=\"async\" class=\"size-600 wp-image-4961 aligncenter\" src=\"https:\/\/jmv-packaging.com\/wp-content\/uploads\/2018\/05\/adr-team-1-600x450.jpg\" alt=\"\" width=\"600\" height=\"450\" srcset=\"https:\/\/jmv-packaging.com\/wp-content\/uploads\/2018\/05\/adr-team-1-200x150.jpg 200w, https:\/\/jmv-packaging.com\/wp-content\/uploads\/2018\/05\/adr-team-1-300x225.jpg 300w, https:\/\/jmv-packaging.com\/wp-content\/uploads\/2018\/05\/adr-team-1-400x300.jpg 400w, https:\/\/jmv-packaging.com\/wp-content\/uploads\/2018\/05\/adr-team-1-600x450.jpg 600w, https:\/\/jmv-packaging.com\/wp-content\/uploads\/2018\/05\/adr-team-1-768x576.jpg 768w, https:\/\/jmv-packaging.com\/wp-content\/uploads\/2018\/05\/adr-team-1-800x600.jpg 800w, https:\/\/jmv-packaging.com\/wp-content\/uploads\/2018\/05\/adr-team-1-1024x768.jpg 1024w, https:\/\/jmv-packaging.com\/wp-content\/uploads\/2018\/05\/adr-team-1.jpg 1200w\" sizes=\"(max-width: 600px) 100vw, 600px\" \/><\/p>\n<div class=\"fusion-button-wrapper\"><a class=\"fusion-button button-flat fusion-button-default-size button-default fusion-button-default button-1 fusion-button-default-span fusion-button-default-type\" target=\"_blank\" rel=\"noopener noreferrer\" href=\"https:\/\/adr-ag.de\/about-us-page-2\"><span class=\"fusion-button-text awb-button__text awb-button__text--default\">\n<pre id=\"tw-target-text\" class=\"tw-data-text tw-text-large XcVN5d tw-ta\" dir=\"ltr\" data-placeholder=\"\u00dcbersetzung\"><span lang=\"pl\">Informacje o firmie ADR AG<\/span><\/pre>\n<\/span><i class=\"fa-arrow-circle-right fas awb-button__icon awb-button__icon--default button-icon-right\" aria-hidden=\"true\"><\/i><\/a><\/div>.<\/div><\/div><\/div><div class=\"fusion-clearfix\"><\/div><\/div><div class=\"fusion-clearfix\"><\/div><\/div><\/div><\/div><\/div>\n","protected":false},"excerpt":{"rendered":"","protected":false},"author":1,"featured_media":0,"parent":0,"menu_order":3,"comment_status":"closed","ping_status":"closed","template":"","meta":{"_monsterinsights_skip_tracking":false,"_monsterinsights_sitenote_active":false,"_monsterinsights_sitenote_note":"","_monsterinsights_sitenote_category":0,"footnotes":""},"class_list":["post-1822","page","type-page","status-publish","hentry"],"_links":{"self":[{"href":"https:\/\/jmv-packaging.com\/pl\/wp-json\/wp\/v2\/pages\/1822","targetHints":{"allow":["GET"]}}],"collection":[{"href":"https:\/\/jmv-packaging.com\/pl\/wp-json\/wp\/v2\/pages"}],"about":[{"href":"https:\/\/jmv-packaging.com\/pl\/wp-json\/wp\/v2\/types\/page"}],"author":[{"embeddable":true,"href":"https:\/\/jmv-packaging.com\/pl\/wp-json\/wp\/v2\/users\/1"}],"replies":[{"embeddable":true,"href":"https:\/\/jmv-packaging.com\/pl\/wp-json\/wp\/v2\/comments?post=1822"}],"version-history":[{"count":5,"href":"https:\/\/jmv-packaging.com\/pl\/wp-json\/wp\/v2\/pages\/1822\/revisions"}],"predecessor-version":[{"id":5642,"href":"https:\/\/jmv-packaging.com\/pl\/wp-json\/wp\/v2\/pages\/1822\/revisions\/5642"}],"wp:attachment":[{"href":"https:\/\/jmv-packaging.com\/pl\/wp-json\/wp\/v2\/media?parent=1822"}],"curies":[{"name":"wp","href":"https:\/\/api.w.org\/{rel}","templated":true}]}}