{"id":1826,"date":"2018-03-01T15:12:18","date_gmt":"2018-03-01T14:12:18","guid":{"rendered":"http:\/\/jmv-packaging.com\/sprzedawce\/"},"modified":"2018-05-07T20:13:28","modified_gmt":"2018-05-07T18:13:28","slug":"sprzedawce","status":"publish","type":"page","link":"https:\/\/jmv-packaging.com\/pl\/sprzedawce\/","title":{"rendered":"Sprzedawce"},"content":{"rendered":"<div class=\"fusion-fullwidth fullwidth-box fusion-builder-row-1 nonhundred-percent-fullwidth non-hundred-percent-height-scrolling\" style=\"--awb-border-radius-top-left:0px;--awb-border-radius-top-right:0px;--awb-border-radius-bottom-right:0px;--awb-border-radius-bottom-left:0px;--awb-flex-wrap:wrap;\" ><div class=\"fusion-builder-row fusion-row\"><div class=\"fusion-layout-column fusion_builder_column fusion-builder-column-0 fusion_builder_column_1_1 1_1 fusion-one-full fusion-column-first fusion-column-last\" style=\"--awb-bg-size:cover;--awb-margin-bottom:0px;\"><div class=\"fusion-column-wrapper fusion-flex-column-wrapper-legacy\"><div class=\"fusion-text fusion-text-1\"><h3>JMV ROBOTIQUE ma dobr\u0105 reputacj\u0119 dzi\u0119ki wprowadzeniu rozwi\u0105za\u0144 dotycz\u0105cych potrzeb pakowania. Jeste\u015bmy znani na ca\u0142ym \u015bwiecie przez produkcj\u0119 solidnych urz\u0105dze\u0144 blatowych wysokiej jako\u015bci w dziedzinie pakowania z najbardziej warto\u015bciowymi firmami. Do Naszych klient\u00f3w zaliczamy: IBM, Oracle, Microsoft, SAP i inne wiod\u0105ce marki z ca\u0142ego \u015bwiata.<\/h3>\n<h3>Je\u015bli chcesz by\u0107 jednym z naszych mi\u0119dzynarodowych sprzedawc\u00f3w, zapewnimy Ci ciep\u0142e powitanie. Szukamy dystrybutor\u00f3w w nast\u0119puj\u0105cych regionach \/ krajach:<\/h3>\n<p>Bia\u0142oru\u015b, \u0141otwa, Litwa, Estonia, Rosja, Ukraina, Rumunia, Mo\u0142dawia, Bu\u0142garia, Chorwacja, Bo\u015bnia I Hercegowina, Macedonia, Montenegro, Serbia, S\u0142owenia, Kosovo, Albania, W\u0119gry, Polska, Republika Czeska, S\u0142owacja.<\/p>\n<p><strong>Kraje Zatoki:<\/strong><br \/> Kuwejt, Arabia Saudyjska, Katar, Irak, Iran, Bahrajn, Zjednoczone Emiraty arabskie<\/p>\n<p><strong>\u015arodkowy wsch\u00f3d:<\/strong><br \/> Izrael, Liban, Jordania, Zachodni Brzeg Jordanu, Palestyna, Syria, Egipt<\/p>\n<p><strong> Azja:<\/strong><br \/> Chiny, Laos, Kambod\u017ca, Filipiny, Japonia, Tajwan, Indie, Nepal, Tajlandia, Bangladesz, Wietnam, Korea P\u00f3\u0142nocna, Korea Po\u0142udniowa, Malezja, Indonezja.<\/p>\n<p><strong><span id=\"result_box\" class=\"short_text\" lang=\"pl\"><span class=\"\">Wy\u015blij do nas e-mail:<\/span><\/span><br \/> <\/strong><\/p>\n<p><a href=\"mailto:contact@jmvrobotique.com\" data-mce-href=\"mailto:contact@jmvrobotique.com\"><span id=\"cloak6159\">contact@jmvrobotique.com<\/span><\/a><br data-mce-bogus=\"1\"><\/p>\n<\/div><div class=\"fusion-clearfix\"><\/div><\/div><\/div><\/div><\/div>\n","protected":false},"excerpt":{"rendered":"","protected":false},"author":1,"featured_media":0,"parent":0,"menu_order":0,"comment_status":"closed","ping_status":"closed","template":"","meta":{"_monsterinsights_skip_tracking":false,"_monsterinsights_sitenote_active":false,"_monsterinsights_sitenote_note":"","_monsterinsights_sitenote_category":0,"footnotes":""},"class_list":["post-1826","page","type-page","status-publish","hentry"],"_links":{"self":[{"href":"https:\/\/jmv-packaging.com\/pl\/wp-json\/wp\/v2\/pages\/1826","targetHints":{"allow":["GET"]}}],"collection":[{"href":"https:\/\/jmv-packaging.com\/pl\/wp-json\/wp\/v2\/pages"}],"about":[{"href":"https:\/\/jmv-packaging.com\/pl\/wp-json\/wp\/v2\/types\/page"}],"author":[{"embeddable":true,"href":"https:\/\/jmv-packaging.com\/pl\/wp-json\/wp\/v2\/users\/1"}],"replies":[{"embeddable":true,"href":"https:\/\/jmv-packaging.com\/pl\/wp-json\/wp\/v2\/comments?post=1826"}],"version-history":[{"count":5,"href":"https:\/\/jmv-packaging.com\/pl\/wp-json\/wp\/v2\/pages\/1826\/revisions"}],"predecessor-version":[{"id":4709,"href":"https:\/\/jmv-packaging.com\/pl\/wp-json\/wp\/v2\/pages\/1826\/revisions\/4709"}],"wp:attachment":[{"href":"https:\/\/jmv-packaging.com\/pl\/wp-json\/wp\/v2\/media?parent=1826"}],"curies":[{"name":"wp","href":"https:\/\/api.w.org\/{rel}","templated":true}]}}