{"id":1844,"date":"2018-03-01T15:26:37","date_gmt":"2018-03-01T14:26:37","guid":{"rendered":"http:\/\/jmv-packaging.com\/produkty\/etykieciarka\/lab400-labeler-dla-kart-pamieci\/"},"modified":"2018-03-01T15:27:01","modified_gmt":"2018-03-01T14:27:01","slug":"lab400-labeler-dla-kart-pamieci","status":"publish","type":"page","link":"https:\/\/jmv-packaging.com\/pl\/produkty\/etykieciarka\/lab400-labeler-dla-kart-pamieci\/","title":{"rendered":"LAB400 &#8211; Labeler dla kart pami\u0119ci"},"content":{"rendered":"<p><div class=\"fusion-fullwidth fullwidth-box fusion-builder-row-1 nonhundred-percent-fullwidth non-hundred-percent-height-scrolling\" style=\"--awb-border-radius-top-left:0px;--awb-border-radius-top-right:0px;--awb-border-radius-bottom-right:0px;--awb-border-radius-bottom-left:0px;--awb-background-color:#5fb3ce;--awb-flex-wrap:wrap;\" ><div class=\"fusion-builder-row fusion-row\"><div class=\"fusion-layout-column fusion_builder_column fusion-builder-column-0 fusion_builder_column_1_1 1_1 fusion-one-full fusion-column-first fusion-column-last\" style=\"--awb-bg-size:cover;\"><div class=\"fusion-column-wrapper fusion-flex-column-wrapper-legacy\"><div class=\"fusion-text fusion-text-1\"><h1 style=\"text-align: center;\" data-mce-style=\"text-align: center;\"><span style=\"color: #ffffff;\" data-mce-style=\"color: #ffffff;\"><span id=\"result_box\" class=\"short_text\" lang=\"pl\"><span class=\"\">Wysoka przepustowo\u015b\u0107 do 6500 sztuk na godzin\u0119<\/span><\/span><\/span><\/h1>\n<\/div><div class=\"fusion-clearfix\"><\/div><\/div><\/div><\/div><\/div><div class=\"fusion-fullwidth fullwidth-box fusion-builder-row-2 nonhundred-percent-fullwidth non-hundred-percent-height-scrolling\" style=\"--awb-border-radius-top-left:0px;--awb-border-radius-top-right:0px;--awb-border-radius-bottom-right:0px;--awb-border-radius-bottom-left:0px;--awb-margin-bottom:30px;--awb-flex-wrap:wrap;\" ><div class=\"fusion-builder-row fusion-row\"><div class=\"fusion-layout-column fusion_builder_column fusion-builder-column-1 fusion_builder_column_1_1 1_1 fusion-one-full fusion-column-first fusion-column-last\" style=\"--awb-bg-size:cover;\"><div class=\"fusion-column-wrapper fusion-flex-column-wrapper-legacy\"><div class=\"fusion-section-separator section-separator triangle fusion-section-separator-1\" style=\"--awb-border-bottom:1px solid #f6f6f6;--awb-spacer-height:1px;--awb-svg-margin-left:0;--awb-svg-margin-right:0;--awb-icon-color:#ffffff;\"><div class=\"fusion-section-separator-svg\"><div class=\"divider-candy-arrow bottom\" style=\"top:0px;border-top-color: #5fb3ce;\"><\/div><div class=\"divider-candy bottom\" style=\"bottom:-21px;border-bottom:1px solid #f6f6f6;border-left:1px solid #f6f6f6;\"><\/div><\/div><div class=\"fusion-section-separator-spacer\"><div class=\"fusion-section-separator-spacer-height\"><\/div><\/div><\/div><div class=\"fusion-clearfix\"><\/div><\/div><\/div><\/div><\/div><div class=\"fusion-fullwidth fullwidth-box fusion-builder-row-3 nonhundred-percent-fullwidth non-hundred-percent-height-scrolling\" style=\"--awb-border-radius-top-left:0px;--awb-border-radius-top-right:0px;--awb-border-radius-bottom-right:0px;--awb-border-radius-bottom-left:0px;--awb-flex-wrap:wrap;\" ><div class=\"fusion-builder-row fusion-row\"><div class=\"fusion-layout-column fusion_builder_column fusion-builder-column-2 fusion_builder_column_1_1 1_1 fusion-one-full fusion-column-first fusion-column-last\" style=\"--awb-bg-size:cover;\"><div class=\"fusion-column-wrapper fusion-flex-column-wrapper-legacy\"><div class=\"fusion-content-boxes content-boxes columns row fusion-columns-2 fusion-columns-total-2 fusion-content-boxes-1 content-boxes-icon-with-title content-left\" style=\"--awb-hover-accent-color:#1a80b6;--awb-circle-hover-accent-color:#1a80b6;\" data-animationOffset=\"top-into-view\"><div style=\"--awb-backgroundcolor:rgba(255,255,255,0);\" class=\"fusion-column content-box-column content-box-column content-box-column-1 col-lg-6 col-md-6 col-sm-6 fusion-content-box-hover content-box-column-first-in-row\"><div class=\"col content-box-wrapper content-wrapper link-area-link-icon icon-hover-animation-fade\" data-animationOffset=\"top-into-view\"><div class=\"heading icon-left\"><h2 class=\"content-box-heading\" style=\"--h2_typography-font-size:18px;line-height:23px;\">LAB400 - Labeler dla kart pami\u0119ci<\/h2><\/div><div class=\"fusion-clearfix\"><\/div><div class=\"content-container\">\n<p><img decoding=\"async\" class=\"size-600 wp-image-290 aligncenter\" src=\"http:\/\/jmv-packaging.com\/wp-content\/uploads\/2018\/01\/Etikettierer-Speicherkarten.jpg\" alt=\"\" data-mce-src=\"http:\/\/jmv-packaging.com\/wp-content\/uploads\/2018\/01\/Etikettierer-Speicherkarten.jpg\" width=\"600\" height=\"600\" srcset=\"https:\/\/jmv-packaging.com\/wp-content\/uploads\/2018\/01\/Etikettierer-Speicherkarten-66x66.jpg 66w, https:\/\/jmv-packaging.com\/wp-content\/uploads\/2018\/01\/Etikettierer-Speicherkarten-150x150.jpg 150w, https:\/\/jmv-packaging.com\/wp-content\/uploads\/2018\/01\/Etikettierer-Speicherkarten-200x200.jpg 200w, https:\/\/jmv-packaging.com\/wp-content\/uploads\/2018\/01\/Etikettierer-Speicherkarten-300x300.jpg 300w, https:\/\/jmv-packaging.com\/wp-content\/uploads\/2018\/01\/Etikettierer-Speicherkarten-400x400.jpg 400w, https:\/\/jmv-packaging.com\/wp-content\/uploads\/2018\/01\/Etikettierer-Speicherkarten-600x600.jpg 600w, https:\/\/jmv-packaging.com\/wp-content\/uploads\/2018\/01\/Etikettierer-Speicherkarten-768x768.jpg 768w, https:\/\/jmv-packaging.com\/wp-content\/uploads\/2018\/01\/Etikettierer-Speicherkarten-800x800.jpg 800w, https:\/\/jmv-packaging.com\/wp-content\/uploads\/2018\/01\/Etikettierer-Speicherkarten-1024x1024.jpg 1024w, https:\/\/jmv-packaging.com\/wp-content\/uploads\/2018\/01\/Etikettierer-Speicherkarten.jpg 1200w\" sizes=\"(max-width: 600px) 100vw, 600px\" \/><\/p>\n<\/div><\/div><\/div><div style=\"--awb-backgroundcolor:rgba(255,255,255,0);\" class=\"fusion-column content-box-column content-box-column content-box-column-2 col-lg-6 col-md-6 col-sm-6 fusion-content-box-hover content-box-column-last content-box-column-last-in-row\"><div class=\"col content-box-wrapper content-wrapper link-area-link-icon icon-hover-animation-fade\" data-animationOffset=\"top-into-view\"><div class=\"heading icon-left\"><h2 class=\"content-box-heading\" style=\"--h2_typography-font-size:18px;line-height:23px;\">LAB400 Aplikator karty pami\u0119ci etykiet <\/h2><\/div><div class=\"fusion-clearfix\"><\/div><div class=\"content-container\">\n<h3><span id=\"result_box\" class=\"\" lang=\"pl\"><span class=\"\">O LAB400 dla kart pami\u0119ci z naklejkami na etykiety.<\/span><\/span><\/h3>\n<p>AB400 etykieciarka kart pami\u0119ci zosta\u0142a zaprojektowana do stosowania etykiet dok\u0142adnie i szybko na kartach pami\u0119ci flash, zazwyczaj na kartach SD z pr\u0119dko\u015bci\u0105 do 6500 sztuk na godzin\u0119. <\/p>\n<p> Dzia\u0142anie LAB400 jest \u0142atwe. Karty pami\u0119ci s\u0105 automatycznie podawane do zbiornika do g\u0142owicy etykiet, w kt\u00f3rych zadrukowane etykiety s\u0105 nak\u0142adane na wysokim poziomie z dok\u0142adno\u015bci\u0105 umieszczania. Oznaczenie kart mo\u017ce by\u0107 zebrane w opcjonalnym koszu odbieraj\u0105cego.<\/p>\n<p> LAB400 mo\u017ce by\u0107 stosowana jako samodzielne urz\u0105dzenia lub mo\u017ce by\u0107 z \u0142atwo\u015bci\u0105 w\u0142\u0105czona do linii przeno\u015bnej produkcji.<\/p>\n<p><strong>Wej\u015bcie zbiornika<\/strong><\/p>\n<p>Wymienne wej\u015bcie zbiornika, mo\u017ce pomie\u015bci\u0107 do 300 kart, mo\u017ce by\u0107 uzupe\u0142niany bez zatrzymywania maszyny. Od kiedy wej\u015bcie zbiornika jest ruchome, mog\u0105 by\u0107 za\u0142adowane wcze\u015bniejsze karty pami\u0119ci. Dodatkowe wej\u015bcia zbiornik\u00f3w s\u0105 r\u00f3wnie\u017c dost\u0119pne.<\/p>\n<p><strong>Wyj\u015bcie zbiornika<\/strong><\/p>\n<p>Opcjonalna uk\u0142adarka zajmuje pami\u0119\u0107 karty w sekwencji uporz\u0105dkowanej. Nie wymaga wielu styl\u00f3w, kt\u00f3ry (opakowanie, etc.) znacznie u\u0142atwia dalsze przetwarzanie.<\/p>\n<p> Dodatkowe wyj\u015bcia zbiornik\u00f3w s\u0105 r\u00f3wnie\u017c dost\u0119pne. Zaprojektowane specjalnie dla pami\u0119ci Flash, LAB4000 wyznacza nowy standard wydajnego etykietowania. <\/p>\n<p> Etykiety SA stosowane w u\u0142amku wymaganego czasu na r\u0119czne zastosowanie ich, co zwi\u0119ksza wydajno\u015b\u0107 do 400 % i redukuje b\u0142\u0119dy w zakresie etykietowania<\/p>\n<\/div><\/div><\/div><div class=\"fusion-clearfix\"><\/div><\/div><div class=\"fusion-content-boxes content-boxes columns row fusion-columns-2 fusion-columns-total-2 fusion-content-boxes-2 content-boxes-icon-with-title content-left\" style=\"--awb-hover-accent-color:#1a80b6;--awb-circle-hover-accent-color:#1a80b6;\" data-animationOffset=\"top-into-view\"><div style=\"--awb-backgroundcolor:rgba(255,255,255,0);\" class=\"fusion-column content-box-column content-box-column content-box-column-1 col-lg-6 col-md-6 col-sm-6 fusion-content-box-hover content-box-column-first-in-row\"><div class=\"col content-box-wrapper content-wrapper link-area-link-icon icon-hover-animation-fade\" data-animationOffset=\"top-into-view\"><div class=\"heading heading-with-icon icon-left\"><div class=\"icon\"><i style=\"border-color:#333333;border-width:1px;background-color:#333333;box-sizing:content-box;height:42px;width:42px;line-height:42px;border-radius:50%;font-size:21px;\" aria-hidden=\"true\" class=\"fontawesome-icon fa fa-chevron-right circle-yes\"><\/i><\/div><h2 class=\"content-box-heading\" style=\"--h2_typography-font-size:18px;line-height:23px;\">Cechy produktu<\/h2><\/div><div class=\"fusion-clearfix\"><\/div><div class=\"content-container\">\n<ul>\n<li>W pe\u0142ni automatyczna etykieciarka kart pami\u0119ci<\/li>\n<li>Du\u017ca przepustowo\u015b\u0107 do 6500 \/ h<\/li>\n<li>Regulowanie do r\u00f3\u017cnych produkt\u00f3w<\/li>\n<li>Bardzo dok\u0142adne pozycjonowanie etykiety<\/li>\n<li>Kompaktowy i przeno\u015bny<\/li>\n<\/ul>\n<p><strong>Opcje dodatkowe:<\/strong><\/p>\n<ul>\n<li>Dodatkowe ruchome wej\u015bcie zbiornika<\/li>\n<li>&nbsp;Ruchome wyj\u015bcie zbiornika \/uk\u0142adarka<\/li>\n<\/ul>\n<\/div><\/div><\/div><div style=\"--awb-backgroundcolor:rgba(255,255,255,0);\" class=\"fusion-column content-box-column content-box-column content-box-column-2 col-lg-6 col-md-6 col-sm-6 fusion-content-box-hover content-box-column-last content-box-column-last-in-row\"><div class=\"col content-box-wrapper content-wrapper link-area-link-icon icon-hover-animation-fade\" data-animationOffset=\"top-into-view\"><div class=\"heading heading-with-icon icon-left\"><div class=\"icon\"><i style=\"border-color:#333333;border-width:1px;background-color:#333333;box-sizing:content-box;height:42px;width:42px;line-height:42px;border-radius:50%;font-size:21px;\" aria-hidden=\"true\" class=\"fontawesome-icon fa fa-chevron-right circle-yes\"><\/i><\/div><h2 class=\"content-box-heading\" style=\"--h2_typography-font-size:18px;line-height:23px;\">Dalsze informacje<\/h2><\/div><div class=\"fusion-clearfix\"><\/div><div class=\"content-container\">\n<div class=\"content-container\">\n<div class=\"content-container\">\n<div class=\"content-container\">\n<h2><strong><span id=\"result_box\" class=\"short_text\" lang=\"pl\"><span class=\"\">Specyfikacja techniczna:<\/span><\/span><\/strong><\/h2>\n<div class=\"fusion-button-wrapper\"><a class=\"fusion-button button-flat fusion-button-default-size button-default fusion-button-default button-1 fusion-button-default-span fusion-button-default-type\" target=\"_blank\" rel=\"noopener noreferrer\" href=\"#\"><span class=\"fusion-button-text awb-button__text awb-button__text--default\">Download PDF-Dokument<\/span><\/a><\/div>\n<div class=\"fusion-sep-clear\"><\/div><div class=\"fusion-separator fusion-full-width-sep\" style=\"margin-left: auto;margin-right: auto;margin-top:10px;margin-bottom:10px;width:100%;\"><\/div><div class=\"fusion-sep-clear\"><\/div>\n<h2><strong><span id=\"result_box\" class=\"short_text\" lang=\"pl\"><span class=\"\">Zam\u00f3w online teraz:<\/span><\/span><\/strong><\/h2>\n<div class=\"fusion-button-wrapper\"><a class=\"fusion-button button-flat fusion-button-default-size button-default fusion-button-default button-2 fusion-button-default-span fusion-button-default-type\" target=\"_blank\" rel=\"noopener noreferrer\" href=\"https:\/\/adr-shop.com\"><span class=\"fusion-button-text awb-button__text awb-button__text--default\">Direkt zum Onlineshop !!!<\/span><\/a><\/div>\n<\/div>\n<\/div>\n<\/div>\n<\/div><\/div><\/div><div class=\"fusion-clearfix\"><\/div><\/div><div class=\"fusion-clearfix\"><\/div><\/div><\/div><\/div><\/div><\/p>\n","protected":false},"excerpt":{"rendered":"","protected":false},"author":1,"featured_media":0,"parent":1838,"menu_order":0,"comment_status":"closed","ping_status":"closed","template":"","meta":{"_monsterinsights_skip_tracking":false,"_monsterinsights_sitenote_active":false,"_monsterinsights_sitenote_note":"","_monsterinsights_sitenote_category":0,"footnotes":""},"class_list":["post-1844","page","type-page","status-publish","hentry"],"_links":{"self":[{"href":"https:\/\/jmv-packaging.com\/pl\/wp-json\/wp\/v2\/pages\/1844","targetHints":{"allow":["GET"]}}],"collection":[{"href":"https:\/\/jmv-packaging.com\/pl\/wp-json\/wp\/v2\/pages"}],"about":[{"href":"https:\/\/jmv-packaging.com\/pl\/wp-json\/wp\/v2\/types\/page"}],"author":[{"embeddable":true,"href":"https:\/\/jmv-packaging.com\/pl\/wp-json\/wp\/v2\/users\/1"}],"replies":[{"embeddable":true,"href":"https:\/\/jmv-packaging.com\/pl\/wp-json\/wp\/v2\/comments?post=1844"}],"version-history":[{"count":16,"href":"https:\/\/jmv-packaging.com\/pl\/wp-json\/wp\/v2\/pages\/1844\/revisions"}],"predecessor-version":[{"id":1860,"href":"https:\/\/jmv-packaging.com\/pl\/wp-json\/wp\/v2\/pages\/1844\/revisions\/1860"}],"up":[{"embeddable":true,"href":"https:\/\/jmv-packaging.com\/pl\/wp-json\/wp\/v2\/pages\/1838"}],"wp:attachment":[{"href":"https:\/\/jmv-packaging.com\/pl\/wp-json\/wp\/v2\/media?parent=1844"}],"curies":[{"name":"wp","href":"https:\/\/api.w.org\/{rel}","templated":true}]}}