{"id":1905,"date":"2018-03-01T16:02:43","date_gmt":"2018-03-01T15:02:43","guid":{"rendered":"http:\/\/jmv-packaging.com\/produkty\/etykieciarka\/opcje-etykietowania\/"},"modified":"2018-03-01T16:02:52","modified_gmt":"2018-03-01T15:02:52","slug":"opcje-etykietowania","status":"publish","type":"page","link":"https:\/\/jmv-packaging.com\/pl\/produkty\/etykieciarka\/opcje-etykietowania\/","title":{"rendered":"Opcje etykietowania"},"content":{"rendered":"<p><div class=\"fusion-fullwidth fullwidth-box fusion-builder-row-1 nonhundred-percent-fullwidth non-hundred-percent-height-scrolling\" style=\"--awb-border-radius-top-left:0px;--awb-border-radius-top-right:0px;--awb-border-radius-bottom-right:0px;--awb-border-radius-bottom-left:0px;--awb-background-color:#5fb3ce;--awb-flex-wrap:wrap;\" ><div class=\"fusion-builder-row fusion-row\"><div class=\"fusion-layout-column fusion_builder_column fusion-builder-column-0 fusion_builder_column_1_1 1_1 fusion-one-full fusion-column-first fusion-column-last\" style=\"--awb-bg-size:cover;\"><div class=\"fusion-column-wrapper fusion-flex-column-wrapper-legacy\"><div class=\"fusion-text fusion-text-1\"><h1 style=\"text-align: center;\"><span style=\"color: #ffffff;\"><span class=\"last\"><span id=\"result_box\" class=\"\" lang=\"pl\"><span class=\"\">Zwi\u0119ksz wydajno\u015b\u0107 i przepustowo\u015b\u0107 swoich system\u00f3w etykiet dzi\u0119ki tym opcjom etykietowania<\/span><\/span><\/span><\/span><\/h1>\n<\/div><div class=\"fusion-clearfix\"><\/div><\/div><\/div><\/div><\/div><div class=\"fusion-fullwidth fullwidth-box fusion-builder-row-2 nonhundred-percent-fullwidth non-hundred-percent-height-scrolling\" style=\"--awb-border-radius-top-left:0px;--awb-border-radius-top-right:0px;--awb-border-radius-bottom-right:0px;--awb-border-radius-bottom-left:0px;--awb-margin-bottom:30px;--awb-flex-wrap:wrap;\" ><div class=\"fusion-builder-row fusion-row\"><div class=\"fusion-layout-column fusion_builder_column fusion-builder-column-1 fusion_builder_column_1_1 1_1 fusion-one-full fusion-column-first fusion-column-last\" style=\"--awb-bg-size:cover;\"><div class=\"fusion-column-wrapper fusion-flex-column-wrapper-legacy\"><div class=\"fusion-section-separator section-separator triangle fusion-section-separator-1\" style=\"--awb-border-bottom:1px solid #f6f6f6;--awb-spacer-height:1px;--awb-svg-margin-left:0;--awb-svg-margin-right:0;--awb-icon-color:#ffffff;\"><div class=\"fusion-section-separator-svg\"><div class=\"divider-candy-arrow bottom\" style=\"top:0px;border-top-color: #5fb3ce;\"><\/div><div class=\"divider-candy bottom\" style=\"bottom:-21px;border-bottom:1px solid #f6f6f6;border-left:1px solid #f6f6f6;\"><\/div><\/div><div class=\"fusion-section-separator-spacer\"><div class=\"fusion-section-separator-spacer-height\"><\/div><\/div><\/div><div class=\"fusion-clearfix\"><\/div><\/div><\/div><\/div><\/div><div class=\"fusion-fullwidth fullwidth-box fusion-builder-row-3 nonhundred-percent-fullwidth non-hundred-percent-height-scrolling\" style=\"--awb-border-radius-top-left:0px;--awb-border-radius-top-right:0px;--awb-border-radius-bottom-right:0px;--awb-border-radius-bottom-left:0px;--awb-flex-wrap:wrap;\" ><div class=\"fusion-builder-row fusion-row\"><div class=\"fusion-layout-column fusion_builder_column fusion-builder-column-2 fusion_builder_column_1_1 1_1 fusion-one-full fusion-column-first fusion-column-last\" style=\"--awb-bg-size:cover;\"><div class=\"fusion-column-wrapper fusion-flex-column-wrapper-legacy\"><div class=\"fusion-text fusion-text-2\"><h3>Zbiornik FF500 jest opcjonalny dla etykieciarki p\u0142yt LAB500 , k\u00f3ra rozdziela papier, tworzywa sztuczne i ok\u0142adki Tyvek, CD ozdobne, no\u015bniki CD z serii SLIM, no\u015bniki DVD i inne p\u0142askie przedmioty. Zbiornik posiada ok\u0142adki papierowe lub pude\u0142ka i mo\u017ce by\u0107 uzupe\u0142niany, gdy urz\u0105dzenie pracuje.<\/h3>\n<p>Opcjonalnie FF500 dzia\u0142a r\u00f3wnie\u017c jako automatyczny folder klapy, sk\u0142adany w d\u00f3\u0142 klapy papieru i ok\u0142adek Tyvek CD i innych kopert, kt\u00f3re przechodz\u0105 ze zbiornika na ta\u015bmoci\u0105gu w LAB500. Nawet najbardziej podstawow\u0105 ok\u0142adk\u0105 mo\u017ce by\u0107 sk\u0142adane, a nast\u0119pnie zabezpieczone poprzez dodanie zak\u0142adki etykiet.<\/p>\n<\/div><div class=\"fusion-content-boxes content-boxes columns row fusion-columns-2 fusion-columns-total-2 fusion-content-boxes-1 content-boxes-icon-with-title content-left\" style=\"--awb-margin-top:50px;--awb-hover-accent-color:#1a80b6;--awb-circle-hover-accent-color:#1a80b6;\" data-animationOffset=\"top-into-view\"><div style=\"--awb-backgroundcolor:rgba(255,255,255,0);\" class=\"fusion-column content-box-column content-box-column content-box-column-1 col-lg-6 col-md-6 col-sm-6 fusion-content-box-hover content-box-column-first-in-row\"><div class=\"col content-box-wrapper content-wrapper link-area-link-icon icon-hover-animation-fade\" data-animationOffset=\"top-into-view\"><div class=\"heading icon-left\"><h2 class=\"content-box-heading\" style=\"--h2_typography-font-size:18px;line-height:23px;\">FD120 \u2013 automatyczny podajnik p\u0142yt <\/h2><\/div><div class=\"fusion-clearfix\"><\/div><div class=\"content-container\">\n<p><img decoding=\"async\" class=\"size-600 wp-image-416 aligncenter\" src=\"http:\/\/jmv-packaging.com\/wp-content\/uploads\/2018\/01\/FD120.jpg\" alt=\"\" width=\"600\" height=\"600\" srcset=\"https:\/\/jmv-packaging.com\/wp-content\/uploads\/2018\/01\/FD120-66x66.jpg 66w, https:\/\/jmv-packaging.com\/wp-content\/uploads\/2018\/01\/FD120-150x150.jpg 150w, https:\/\/jmv-packaging.com\/wp-content\/uploads\/2018\/01\/FD120-200x200.jpg 200w, https:\/\/jmv-packaging.com\/wp-content\/uploads\/2018\/01\/FD120-300x300.jpg 300w, https:\/\/jmv-packaging.com\/wp-content\/uploads\/2018\/01\/FD120-400x400.jpg 400w, https:\/\/jmv-packaging.com\/wp-content\/uploads\/2018\/01\/FD120-600x600.jpg 600w, https:\/\/jmv-packaging.com\/wp-content\/uploads\/2018\/01\/FD120-768x767.jpg 768w, https:\/\/jmv-packaging.com\/wp-content\/uploads\/2018\/01\/FD120-800x799.jpg 800w, https:\/\/jmv-packaging.com\/wp-content\/uploads\/2018\/01\/FD120-1024x1024.jpg 1024w, https:\/\/jmv-packaging.com\/wp-content\/uploads\/2018\/01\/FD120.jpg 1200w\" sizes=\"(max-width: 600px) 100vw, 600px\" \/><\/p>\n<\/div><\/div><\/div><div style=\"--awb-backgroundcolor:rgba(255,255,255,0);\" class=\"fusion-column content-box-column content-box-column content-box-column-2 col-lg-6 col-md-6 col-sm-6 fusion-content-box-hover content-box-column-last content-box-column-last-in-row\"><div class=\"col content-box-wrapper content-wrapper link-area-link-icon icon-hover-animation-fade\" data-animationOffset=\"top-into-view\"><div class=\"heading icon-left\"><h2 class=\"content-box-heading\" style=\"--h2_typography-font-size:18px;line-height:23px;\">FD120 dla CD<\/h2><\/div><div class=\"fusion-clearfix\"><\/div><div class=\"content-container\">\n<p>Automatyczny Podajnik p\u0142yt FD120 z JMV ROBOTIQUE jest dodatkow\u0105 opcj\u0105 dla drukarki p\u0142yt LAB120 do etykietowania p\u0142yt CD i DVD zapewniaj\u0105c \u00a0wydruk powierzchni przed drukowaniem o procesem spalania. Zautomatyzowane ramiona podajnika wybieraj\u0105 z 180 dyskowego wrzeciona i umieszczaj\u0105 j\u0105 na tacy do etykietowania LAB120. Wtedy gdy etykieta zostanie przyklejona, drugie rami\u0119 przesuwa wype\u0142nion\u0105 p\u0142yt\u0119 do pustego wrzeciona\u00a0 po prawo, jednocze\u015bnie dostarczaj\u0105c LAB120 czyst\u0105 p\u0142yt\u0119 do etykietowania.<\/p>\n<p>FD120 jest szybkim i skutecznym sposobem, aby uzyska\u0107 doskona\u0142\u0105 powierzchni\u0119 druku na no\u015bnikach z dok\u0142adno\u015bci\u0105 ulokowania go co mniej ni\u017c 0,2 mm.<br \/>\nPrawe wrzeciono mo\u017cna zast\u0105pi\u0107 standardowym ruchomym wrzecionem JMV jak opisywany przy MEP120 CD Sleever.<\/p>\n<p>Oszcz\u0119dno\u015b\u0107 koszt\u00f3w i czasu jest ogromna.\u00a0 Mo\u017cna oznakowa\u0107 \u00a0Dd 1600 p\u0142yt mog\u0105 na godzin\u0119, zapewniaj\u0105c doskona\u0142\u0105 powierzchni\u0119 druku i to zaledwie w u\u0142amek czasu potrzebnego do pakowania r\u0119cznego.<\/p>\n<\/div><\/div><\/div><div class=\"fusion-clearfix\"><\/div><\/div><div class=\"fusion-content-boxes content-boxes columns row fusion-columns-2 fusion-columns-total-2 fusion-content-boxes-2 content-boxes-icon-with-title content-left\" style=\"--awb-hover-accent-color:#1a80b6;--awb-circle-hover-accent-color:#1a80b6;\" data-animationOffset=\"top-into-view\"><div style=\"--awb-backgroundcolor:rgba(255,255,255,0);\" class=\"fusion-column content-box-column content-box-column content-box-column-1 col-lg-6 col-md-6 col-sm-6 fusion-content-box-hover content-box-column-first-in-row\"><div class=\"col content-box-wrapper content-wrapper link-area-link-icon icon-hover-animation-fade\" data-animationOffset=\"top-into-view\"><div class=\"heading icon-left\"><h2 class=\"content-box-heading\" style=\"--h2_typography-font-size:18px;line-height:23px;\">Zebra - Oznakowanie<\/h2><\/div><div class=\"fusion-clearfix\"><\/div><div class=\"content-container\">\n<p><img decoding=\"async\" class=\"size-600 wp-image-412 aligncenter\" src=\"http:\/\/jmv-packaging.com\/wp-content\/uploads\/2018\/01\/Etikettiermaschine_Zebra.jpg\" alt=\"Etikettiermaschine\" width=\"600\" height=\"600\" srcset=\"https:\/\/jmv-packaging.com\/wp-content\/uploads\/2018\/01\/Etikettiermaschine_Zebra-66x66.jpg 66w, https:\/\/jmv-packaging.com\/wp-content\/uploads\/2018\/01\/Etikettiermaschine_Zebra-150x150.jpg 150w, https:\/\/jmv-packaging.com\/wp-content\/uploads\/2018\/01\/Etikettiermaschine_Zebra-200x200.jpg 200w, https:\/\/jmv-packaging.com\/wp-content\/uploads\/2018\/01\/Etikettiermaschine_Zebra-300x300.jpg 300w, https:\/\/jmv-packaging.com\/wp-content\/uploads\/2018\/01\/Etikettiermaschine_Zebra-400x400.jpg 400w, https:\/\/jmv-packaging.com\/wp-content\/uploads\/2018\/01\/Etikettiermaschine_Zebra-600x600.jpg 600w, https:\/\/jmv-packaging.com\/wp-content\/uploads\/2018\/01\/Etikettiermaschine_Zebra-768x768.jpg 768w, https:\/\/jmv-packaging.com\/wp-content\/uploads\/2018\/01\/Etikettiermaschine_Zebra-800x800.jpg 800w, https:\/\/jmv-packaging.com\/wp-content\/uploads\/2018\/01\/Etikettiermaschine_Zebra-1024x1024.jpg 1024w, https:\/\/jmv-packaging.com\/wp-content\/uploads\/2018\/01\/Etikettiermaschine_Zebra.jpg 1200w\" sizes=\"(max-width: 600px) 100vw, 600px\" \/><\/p>\n<\/div><\/div><\/div><div style=\"--awb-backgroundcolor:rgba(255,255,255,0);\" class=\"fusion-column content-box-column content-box-column content-box-column-2 col-lg-6 col-md-6 col-sm-6 fusion-content-box-hover content-box-column-last content-box-column-last-in-row\"><div class=\"col content-box-wrapper content-wrapper link-area-link-icon icon-hover-animation-fade\" data-animationOffset=\"top-into-view\"><div class=\"heading icon-left\"><h2 class=\"content-box-heading\" style=\"--h2_typography-font-size:18px;line-height:23px;\">Zebra oznakowanie<\/h2><\/div><div class=\"fusion-clearfix\"><\/div><div class=\"content-container\">\n<h3>Do stosowania z:<\/h3>\n<ul>\n<li><a href=\"http:\/\/www.jmv-packaging.com\/produkte\/etikettierer\/lab500-universeller-etikettierer\">Lab500 uniwersalna maszyna do etykietowania<\/a><\/li>\n<\/ul>\n<p>Drukarka etykiet Zebra jest opcjonalna dla maszyny do etykietowania LAB500 z JMV ROBOTIQUE, drukowanie kod\u00f3w kreskowych i etykiet dla r\u00f3\u017cnych pakiet\u00f3w i typ\u00f3w materia\u0142\u00f3w.<\/p>\n<\/div><\/div><\/div><div class=\"fusion-clearfix\"><\/div><\/div><div class=\"fusion-content-boxes content-boxes columns row fusion-columns-2 fusion-columns-total-2 fusion-content-boxes-3 content-boxes-icon-with-title content-left\" style=\"--awb-hover-accent-color:#1a80b6;--awb-circle-hover-accent-color:#1a80b6;\" data-animationOffset=\"top-into-view\"><div style=\"--awb-backgroundcolor:rgba(255,255,255,0);\" class=\"fusion-column content-box-column content-box-column content-box-column-1 col-lg-6 col-md-6 col-sm-6 fusion-content-box-hover content-box-column-first-in-row\"><div class=\"col content-box-wrapper content-wrapper link-area-link-icon icon-hover-animation-fade\" data-animationOffset=\"top-into-view\"><div class=\"heading icon-left\"><h2 class=\"content-box-heading\" style=\"--h2_typography-font-size:18px;line-height:23px;\">TT500- maszyna do etykietowania Tabber <\/h2><\/div><div class=\"fusion-clearfix\"><\/div><div class=\"content-container\">\n<p><img decoding=\"async\" class=\"size-600 wp-image-414 aligncenter\" src=\"http:\/\/jmv-packaging.com\/wp-content\/uploads\/2018\/01\/Etiketten-Tabber-_TT500.jpg\" alt=\"Etiketten-Tabber\" width=\"600\" height=\"600\" srcset=\"https:\/\/jmv-packaging.com\/wp-content\/uploads\/2018\/01\/Etiketten-Tabber-_TT500-66x66.jpg 66w, https:\/\/jmv-packaging.com\/wp-content\/uploads\/2018\/01\/Etiketten-Tabber-_TT500-150x150.jpg 150w, https:\/\/jmv-packaging.com\/wp-content\/uploads\/2018\/01\/Etiketten-Tabber-_TT500-200x200.jpg 200w, https:\/\/jmv-packaging.com\/wp-content\/uploads\/2018\/01\/Etiketten-Tabber-_TT500-300x300.jpg 300w, https:\/\/jmv-packaging.com\/wp-content\/uploads\/2018\/01\/Etiketten-Tabber-_TT500-400x400.jpg 400w, https:\/\/jmv-packaging.com\/wp-content\/uploads\/2018\/01\/Etiketten-Tabber-_TT500-600x600.jpg 600w, https:\/\/jmv-packaging.com\/wp-content\/uploads\/2018\/01\/Etiketten-Tabber-_TT500-768x768.jpg 768w, https:\/\/jmv-packaging.com\/wp-content\/uploads\/2018\/01\/Etiketten-Tabber-_TT500-800x800.jpg 800w, https:\/\/jmv-packaging.com\/wp-content\/uploads\/2018\/01\/Etiketten-Tabber-_TT500-1024x1024.jpg 1024w, https:\/\/jmv-packaging.com\/wp-content\/uploads\/2018\/01\/Etiketten-Tabber-_TT500.jpg 1200w\" sizes=\"(max-width: 600px) 100vw, 600px\" \/><\/p>\n<\/div><\/div><\/div><div style=\"--awb-backgroundcolor:rgba(255,255,255,0);\" class=\"fusion-column content-box-column content-box-column content-box-column-2 col-lg-6 col-md-6 col-sm-6 fusion-content-box-hover content-box-column-last content-box-column-last-in-row\"><div class=\"col content-box-wrapper content-wrapper link-area-link-icon icon-hover-animation-fade\" data-animationOffset=\"top-into-view\"><div class=\"heading icon-left\"><h2 class=\"content-box-heading\" style=\"--h2_typography-font-size:18px;line-height:23px;\">TT500 - maszyna do etykietowania Tabber<\/h2><\/div><div class=\"fusion-clearfix\"><\/div><div class=\"content-container\">\n<h3>Cechy produktu<\/h3>\n<ul>\n<li>G\u0142o\u015bnomowi\u0105ca tarcza etykietowania<\/li>\n<li>Do 1600 p\u0142yt na godzin\u0119<\/li>\n<li>180 p\u0142yt ojemno\u015bci wrzeciona<\/li>\n<li>Urz\u0105dzenie sto\u0142owe<\/li>\n<li>W pe\u0142ni przeno\u015bny<\/li>\n<\/ul>\n<p><strong>Do u\u017cytku w po\u0142\u0105czeniu z:<\/strong><br \/>\nLab120 maszyn\u0105 do etykietowania p\u0142yt<\/p>\n<\/div><\/div><\/div><div class=\"fusion-clearfix\"><\/div><\/div><div class=\"fusion-content-boxes content-boxes columns row fusion-columns-2 fusion-columns-total-2 fusion-content-boxes-4 content-boxes-icon-with-title content-left\" style=\"--awb-hover-accent-color:#1a80b6;--awb-circle-hover-accent-color:#1a80b6;\" data-animationOffset=\"top-into-view\"><div style=\"--awb-backgroundcolor:rgba(255,255,255,0);\" class=\"fusion-column content-box-column content-box-column content-box-column-1 col-lg-6 col-md-6 col-sm-6 fusion-content-box-hover content-box-column-first-in-row\"><div class=\"col content-box-wrapper content-wrapper link-area-link-icon icon-hover-animation-fade\" data-animationOffset=\"top-into-view\"><div class=\"heading icon-left\"><h2 class=\"content-box-heading\" style=\"--h2_typography-font-size:18px;line-height:23px;\">FF500 - Hopper moduly<\/h2><\/div><div class=\"fusion-clearfix\"><\/div><div class=\"content-container\">\n<p><img decoding=\"async\" class=\"size-full wp-image-418 aligncenter\" src=\"http:\/\/jmv-packaging.com\/wp-content\/uploads\/2018\/01\/FF500.jpg\" alt=\"\" width=\"279\" height=\"305\" srcset=\"https:\/\/jmv-packaging.com\/wp-content\/uploads\/2018\/01\/FF500-200x219.jpg 200w, https:\/\/jmv-packaging.com\/wp-content\/uploads\/2018\/01\/FF500-274x300.jpg 274w, https:\/\/jmv-packaging.com\/wp-content\/uploads\/2018\/01\/FF500.jpg 279w\" sizes=\"(max-width: 279px) 100vw, 279px\" \/><\/p>\n<\/div><\/div><\/div><div style=\"--awb-backgroundcolor:rgba(255,255,255,0);\" class=\"fusion-column content-box-column content-box-column content-box-column-2 col-lg-6 col-md-6 col-sm-6 fusion-content-box-hover content-box-column-last content-box-column-last-in-row\"><div class=\"col content-box-wrapper content-wrapper link-area-link-icon icon-hover-animation-fade\" data-animationOffset=\"top-into-view\"><div class=\"heading icon-left\"><h2 class=\"content-box-heading\" style=\"--h2_typography-font-size:18px;line-height:23px;\">Dystrybutor os\u0142onek<\/h2><\/div><div class=\"fusion-clearfix\"><\/div><div class=\"content-container\">\n<div class=\"itemIntroText\">\n<p><strong>Cechy produktu<\/strong><\/p>\n<ul>\n<li>Kompatybilny z LAB500 \u2013 uniwersaln\u0105 maszyn\u0105 do etykietowania<\/li>\n<li>Zaginanie klap na ok\u0142adkach p\u0142yt<\/li>\n<li>Dotyczy etykiet zak\u0142adki do bezpiecznego mocowania no\u015bnik\u00f3w i ok\u0142adek<\/li>\n<li>Ponad 4000 etykiet na godzin\u0119<\/li>\n<li>Nadaje si\u0119 do etykietowania ozdobnych no\u015bnik\u00f3w, no\u015bnik\u00f3w DVD, kaset magnetofonowych, VHS<\/li>\n<li>Kasety, CD r\u0119kawy<\/li>\n<li>Urz\u0105dzenie sto\u0142owe<\/li>\n<li>W pe\u0142ni przeno\u015bny<\/li>\n<\/ul>\n<p><strong>Do stosowania z<\/strong><\/p>\n<ul>\n<li>Lab500 uniwersaln\u0105 maszyn\u0105 do etykietowania<\/li>\n<\/ul>\n<\/div>\n<\/div><\/div><\/div><div class=\"fusion-clearfix\"><\/div><\/div><div class=\"fusion-clearfix\"><\/div><\/div><\/div><\/div><\/div><\/p>\n","protected":false},"excerpt":{"rendered":"","protected":false},"author":1,"featured_media":0,"parent":1838,"menu_order":99,"comment_status":"closed","ping_status":"closed","template":"","meta":{"_monsterinsights_skip_tracking":false,"_monsterinsights_sitenote_active":false,"_monsterinsights_sitenote_note":"","_monsterinsights_sitenote_category":0,"footnotes":""},"class_list":["post-1905","page","type-page","status-publish","hentry"],"_links":{"self":[{"href":"https:\/\/jmv-packaging.com\/pl\/wp-json\/wp\/v2\/pages\/1905","targetHints":{"allow":["GET"]}}],"collection":[{"href":"https:\/\/jmv-packaging.com\/pl\/wp-json\/wp\/v2\/pages"}],"about":[{"href":"https:\/\/jmv-packaging.com\/pl\/wp-json\/wp\/v2\/types\/page"}],"author":[{"embeddable":true,"href":"https:\/\/jmv-packaging.com\/pl\/wp-json\/wp\/v2\/users\/1"}],"replies":[{"embeddable":true,"href":"https:\/\/jmv-packaging.com\/pl\/wp-json\/wp\/v2\/comments?post=1905"}],"version-history":[{"count":18,"href":"https:\/\/jmv-packaging.com\/pl\/wp-json\/wp\/v2\/pages\/1905\/revisions"}],"predecessor-version":[{"id":1923,"href":"https:\/\/jmv-packaging.com\/pl\/wp-json\/wp\/v2\/pages\/1905\/revisions\/1923"}],"up":[{"embeddable":true,"href":"https:\/\/jmv-packaging.com\/pl\/wp-json\/wp\/v2\/pages\/1838"}],"wp:attachment":[{"href":"https:\/\/jmv-packaging.com\/pl\/wp-json\/wp\/v2\/media?parent=1905"}],"curies":[{"name":"wp","href":"https:\/\/api.w.org\/{rel}","templated":true}]}}