{"id":1935,"date":"2018-03-01T16:15:42","date_gmt":"2018-03-01T15:15:42","guid":{"rendered":"http:\/\/jmv-packaging.com\/produkty\/opakowanie\/"},"modified":"2018-08-29T21:46:29","modified_gmt":"2018-08-29T19:46:29","slug":"opakowanie","status":"publish","type":"page","link":"https:\/\/jmv-packaging.com\/pl\/produkty\/opakowanie\/","title":{"rendered":"Opakowanie"},"content":{"rendered":"<p><div class=\"fusion-fullwidth fullwidth-box fusion-builder-row-1 nonhundred-percent-fullwidth non-hundred-percent-height-scrolling\" style=\"--awb-border-radius-top-left:0px;--awb-border-radius-top-right:0px;--awb-border-radius-bottom-right:0px;--awb-border-radius-bottom-left:0px;--awb-flex-wrap:wrap;\" ><div class=\"fusion-builder-row fusion-row\"><div class=\"fusion-layout-column fusion_builder_column fusion-builder-column-0 fusion_builder_column_1_1 1_1 fusion-one-full fusion-column-first fusion-column-last\" style=\"--awb-bg-size:cover;\"><div class=\"fusion-column-wrapper fusion-flex-column-wrapper-legacy\"><div class=\"fusion-text fusion-text-1\"><p><strong>Jeste\u015bmy Twoim \u017ar\u00f3d\u0142em CD, DVD i Blue Ray maszyny pakuj\u0105cej.<\/strong><\/p>\n<p>JMV ROBOTIQUE oferuje rozwi\u0105zania dla r\u00f3\u017cnych CD lub. Opakowanie DVD. S\u0105 to p\u0142yty CD-boksera na pude\u0142kach i Jewel-Slim, stacji DVD-mon dla Amarary sprawach i dysku Sleever do workowania p\u0142yt w papier, tektura, tworzywa sztucznego lub Tyvek torby.<\/p>\n<p><strong>CD &#8211; DVD i Blu-ray Packers &#8211; Pakujemy swoich p\u0142yt CD, DVD i Blu-ray!<\/strong><\/p>\n<p>Z szerokiej gamy produkt\u00f3w mo\u017cna JMV ROBOTIQUE to doskona\u0142e rozwi\u0105zanie, spe\u0142niaj\u0105ce wymagane dzia\u0142anie i bud\u017cet: od r\u0119cznego do w pe\u0142ni zautomatyzowane maszyny.<\/p>\n<\/div><div class=\"fusion-clearfix\"><\/div><\/div><\/div><\/div><\/div><div class=\"fusion-fullwidth fullwidth-box fusion-builder-row-2 nonhundred-percent-fullwidth non-hundred-percent-height-scrolling\" style=\"--awb-border-radius-top-left:0px;--awb-border-radius-top-right:0px;--awb-border-radius-bottom-right:0px;--awb-border-radius-bottom-left:0px;--awb-flex-wrap:wrap;\" ><div class=\"fusion-builder-row fusion-row\"><div class=\"fusion-layout-column fusion_builder_column fusion-builder-column-1 fusion_builder_column_1_2 1_2 fusion-one-half fusion-column-first\" style=\"--awb-bg-size:cover;width:50%;width:calc(50% - ( ( 4% ) * 0.5 ) );margin-right: 4%;\"><div class=\"fusion-column-wrapper fusion-flex-column-wrapper-legacy\"><div class=\"fusion-image-element in-legacy-container\" style=\"--awb-caption-title-font-family:var(--h2_typography-font-family);--awb-caption-title-font-weight:var(--h2_typography-font-weight);--awb-caption-title-font-style:var(--h2_typography-font-style);--awb-caption-title-size:var(--h2_typography-font-size);--awb-caption-title-transform:var(--h2_typography-text-transform);--awb-caption-title-line-height:var(--h2_typography-line-height);--awb-caption-title-letter-spacing:var(--h2_typography-letter-spacing);\"><span class=\" fusion-imageframe imageframe-none imageframe-1 hover-type-none\"><a class=\"fusion-no-lightbox\" href=\"http:\/\/jmv-packaging.com\/pl\/produkty\/opakowanie\/mep120-automatyczny-dysk-owijarki-cd-dvd\/\" target=\"_self\" aria-label=\"CD-DVD-Verpacker_MEP120\"><img decoding=\"async\" width=\"1200\" height=\"1200\" src=\"http:\/\/jmv-packaging.com\/wp-content\/uploads\/2018\/01\/CD-DVD-Verpacker_MEP120-1200x1200.jpg\" alt class=\"img-responsive wp-image-985\" srcset=\"https:\/\/jmv-packaging.com\/wp-content\/uploads\/2018\/01\/CD-DVD-Verpacker_MEP120-200x200.jpg 200w, https:\/\/jmv-packaging.com\/wp-content\/uploads\/2018\/01\/CD-DVD-Verpacker_MEP120-400x400.jpg 400w, https:\/\/jmv-packaging.com\/wp-content\/uploads\/2018\/01\/CD-DVD-Verpacker_MEP120-600x600.jpg 600w, https:\/\/jmv-packaging.com\/wp-content\/uploads\/2018\/01\/CD-DVD-Verpacker_MEP120-800x800.jpg 800w, https:\/\/jmv-packaging.com\/wp-content\/uploads\/2018\/01\/CD-DVD-Verpacker_MEP120.jpg 1200w\" sizes=\"(max-width: 800px) 100vw, 800px\" \/><\/a><\/span><\/div><div class=\"fusion-button-wrapper\"><a class=\"fusion-button button-flat fusion-button-default-size button-default fusion-button-default button-1 fusion-button-default-span fusion-button-default-type\" target=\"_self\" href=\"http:\/\/jmv-packaging.com\/pl\/produkty\/opakowanie\/mep120-automatyczny-dysk-owijarki-cd-dvd\/\"><span class=\"fusion-button-text awb-button__text awb-button__text--default\">MEP120 \u2013 automatyczny dysk owijarki CD DVD<\/span><\/a><\/div><div class=\"fusion-sep-clear\"><\/div><div class=\"fusion-separator fusion-full-width-sep\" style=\"margin-left: auto;margin-right: auto;margin-top:10px;margin-bottom:10px;width:100%;\"><\/div><div class=\"fusion-sep-clear\"><\/div><div class=\"fusion-image-element in-legacy-container\" style=\"--awb-caption-title-font-family:var(--h2_typography-font-family);--awb-caption-title-font-weight:var(--h2_typography-font-weight);--awb-caption-title-font-style:var(--h2_typography-font-style);--awb-caption-title-size:var(--h2_typography-font-size);--awb-caption-title-transform:var(--h2_typography-text-transform);--awb-caption-title-line-height:var(--h2_typography-line-height);--awb-caption-title-letter-spacing:var(--h2_typography-letter-spacing);\"><span class=\" fusion-imageframe imageframe-none imageframe-2 hover-type-none\"><a class=\"fusion-no-lightbox\" href=\"http:\/\/jmv-packaging.com\/pl\/produkty\/opakowanie\/dvd100-instrukcja-dvd-kartoniarki\/\" target=\"_self\" aria-label=\"DVD-Montagestation_DVD100\"><img decoding=\"async\" width=\"1200\" height=\"1200\" src=\"http:\/\/jmv-packaging.com\/wp-content\/uploads\/2018\/01\/DVD-Montagestation_DVD100-1200x1200.jpg\" alt class=\"img-responsive wp-image-1021\" srcset=\"https:\/\/jmv-packaging.com\/wp-content\/uploads\/2018\/01\/DVD-Montagestation_DVD100-200x200.jpg 200w, https:\/\/jmv-packaging.com\/wp-content\/uploads\/2018\/01\/DVD-Montagestation_DVD100-400x400.jpg 400w, https:\/\/jmv-packaging.com\/wp-content\/uploads\/2018\/01\/DVD-Montagestation_DVD100-600x600.jpg 600w, https:\/\/jmv-packaging.com\/wp-content\/uploads\/2018\/01\/DVD-Montagestation_DVD100-800x800.jpg 800w, https:\/\/jmv-packaging.com\/wp-content\/uploads\/2018\/01\/DVD-Montagestation_DVD100.jpg 1200w\" sizes=\"(max-width: 800px) 100vw, 800px\" \/><\/a><\/span><\/div><div class=\"fusion-button-wrapper\"><a class=\"fusion-button button-flat fusion-button-default-size button-default fusion-button-default button-2 fusion-button-default-span fusion-button-default-type\" target=\"_self\" href=\"http:\/\/jmv-packaging.com\/pl\/produkty\/opakowanie\/dvd100-instrukcja-dvd-kartoniarki\/\"><span class=\"fusion-button-text awb-button__text awb-button__text--default\">DVD100 \u2013 Instrukcja DVD kartoniarki<\/span><\/a><\/div><div class=\"fusion-sep-clear\"><\/div><div class=\"fusion-separator fusion-full-width-sep\" style=\"margin-left: auto;margin-right: auto;margin-top:10px;margin-bottom:10px;width:100%;\"><\/div><div class=\"fusion-sep-clear\"><\/div><div class=\"fusion-clearfix\"><\/div><\/div><\/div><div class=\"fusion-layout-column fusion_builder_column fusion-builder-column-2 fusion_builder_column_1_2 1_2 fusion-one-half fusion-column-last\" style=\"--awb-bg-size:cover;width:50%;width:calc(50% - ( ( 4% ) * 0.5 ) );\"><div class=\"fusion-column-wrapper fusion-flex-column-wrapper-legacy\"><div class=\"fusion-image-element in-legacy-container\" style=\"--awb-caption-title-font-family:var(--h2_typography-font-family);--awb-caption-title-font-weight:var(--h2_typography-font-weight);--awb-caption-title-font-style:var(--h2_typography-font-style);--awb-caption-title-size:var(--h2_typography-font-size);--awb-caption-title-transform:var(--h2_typography-text-transform);--awb-caption-title-line-height:var(--h2_typography-line-height);--awb-caption-title-letter-spacing:var(--h2_typography-letter-spacing);\"><span class=\" fusion-imageframe imageframe-none imageframe-3 hover-type-none\"><a class=\"fusion-no-lightbox\" href=\"http:\/\/jmv-packaging.com\/pl\/produkty\/opakowanie\/ff130-automatyczna-klapka-uszczelniajaca\/\" target=\"_self\" aria-label=\"Automatischer-Flap-Sealer_F\"><img decoding=\"async\" width=\"1200\" height=\"1200\" src=\"http:\/\/jmv-packaging.com\/wp-content\/uploads\/2018\/01\/Automatischer-Flap-Sealer_F-1200x1200.jpg\" alt class=\"img-responsive wp-image-1015\" srcset=\"https:\/\/jmv-packaging.com\/wp-content\/uploads\/2018\/01\/Automatischer-Flap-Sealer_F-200x200.jpg 200w, https:\/\/jmv-packaging.com\/wp-content\/uploads\/2018\/01\/Automatischer-Flap-Sealer_F-400x400.jpg 400w, https:\/\/jmv-packaging.com\/wp-content\/uploads\/2018\/01\/Automatischer-Flap-Sealer_F-600x600.jpg 600w, https:\/\/jmv-packaging.com\/wp-content\/uploads\/2018\/01\/Automatischer-Flap-Sealer_F-800x800.jpg 800w, https:\/\/jmv-packaging.com\/wp-content\/uploads\/2018\/01\/Automatischer-Flap-Sealer_F.jpg 1200w\" sizes=\"(max-width: 800px) 100vw, 800px\" \/><\/a><\/span><\/div><div class=\"fusion-button-wrapper\"><a class=\"fusion-button button-flat fusion-button-default-size button-default fusion-button-default button-3 fusion-button-default-span fusion-button-default-type\" target=\"_self\" href=\"http:\/\/jmv-packaging.com\/pl\/produkty\/opakowanie\/ff130-automatyczna-klapka-uszczelniajaca\/\"><span class=\"fusion-button-text awb-button__text awb-button__text--default\">FF130 \u2013 Automatyczna klapka uszczelniaj\u0105ca <\/span><\/a><\/div><div class=\"fusion-sep-clear\"><\/div><div class=\"fusion-separator fusion-full-width-sep\" style=\"margin-left: auto;margin-right: auto;margin-top:10px;margin-bottom:10px;width:100%;\"><\/div><div class=\"fusion-sep-clear\"><\/div><div class=\"fusion-image-element in-legacy-container\" style=\"--awb-caption-title-font-family:var(--h2_typography-font-family);--awb-caption-title-font-weight:var(--h2_typography-font-weight);--awb-caption-title-font-style:var(--h2_typography-font-style);--awb-caption-title-size:var(--h2_typography-font-size);--awb-caption-title-transform:var(--h2_typography-text-transform);--awb-caption-title-line-height:var(--h2_typography-line-height);--awb-caption-title-letter-spacing:var(--h2_typography-letter-spacing);\"><span class=\" fusion-imageframe imageframe-none imageframe-4 hover-type-none\"><a class=\"fusion-no-lightbox\" href=\"http:\/\/jmv-packaging.com\/pl\/produkty\/opakowanie\/bcd100-polautomatyczna-kartoniarka-cd\/\" target=\"_self\" aria-label=\"Halbautomatischer-CD-Packer\"><img decoding=\"async\" width=\"1200\" height=\"1200\" src=\"http:\/\/jmv-packaging.com\/wp-content\/uploads\/2018\/01\/Halbautomatischer-CD-Packer-1200x1200.jpg\" alt class=\"img-responsive wp-image-1027\" srcset=\"https:\/\/jmv-packaging.com\/wp-content\/uploads\/2018\/01\/Halbautomatischer-CD-Packer-200x200.jpg 200w, https:\/\/jmv-packaging.com\/wp-content\/uploads\/2018\/01\/Halbautomatischer-CD-Packer-400x400.jpg 400w, https:\/\/jmv-packaging.com\/wp-content\/uploads\/2018\/01\/Halbautomatischer-CD-Packer-600x600.jpg 600w, https:\/\/jmv-packaging.com\/wp-content\/uploads\/2018\/01\/Halbautomatischer-CD-Packer-800x800.jpg 800w, https:\/\/jmv-packaging.com\/wp-content\/uploads\/2018\/01\/Halbautomatischer-CD-Packer.jpg 1200w\" sizes=\"(max-width: 800px) 100vw, 800px\" \/><\/a><\/span><\/div><div class=\"fusion-button-wrapper\"><a class=\"fusion-button button-flat fusion-button-default-size button-default fusion-button-default button-4 fusion-button-default-span fusion-button-default-type\" target=\"_self\" href=\"http:\/\/jmv-packaging.com\/pl\/produkty\/opakowanie\/bcd100-polautomatyczna-kartoniarka-cd\/\"><span class=\"fusion-button-text awb-button__text awb-button__text--default\">BCD100 \u2013 Halbautomatischer CD-Packer<\/span><\/a><\/div><div class=\"fusion-clearfix\"><\/div><\/div><\/div><\/div><\/div><\/p>\n","protected":false},"excerpt":{"rendered":"","protected":false},"author":1,"featured_media":0,"parent":1830,"menu_order":2,"comment_status":"closed","ping_status":"closed","template":"","meta":{"_monsterinsights_skip_tracking":false,"_monsterinsights_sitenote_active":false,"_monsterinsights_sitenote_note":"","_monsterinsights_sitenote_category":0,"footnotes":""},"class_list":["post-1935","page","type-page","status-publish","hentry"],"_links":{"self":[{"href":"https:\/\/jmv-packaging.com\/pl\/wp-json\/wp\/v2\/pages\/1935","targetHints":{"allow":["GET"]}}],"collection":[{"href":"https:\/\/jmv-packaging.com\/pl\/wp-json\/wp\/v2\/pages"}],"about":[{"href":"https:\/\/jmv-packaging.com\/pl\/wp-json\/wp\/v2\/types\/page"}],"author":[{"embeddable":true,"href":"https:\/\/jmv-packaging.com\/pl\/wp-json\/wp\/v2\/users\/1"}],"replies":[{"embeddable":true,"href":"https:\/\/jmv-packaging.com\/pl\/wp-json\/wp\/v2\/comments?post=1935"}],"version-history":[{"count":5,"href":"https:\/\/jmv-packaging.com\/pl\/wp-json\/wp\/v2\/pages\/1935\/revisions"}],"predecessor-version":[{"id":5272,"href":"https:\/\/jmv-packaging.com\/pl\/wp-json\/wp\/v2\/pages\/1935\/revisions\/5272"}],"up":[{"embeddable":true,"href":"https:\/\/jmv-packaging.com\/pl\/wp-json\/wp\/v2\/pages\/1830"}],"wp:attachment":[{"href":"https:\/\/jmv-packaging.com\/pl\/wp-json\/wp\/v2\/media?parent=1935"}],"curies":[{"name":"wp","href":"https:\/\/api.w.org\/{rel}","templated":true}]}}