{"id":1985,"date":"2018-03-01T19:54:52","date_gmt":"2018-03-01T18:54:52","guid":{"rendered":"http:\/\/jmv-packaging.com\/produkty\/owijanie\/"},"modified":"2018-08-29T21:50:19","modified_gmt":"2018-08-29T19:50:19","slug":"owijanie","status":"publish","type":"page","link":"https:\/\/jmv-packaging.com\/pl\/produkty\/owijanie\/","title":{"rendered":"Owijanie"},"content":{"rendered":"<p><div class=\"fusion-fullwidth fullwidth-box fusion-builder-row-1 nonhundred-percent-fullwidth non-hundred-percent-height-scrolling\" style=\"--awb-border-radius-top-left:0px;--awb-border-radius-top-right:0px;--awb-border-radius-bottom-right:0px;--awb-border-radius-bottom-left:0px;--awb-flex-wrap:wrap;\" ><div class=\"fusion-builder-row fusion-row\"><div class=\"fusion-layout-column fusion_builder_column fusion-builder-column-0 fusion_builder_column_1_1 1_1 fusion-one-full fusion-column-first fusion-column-last\" style=\"--awb-bg-size:cover;\"><div class=\"fusion-column-wrapper fusion-flex-column-wrapper-legacy\"><div class=\"fusion-text fusion-text-1\"><h3>JMV maszyny maszyny do pakowania i zawijania<\/h3>\n<p>Celofan jest maszyna pakuj\u0105ca, \u017ce k\u0142adzie automatyzuje proces pakowania r\u0119cznego i jest to materia\u0142 opakowaniowy (np folia uszczelniaj\u0105ca) w przypadku CD lub DVD, a to pasuje \u0142adnie na ko\u0144cach, jak wiemy to z powrotem Upominek.<\/p>\n<p>W zale\u017cno\u015bci od obci\u0105\u017cenia JMV ROBOTIQUE oferuje szeroki wyb\u00f3r maszyn do pakowania: od p\u00f3\u0142automatycznych do w pe\u0142ni automatycznego urz\u0105dzenia zellophanieren (patrz poni\u017cej).<\/p>\n<\/div><div class=\"fusion-clearfix\"><\/div><\/div><\/div><\/div><\/div><div class=\"fusion-fullwidth fullwidth-box fusion-builder-row-2 nonhundred-percent-fullwidth non-hundred-percent-height-scrolling\" style=\"--awb-border-radius-top-left:0px;--awb-border-radius-top-right:0px;--awb-border-radius-bottom-right:0px;--awb-border-radius-bottom-left:0px;--awb-flex-wrap:wrap;\" ><div class=\"fusion-builder-row fusion-row\"><div class=\"fusion-layout-column fusion_builder_column fusion-builder-column-1 fusion_builder_column_1_2 1_2 fusion-one-half fusion-column-first\" style=\"--awb-bg-size:cover;width:50%;width:calc(50% - ( ( 4% ) * 0.5 ) );margin-right: 4%;\"><div class=\"fusion-column-wrapper fusion-flex-column-wrapper-legacy\"><div class=\"fusion-image-element in-legacy-container\" style=\"--awb-caption-title-font-family:var(--h2_typography-font-family);--awb-caption-title-font-weight:var(--h2_typography-font-weight);--awb-caption-title-font-style:var(--h2_typography-font-style);--awb-caption-title-size:var(--h2_typography-font-size);--awb-caption-title-transform:var(--h2_typography-text-transform);--awb-caption-title-line-height:var(--h2_typography-line-height);--awb-caption-title-letter-spacing:var(--h2_typography-letter-spacing);\"><span class=\" fusion-imageframe imageframe-none imageframe-1 hover-type-none\"><a class=\"fusion-no-lightbox\" href=\"http:\/\/jmv-packaging.com\/pl\/produkty\/owijanie\/cdc100-polautomatyczna-owijarka-cd\/\" target=\"_self\" aria-label=\"cd-cellophaniermaschine_CDC\"><img decoding=\"async\" width=\"1200\" height=\"1200\" src=\"http:\/\/jmv-packaging.com\/wp-content\/uploads\/2018\/01\/cd-cellophaniermaschine_CDC-1200x1200.jpg\" alt class=\"img-responsive wp-image-1033\" srcset=\"https:\/\/jmv-packaging.com\/wp-content\/uploads\/2018\/01\/cd-cellophaniermaschine_CDC-200x200.jpg 200w, https:\/\/jmv-packaging.com\/wp-content\/uploads\/2018\/01\/cd-cellophaniermaschine_CDC-400x400.jpg 400w, https:\/\/jmv-packaging.com\/wp-content\/uploads\/2018\/01\/cd-cellophaniermaschine_CDC-600x600.jpg 600w, https:\/\/jmv-packaging.com\/wp-content\/uploads\/2018\/01\/cd-cellophaniermaschine_CDC-800x800.jpg 800w, https:\/\/jmv-packaging.com\/wp-content\/uploads\/2018\/01\/cd-cellophaniermaschine_CDC.jpg 1200w\" sizes=\"(max-width: 800px) 100vw, 800px\" \/><\/a><\/span><\/div><div class=\"fusion-button-wrapper\"><a class=\"fusion-button button-flat fusion-button-default-size button-default fusion-button-default button-1 fusion-button-default-span fusion-button-default-type\" target=\"_self\" href=\"http:\/\/jmv-packaging.com\/pl\/produkty\/owijanie\/cdc100-polautomatyczna-owijarka-cd\/\"><span class=\"fusion-button-text awb-button__text awb-button__text--default\">CDC100 \u2013 dla ozdobnej nak\u0142adki CD<\/span><\/a><\/div><div class=\"fusion-sep-clear\"><\/div><div class=\"fusion-separator fusion-full-width-sep\" style=\"margin-left: auto;margin-right: auto;margin-top:10px;margin-bottom:10px;width:100%;\"><\/div><div class=\"fusion-sep-clear\"><\/div><div class=\"fusion-image-element in-legacy-container\" style=\"--awb-caption-title-font-family:var(--h2_typography-font-family);--awb-caption-title-font-weight:var(--h2_typography-font-weight);--awb-caption-title-font-style:var(--h2_typography-font-style);--awb-caption-title-size:var(--h2_typography-font-size);--awb-caption-title-transform:var(--h2_typography-text-transform);--awb-caption-title-line-height:var(--h2_typography-line-height);--awb-caption-title-letter-spacing:var(--h2_typography-letter-spacing);\"><span class=\" fusion-imageframe imageframe-none imageframe-2 hover-type-none\"><a class=\"fusion-no-lightbox\" href=\"http:\/\/jmv-packaging.com\/pl\/produkty\/owijanie\/cdc160-polautomatyczna-owijarka-dvd\/\" target=\"_self\" aria-label=\"dvd&#8211;amaray-cases\"><img decoding=\"async\" width=\"1200\" height=\"1200\" src=\"http:\/\/jmv-packaging.com\/wp-content\/uploads\/2018\/01\/dvd-amaray-cases-1200x1200.jpg\" alt class=\"img-responsive wp-image-1045\" srcset=\"https:\/\/jmv-packaging.com\/wp-content\/uploads\/2018\/01\/dvd-amaray-cases-200x200.jpg 200w, https:\/\/jmv-packaging.com\/wp-content\/uploads\/2018\/01\/dvd-amaray-cases-400x400.jpg 400w, https:\/\/jmv-packaging.com\/wp-content\/uploads\/2018\/01\/dvd-amaray-cases-600x600.jpg 600w, https:\/\/jmv-packaging.com\/wp-content\/uploads\/2018\/01\/dvd-amaray-cases-800x800.jpg 800w, https:\/\/jmv-packaging.com\/wp-content\/uploads\/2018\/01\/dvd-amaray-cases.jpg 1200w\" sizes=\"(max-width: 800px) 100vw, 800px\" \/><\/a><\/span><\/div><div class=\"fusion-button-wrapper\"><a class=\"fusion-button button-flat fusion-button-default-size button-default fusion-button-default button-2 fusion-button-default-span fusion-button-default-type\" target=\"_self\" href=\"http:\/\/jmv-packaging.com\/pl\/produkty\/owijanie\/cdc160-polautomatyczna-owijarka-dvd\/\"><span class=\"fusion-button-text awb-button__text awb-button__text--default\">CDC160 \u2013 P\u00f3\u0142automatyczna owijarka DVD<\/span><\/a><\/div><div class=\"fusion-sep-clear\"><\/div><div class=\"fusion-separator fusion-full-width-sep\" style=\"margin-left: auto;margin-right: auto;margin-top:10px;margin-bottom:10px;width:100%;\"><\/div><div class=\"fusion-sep-clear\"><\/div><div class=\"fusion-image-element in-legacy-container\" style=\"--awb-caption-title-font-family:var(--h2_typography-font-family);--awb-caption-title-font-weight:var(--h2_typography-font-weight);--awb-caption-title-font-style:var(--h2_typography-font-style);--awb-caption-title-size:var(--h2_typography-font-size);--awb-caption-title-transform:var(--h2_typography-text-transform);--awb-caption-title-line-height:var(--h2_typography-line-height);--awb-caption-title-letter-spacing:var(--h2_typography-letter-spacing);\"><span class=\" fusion-imageframe imageframe-none imageframe-3 hover-type-none\"><a class=\"fusion-no-lightbox\" href=\"http:\/\/jmv-packaging.com\/pl\/produkty\/owijanie\/cdc200-automatyczne-serie-cdc-200-oklejarek\/\" target=\"_self\" aria-label=\"Zellophaniermaschine_CDC200\"><img decoding=\"async\" width=\"1200\" height=\"1200\" src=\"http:\/\/jmv-packaging.com\/wp-content\/uploads\/2018\/01\/Zellophaniermaschine_CDC200-1200x1200.jpg\" alt class=\"img-responsive wp-image-1003\" srcset=\"https:\/\/jmv-packaging.com\/wp-content\/uploads\/2018\/01\/Zellophaniermaschine_CDC200-200x200.jpg 200w, https:\/\/jmv-packaging.com\/wp-content\/uploads\/2018\/01\/Zellophaniermaschine_CDC200-400x400.jpg 400w, https:\/\/jmv-packaging.com\/wp-content\/uploads\/2018\/01\/Zellophaniermaschine_CDC200-600x600.jpg 600w, https:\/\/jmv-packaging.com\/wp-content\/uploads\/2018\/01\/Zellophaniermaschine_CDC200-800x800.jpg 800w, https:\/\/jmv-packaging.com\/wp-content\/uploads\/2018\/01\/Zellophaniermaschine_CDC200.jpg 1200w\" sizes=\"(max-width: 800px) 100vw, 800px\" \/><\/a><\/span><\/div><div class=\"fusion-button-wrapper\"><a class=\"fusion-button button-flat fusion-button-default-size button-default fusion-button-default button-3 fusion-button-default-span fusion-button-default-type\" target=\"_self\" href=\"http:\/\/jmv-packaging.com\/pl\/produkty\/owijanie\/cdc200-automatyczne-serie-cdc-200-oklejarek\/\"><span class=\"fusion-button-text awb-button__text awb-button__text--default\">CDC200 \u2013 CD, DVD, BluRay Zellophaniermaschine<\/span><\/a><\/div><div class=\"fusion-sep-clear\"><\/div><div class=\"fusion-separator fusion-full-width-sep\" style=\"margin-left: auto;margin-right: auto;margin-top:10px;margin-bottom:10px;width:100%;\"><\/div><div class=\"fusion-sep-clear\"><\/div><div class=\"fusion-clearfix\"><\/div><\/div><\/div><div class=\"fusion-layout-column fusion_builder_column fusion-builder-column-2 fusion_builder_column_1_2 1_2 fusion-one-half fusion-column-last\" style=\"--awb-bg-size:cover;width:50%;width:calc(50% - ( ( 4% ) * 0.5 ) );\"><div class=\"fusion-column-wrapper fusion-flex-column-wrapper-legacy\"><div class=\"fusion-image-element in-legacy-container\" style=\"--awb-caption-title-font-family:var(--h2_typography-font-family);--awb-caption-title-font-weight:var(--h2_typography-font-weight);--awb-caption-title-font-style:var(--h2_typography-font-style);--awb-caption-title-size:var(--h2_typography-font-size);--awb-caption-title-transform:var(--h2_typography-text-transform);--awb-caption-title-line-height:var(--h2_typography-line-height);--awb-caption-title-letter-spacing:var(--h2_typography-letter-spacing);\"><span class=\" fusion-imageframe imageframe-none imageframe-4 hover-type-none\"><a class=\"fusion-no-lightbox\" href=\"http:\/\/jmv-packaging.com\/pl\/produkty\/owijanie\/cdc140-polautomatyczna-smukla-owijarka-cd\/\" target=\"_self\" aria-label=\"cellophanieren-cd-slim\"><img decoding=\"async\" width=\"1200\" height=\"1200\" src=\"http:\/\/jmv-packaging.com\/wp-content\/uploads\/2018\/01\/cellophanieren-cd-slim-1200x1200.jpg\" alt class=\"img-responsive wp-image-1039\" srcset=\"https:\/\/jmv-packaging.com\/wp-content\/uploads\/2018\/01\/cellophanieren-cd-slim-200x200.jpg 200w, https:\/\/jmv-packaging.com\/wp-content\/uploads\/2018\/01\/cellophanieren-cd-slim-400x400.jpg 400w, https:\/\/jmv-packaging.com\/wp-content\/uploads\/2018\/01\/cellophanieren-cd-slim-600x600.jpg 600w, https:\/\/jmv-packaging.com\/wp-content\/uploads\/2018\/01\/cellophanieren-cd-slim-800x800.jpg 800w, https:\/\/jmv-packaging.com\/wp-content\/uploads\/2018\/01\/cellophanieren-cd-slim.jpg 1200w\" sizes=\"(max-width: 800px) 100vw, 800px\" \/><\/a><\/span><\/div><div class=\"fusion-button-wrapper\"><a class=\"fusion-button button-flat fusion-button-default-size button-default fusion-button-default button-4 fusion-button-default-span fusion-button-default-type\" target=\"_self\" href=\"http:\/\/jmv-packaging.com\/pl\/produkty\/owijanie\/cdc140-polautomatyczna-smukla-owijarka-cd\/\"><span class=\"fusion-button-text awb-button__text awb-button__text--default\">CDC140 \u2013 do celofanowania p\u0142yt CD<\/span><\/a><\/div><div class=\"fusion-sep-clear\"><\/div><div class=\"fusion-separator fusion-full-width-sep\" style=\"margin-left: auto;margin-right: auto;margin-top:10px;margin-bottom:10px;width:100%;\"><\/div><div class=\"fusion-sep-clear\"><\/div><div class=\"fusion-image-element in-legacy-container\" style=\"--awb-caption-title-font-family:var(--h2_typography-font-family);--awb-caption-title-font-weight:var(--h2_typography-font-weight);--awb-caption-title-font-style:var(--h2_typography-font-style);--awb-caption-title-size:var(--h2_typography-font-size);--awb-caption-title-transform:var(--h2_typography-text-transform);--awb-caption-title-line-height:var(--h2_typography-line-height);--awb-caption-title-letter-spacing:var(--h2_typography-letter-spacing);\"><span class=\" fusion-imageframe imageframe-none imageframe-5 hover-type-none\"><a class=\"fusion-no-lightbox\" href=\"http:\/\/jmv-packaging.com\/pl\/produkty\/owijanie\/cdc170-polautomatyczna-zawijarka-blu-ray\/\" target=\"_self\" aria-label=\"Zellophaniert-Blu-Ray-Cases\"><img decoding=\"async\" width=\"1200\" height=\"1200\" src=\"http:\/\/jmv-packaging.com\/wp-content\/uploads\/2018\/01\/Zellophaniert-Blu-Ray-Cases-1200x1200.jpg\" alt class=\"img-responsive wp-image-1051\" srcset=\"https:\/\/jmv-packaging.com\/wp-content\/uploads\/2018\/01\/Zellophaniert-Blu-Ray-Cases-200x200.jpg 200w, https:\/\/jmv-packaging.com\/wp-content\/uploads\/2018\/01\/Zellophaniert-Blu-Ray-Cases-400x400.jpg 400w, https:\/\/jmv-packaging.com\/wp-content\/uploads\/2018\/01\/Zellophaniert-Blu-Ray-Cases-600x600.jpg 600w, https:\/\/jmv-packaging.com\/wp-content\/uploads\/2018\/01\/Zellophaniert-Blu-Ray-Cases-800x800.jpg 800w, https:\/\/jmv-packaging.com\/wp-content\/uploads\/2018\/01\/Zellophaniert-Blu-Ray-Cases.jpg 1200w\" sizes=\"(max-width: 800px) 100vw, 800px\" \/><\/a><\/span><\/div><div class=\"fusion-button-wrapper\"><a class=\"fusion-button button-flat fusion-button-default-size button-default fusion-button-default button-5 fusion-button-default-span fusion-button-default-type\" target=\"_self\" href=\"http:\/\/jmv-packaging.com\/pl\/produkty\/owijanie\/cdc170-polautomatyczna-zawijarka-blu-ray\/\"><span class=\"fusion-button-text awb-button__text awb-button__text--default\">CDC170 \u2013 dla no\u015bnik\u00f3w Blu-ray<\/span><\/a><\/div><div class=\"fusion-sep-clear\"><\/div><div class=\"fusion-separator fusion-full-width-sep\" style=\"margin-left: auto;margin-right: auto;margin-top:10px;margin-bottom:10px;width:100%;\"><\/div><div class=\"fusion-sep-clear\"><\/div><div class=\"fusion-image-element in-legacy-container\" style=\"--awb-caption-title-font-family:var(--h2_typography-font-family);--awb-caption-title-font-weight:var(--h2_typography-font-weight);--awb-caption-title-font-style:var(--h2_typography-font-style);--awb-caption-title-size:var(--h2_typography-font-size);--awb-caption-title-transform:var(--h2_typography-text-transform);--awb-caption-title-line-height:var(--h2_typography-line-height);--awb-caption-title-letter-spacing:var(--h2_typography-letter-spacing);\"><span class=\" fusion-imageframe imageframe-none imageframe-6 hover-type-none\"><a class=\"fusion-no-lightbox\" href=\"http:\/\/jmv-packaging.com\/pl\/produkty\/owijanie\/seria-speedstar\/\" target=\"_self\" aria-label=\"Speedstar-Pro_JMV\"><img decoding=\"async\" width=\"1200\" height=\"1200\" src=\"http:\/\/jmv-packaging.com\/wp-content\/uploads\/2018\/01\/Speedstar-Pro_JMV-1200x1200.jpg\" alt class=\"img-responsive wp-image-1057\" srcset=\"https:\/\/jmv-packaging.com\/wp-content\/uploads\/2018\/01\/Speedstar-Pro_JMV-200x200.jpg 200w, https:\/\/jmv-packaging.com\/wp-content\/uploads\/2018\/01\/Speedstar-Pro_JMV-400x400.jpg 400w, https:\/\/jmv-packaging.com\/wp-content\/uploads\/2018\/01\/Speedstar-Pro_JMV-600x600.jpg 600w, https:\/\/jmv-packaging.com\/wp-content\/uploads\/2018\/01\/Speedstar-Pro_JMV-800x800.jpg 800w, https:\/\/jmv-packaging.com\/wp-content\/uploads\/2018\/01\/Speedstar-Pro_JMV.jpg 1200w\" sizes=\"(max-width: 800px) 100vw, 800px\" \/><\/a><\/span><\/div><div class=\"fusion-button-wrapper\"><a class=\"fusion-button button-flat fusion-button-default-size button-default fusion-button-default button-6 fusion-button-default-span fusion-button-default-type\" target=\"_self\" href=\"http:\/\/jmv-packaging.com\/pl\/produkty\/owijanie\/seria-speedstar\/\"><span class=\"fusion-button-text awb-button__text awb-button__text--default\">Seria Speedstar<\/span><\/a><\/div><div class=\"fusion-clearfix\"><\/div><\/div><\/div><div class=\"fusion-layout-column fusion_builder_column fusion-builder-column-3 fusion_builder_column_1_1 1_1 fusion-one-full fusion-column-first fusion-column-last\" style=\"--awb-bg-size:cover;\"><div class=\"fusion-column-wrapper fusion-flex-column-wrapper-legacy\"><div class=\"fusion-clearfix\"><\/div><\/div><\/div><\/div><\/div><div class=\"fusion-fullwidth fullwidth-box fusion-builder-row-3 nonhundred-percent-fullwidth non-hundred-percent-height-scrolling\" style=\"--awb-border-radius-top-left:0px;--awb-border-radius-top-right:0px;--awb-border-radius-bottom-right:0px;--awb-border-radius-bottom-left:0px;--awb-flex-wrap:wrap;\" ><div class=\"fusion-builder-row fusion-row\"><div class=\"fusion-layout-column fusion_builder_column fusion-builder-column-4 fusion_builder_column_1_1 1_1 fusion-one-full fusion-column-first fusion-column-last\" style=\"--awb-bg-size:cover;\"><div class=\"fusion-column-wrapper fusion-flex-column-wrapper-legacy\"><div class=\"fusion-text fusion-text-2\"><h3>Istnieje kilka powod\u00f3w, dla ciebie CD \/ DVD Zellophanieren powinny preferowa\u0107 inne rodzaje opakowa\u0144, w tym:<\/h3>\n<p>Oryginalnie zapakowane &#8211; Ene nienaruszone celofan pokazuje, \u017ce nie zmieni\u0142 inahlt od opuszczeniu producenta. Pakiet jest otwarty od razu widoczne; po nieupowa\u017cnionym usuwanie tre\u015bci, to mo\u017ce by\u0107 tak dobry, jak nie w pobli\u017cu, bez pozostawienia \u015blad\u00f3w.<br \/>\nDobrze wygl\u0105da\u0107 &#8211; by\u0107 mo\u017ce jeden z g\u0142\u00f3wnych argument\u00f3w: zellophanierte opakowanie sprawia wra\u017cenie jako\u015bci i zwi\u0119kszenia warto\u015bci.<\/p>\n<p>Redukcja koszt\u00f3w &#8211; szczeg\u00f3lnie Zellophanieren mo\u017ce zaoszcz\u0119dzi\u0107 koszty po\u0142\u0105czonych zestaw\u00f3w pakiet\u00f3w. Ochrona zawarto\u015bci &#8211; celofan stawia kolejn\u0105 warstw\u0119 ochrony w tre\u015bci i chroni pakowane towar\u00f3w podczas transportu.<br \/>\nMniej pakowanie i produkcja &#8211; odpady &#8211; w przeciwie\u0144stwie do schrinkfolie, celofan przedstawi\u0142a \u017cadnych odpad\u00f3w folii.<br \/>\nOszcz\u0119dzaj energi\u0119 &#8211; Gdy Zellophanieren jest bardzo ma\u0142o wolnego, poniewa\u017c ernergie ogrzewania jako spoiny punktu odbywa si\u0119. Celofan trwa oko\u0142o 2 do 3 kilowat\u00f3w og\u00f3lnej wydajno\u015bci, kt\u00f3re sprawia, \u017ce \u200b\u200bjedn\u0105 dziesi\u0105t\u0105 mocy, kt\u00f3ra jest niezb\u0119dna w celu podgrzania tunel skurczowej.<\/p>\n<h3><img alt=\"\" align=\"right\" \/>Zellophanieren i cellophaners coraz bardziej zyskuje na znaczeniu.<\/h3>\n<p>Wybrany ze wzgl\u0119du na czynnik redukcji koszt\u00f3w, jako ochrona produktu lub owijania technicznego punktu widzenia, zapewnia korzy\u015bci Zellophanieren Ettlich do pakowania r\u00f3\u017cnych wyrob\u00f3w.<\/p>\n<\/div><div class=\"fusion-clearfix\"><\/div><\/div><\/div><\/div><\/div><\/p>\n","protected":false},"excerpt":{"rendered":"","protected":false},"author":1,"featured_media":0,"parent":1830,"menu_order":3,"comment_status":"closed","ping_status":"closed","template":"","meta":{"_monsterinsights_skip_tracking":false,"_monsterinsights_sitenote_active":false,"_monsterinsights_sitenote_note":"","_monsterinsights_sitenote_category":0,"footnotes":""},"class_list":["post-1985","page","type-page","status-publish","hentry"],"_links":{"self":[{"href":"https:\/\/jmv-packaging.com\/pl\/wp-json\/wp\/v2\/pages\/1985","targetHints":{"allow":["GET"]}}],"collection":[{"href":"https:\/\/jmv-packaging.com\/pl\/wp-json\/wp\/v2\/pages"}],"about":[{"href":"https:\/\/jmv-packaging.com\/pl\/wp-json\/wp\/v2\/types\/page"}],"author":[{"embeddable":true,"href":"https:\/\/jmv-packaging.com\/pl\/wp-json\/wp\/v2\/users\/1"}],"replies":[{"embeddable":true,"href":"https:\/\/jmv-packaging.com\/pl\/wp-json\/wp\/v2\/comments?post=1985"}],"version-history":[{"count":5,"href":"https:\/\/jmv-packaging.com\/pl\/wp-json\/wp\/v2\/pages\/1985\/revisions"}],"predecessor-version":[{"id":5273,"href":"https:\/\/jmv-packaging.com\/pl\/wp-json\/wp\/v2\/pages\/1985\/revisions\/5273"}],"up":[{"embeddable":true,"href":"https:\/\/jmv-packaging.com\/pl\/wp-json\/wp\/v2\/pages\/1830"}],"wp:attachment":[{"href":"https:\/\/jmv-packaging.com\/pl\/wp-json\/wp\/v2\/media?parent=1985"}],"curies":[{"name":"wp","href":"https:\/\/api.w.org\/{rel}","templated":true}]}}