{"id":2044,"date":"2018-03-01T21:29:08","date_gmt":"2018-03-01T20:29:08","guid":{"rendered":"http:\/\/jmv-packaging.com\/produkty\/owijanie\/cdc170-polautomatyczna-zawijarka-blu-ray\/"},"modified":"2018-05-07T20:31:56","modified_gmt":"2018-05-07T18:31:56","slug":"cdc170-polautomatyczna-zawijarka-blu-ray","status":"publish","type":"page","link":"https:\/\/jmv-packaging.com\/pl\/produkty\/owijanie\/cdc170-polautomatyczna-zawijarka-blu-ray\/","title":{"rendered":"CDC170 &#8211; p\u00f3\u0142automatyczna zawijarka Blu-ray"},"content":{"rendered":"<p><div class=\"fusion-fullwidth fullwidth-box fusion-builder-row-1 nonhundred-percent-fullwidth non-hundred-percent-height-scrolling\" style=\"--awb-border-radius-top-left:0px;--awb-border-radius-top-right:0px;--awb-border-radius-bottom-right:0px;--awb-border-radius-bottom-left:0px;--awb-background-color:#5fb3ce;--awb-flex-wrap:wrap;\" ><div class=\"fusion-builder-row fusion-row\"><div class=\"fusion-layout-column fusion_builder_column fusion-builder-column-0 fusion_builder_column_1_1 1_1 fusion-one-full fusion-column-first fusion-column-last\" style=\"--awb-bg-size:cover;\"><div class=\"fusion-column-wrapper fusion-flex-column-wrapper-legacy\"><div class=\"fusion-text fusion-text-1\"><h1 style=\"text-align: center;\" data-mce-style=\"text-align: center;\"><span style=\"color: #ffffff;\" data-mce-style=\"color: #ffffff;\"><span id=\"result_box\" class=\"short_text\" lang=\"pl\"><span class=\"\">Zapakowany do 200 opakowa\u0144 na godzin\u0119<\/span><\/span><\/span><\/h1>\n<\/div><div class=\"fusion-clearfix\"><\/div><\/div><\/div><\/div><\/div><div class=\"fusion-fullwidth fullwidth-box fusion-builder-row-2 nonhundred-percent-fullwidth non-hundred-percent-height-scrolling\" style=\"--awb-border-radius-top-left:0px;--awb-border-radius-top-right:0px;--awb-border-radius-bottom-right:0px;--awb-border-radius-bottom-left:0px;--awb-margin-bottom:30px;--awb-flex-wrap:wrap;\" ><div class=\"fusion-builder-row fusion-row\"><div class=\"fusion-layout-column fusion_builder_column fusion-builder-column-1 fusion_builder_column_1_1 1_1 fusion-one-full fusion-column-first fusion-column-last\" style=\"--awb-bg-size:cover;\"><div class=\"fusion-column-wrapper fusion-flex-column-wrapper-legacy\"><div class=\"fusion-section-separator section-separator triangle fusion-section-separator-1\" style=\"--awb-border-bottom:1px solid #f6f6f6;--awb-spacer-height:1px;--awb-svg-margin-left:0;--awb-svg-margin-right:0;--awb-icon-color:#ffffff;\"><div class=\"fusion-section-separator-svg\"><div class=\"divider-candy-arrow bottom\" style=\"top:0px;border-top-color: #5fb3ce;\"><\/div><div class=\"divider-candy bottom\" style=\"bottom:-21px;border-bottom:1px solid #f6f6f6;border-left:1px solid #f6f6f6;\"><\/div><\/div><div class=\"fusion-section-separator-spacer\"><div class=\"fusion-section-separator-spacer-height\"><\/div><\/div><\/div><div class=\"fusion-clearfix\"><\/div><\/div><\/div><\/div><\/div><div class=\"fusion-fullwidth fullwidth-box fusion-builder-row-3 nonhundred-percent-fullwidth non-hundred-percent-height-scrolling\" style=\"--awb-border-radius-top-left:0px;--awb-border-radius-top-right:0px;--awb-border-radius-bottom-right:0px;--awb-border-radius-bottom-left:0px;--awb-flex-wrap:wrap;\" ><div class=\"fusion-builder-row fusion-row\"><div class=\"fusion-layout-column fusion_builder_column fusion-builder-column-2 fusion_builder_column_1_1 1_1 fusion-one-full fusion-column-first fusion-column-last\" style=\"--awb-bg-size:cover;\"><div class=\"fusion-column-wrapper fusion-flex-column-wrapper-legacy\"><div class=\"fusion-content-boxes content-boxes columns row fusion-columns-2 fusion-columns-total-2 fusion-content-boxes-1 content-boxes-icon-with-title content-left\" style=\"--awb-hover-accent-color:#1a80b6;--awb-circle-hover-accent-color:#1a80b6;\" data-animationOffset=\"top-into-view\"><div style=\"--awb-backgroundcolor:rgba(255,255,255,0);\" class=\"fusion-column content-box-column content-box-column content-box-column-1 col-lg-6 col-md-6 col-sm-6 fusion-content-box-hover content-box-column-first-in-row\"><div class=\"col content-box-wrapper content-wrapper link-area-link-icon icon-hover-animation-fade\" data-animationOffset=\"top-into-view\"><div class=\"heading icon-left\"><h2 class=\"content-box-heading\" style=\"--h2_typography-font-size:18px;line-height:23px;\">CDC170 - dla no\u015bnik\u00f3w Blu-ray<\/h2><\/div><div class=\"fusion-clearfix\"><\/div><div class=\"content-container\">\n<p><img decoding=\"async\" class=\"size-600 wp-image-331 aligncenter\" src=\"http:\/\/jmv-packaging.com\/wp-content\/uploads\/2018\/01\/Zellophaniert-Blu-Ray-Cases.jpg\" alt=\"\" width=\"600\" height=\"600\" srcset=\"https:\/\/jmv-packaging.com\/wp-content\/uploads\/2018\/01\/Zellophaniert-Blu-Ray-Cases-66x66.jpg 66w, https:\/\/jmv-packaging.com\/wp-content\/uploads\/2018\/01\/Zellophaniert-Blu-Ray-Cases-150x150.jpg 150w, https:\/\/jmv-packaging.com\/wp-content\/uploads\/2018\/01\/Zellophaniert-Blu-Ray-Cases-200x200.jpg 200w, https:\/\/jmv-packaging.com\/wp-content\/uploads\/2018\/01\/Zellophaniert-Blu-Ray-Cases-300x300.jpg 300w, https:\/\/jmv-packaging.com\/wp-content\/uploads\/2018\/01\/Zellophaniert-Blu-Ray-Cases-400x400.jpg 400w, https:\/\/jmv-packaging.com\/wp-content\/uploads\/2018\/01\/Zellophaniert-Blu-Ray-Cases-600x600.jpg 600w, https:\/\/jmv-packaging.com\/wp-content\/uploads\/2018\/01\/Zellophaniert-Blu-Ray-Cases-768x768.jpg 768w, https:\/\/jmv-packaging.com\/wp-content\/uploads\/2018\/01\/Zellophaniert-Blu-Ray-Cases-800x800.jpg 800w, https:\/\/jmv-packaging.com\/wp-content\/uploads\/2018\/01\/Zellophaniert-Blu-Ray-Cases-1024x1024.jpg 1024w, https:\/\/jmv-packaging.com\/wp-content\/uploads\/2018\/01\/Zellophaniert-Blu-Ray-Cases.jpg 1200w\" sizes=\"(max-width: 600px) 100vw, 600px\" \/><\/p>\n<\/div><\/div><\/div><div style=\"--awb-backgroundcolor:rgba(255,255,255,0);\" class=\"fusion-column content-box-column content-box-column content-box-column-2 col-lg-6 col-md-6 col-sm-6 fusion-content-box-hover content-box-column-last content-box-column-last-in-row\"><div class=\"col content-box-wrapper content-wrapper link-area-link-icon icon-hover-animation-fade\" data-animationOffset=\"top-into-view\"><div class=\"heading icon-left\"><h2 class=\"content-box-heading\" style=\"--h2_typography-font-size:18px;line-height:23px;\">Opakowanie celofanowe do futera\u0142\u00f3w Blu-ray<\/h2><\/div><div class=\"fusion-clearfix\"><\/div><div class=\"content-container\">\n<p>Zawijarka serii CDC170 Blu-Ray z JMV ROBOTIQUE posiada dozwolone celofanowe opakowania z ma\u0142ych i \u015brednich serii opakowa\u0144 z Blu-ray w jako\u015bci podobnej do tych, kt\u00f3re&nbsp; przychodz\u0105 &nbsp;do du\u017cych maszyn przemys\u0142owych.<br \/> Jedna maszyna stacjonarna jest dost\u0119pna &#8211; CDC170<br \/> Tak\u017ce standardowe pude\u0142ka CD (CDC100), szczup\u0142e pude\u0142ka CD (CDC140) i no\u015bnikiw DVD typu &#8222;Amaray&#8221; (CDC160) .Wszystkie te efektywne kosztowo rozwi\u0105zania umo\u017cliwiaj\u0105 profesjonale\u0105 opakowania z maksimum elastyczno\u015bci i to w dziesi\u0105t\u0105 cen\u0105 maszyny<\/p>\n<h3>\u0141atwy w u\u017cyciu<\/h3>\n<p>Funkcja p\u00f3\u0142automatyczna jest prosta i skuteczna. Naci\u0119cia arkuszy polipropylenu dodaje si\u0119 r\u0119cznie w celu wytworzenia przedniego szwa p\u0142yt. Nast\u0119pnie obudowa jest w\u0142o\u017cona do magazynu, a boki zagi\u0119te ca\u0142kowicie automatycznie i zgrzewane. Rezultatem jest idealnie z\u0142o\u017cony i zespawany no\u015bnik CD\/DVD\/Blu-ray o profesjonalnym wygl\u0105dzie. Temperatura zgrzewania jest sterowana automatycznie i mo\u017ce zosta\u0107 indywidualnie dostosowana do zu\u017cytego celofanu. Uk\u0142ad elektroniczny zabezpiecza mechaniczne cz\u0119\u015bci przed b\u0142\u0119dem u\u017cytkownika. Arkusze wst\u0119pnego naci\u0119cia polipropylenowe s\u0105 dostarczane w kartonach po 10.000. Dzi\u0119ki profesjonalnemu wyko\u0144czeniu no\u015bniki CD \/ DVD \/ Blu-Ray s\u0105 imponuj\u0105ce na ka\u017cdej obci\u0105\u017conej p\u00f3\u0142ce obci\u0105\u017cenia i to za u\u0142amek koszt\u00f3w &#8222;Out of the Office-Job (poza prac\u0105 biurow\u0105)&#8221;.<\/p>\n<\/div><\/div><\/div><div class=\"fusion-clearfix\"><\/div><\/div><div class=\"fusion-content-boxes content-boxes columns row fusion-columns-2 fusion-columns-total-2 fusion-content-boxes-2 content-boxes-icon-with-title content-left\" style=\"--awb-hover-accent-color:#1a80b6;--awb-circle-hover-accent-color:#1a80b6;\" data-animationOffset=\"top-into-view\"><div style=\"--awb-backgroundcolor:rgba(255,255,255,0);\" class=\"fusion-column content-box-column content-box-column content-box-column-1 col-lg-6 col-md-6 col-sm-6 fusion-content-box-hover content-box-column-first-in-row\"><div class=\"col content-box-wrapper content-wrapper link-area-link-icon icon-hover-animation-fade\" data-animationOffset=\"top-into-view\"><div class=\"heading heading-with-icon icon-left\"><div class=\"icon\"><i style=\"border-color:#333333;border-width:1px;background-color:#333333;box-sizing:content-box;height:42px;width:42px;line-height:42px;border-radius:50%;font-size:21px;\" aria-hidden=\"true\" class=\"fontawesome-icon fa fa-chevron-right circle-yes\"><\/i><\/div><h2 class=\"content-box-heading\" style=\"--h2_typography-font-size:18px;line-height:23px;\">Cechy produktu<\/h2><\/div><div class=\"fusion-clearfix\"><\/div><div class=\"content-container\">\n<p><br data-mce-bogus=\"1\"><\/p>\n<ul>\n<li>Zawijanie polipropylenowe obudowy Blu-Ray<\/li>\n<li>Zawijanie Profesjonalne<\/li>\n<li>Lepsze ni\u017c kurczenie si\u0119<\/li>\n<li>Maszyna blatowa &#8211; przeno\u015bna<\/li>\n<li>Zapakowane do 200 work\u00f3w \/ h<\/li>\n<li>Niski poziom inwestycji<\/li>\n<li>zia\u0142anie p\u00f3\u0142automatyczne<\/li>\n<\/ul>\n<p><br data-mce-bogus=\"1\"><\/p>\n<\/div><\/div><\/div><div style=\"--awb-backgroundcolor:rgba(255,255,255,0);\" class=\"fusion-column content-box-column content-box-column content-box-column-2 col-lg-6 col-md-6 col-sm-6 fusion-content-box-hover content-box-column-last content-box-column-last-in-row\"><div class=\"col content-box-wrapper content-wrapper link-area-link-icon icon-hover-animation-fade\" data-animationOffset=\"top-into-view\"><div class=\"heading heading-with-icon icon-left\"><div class=\"icon\"><i style=\"border-color:#333333;border-width:1px;background-color:#333333;box-sizing:content-box;height:42px;width:42px;line-height:42px;border-radius:50%;font-size:21px;\" aria-hidden=\"true\" class=\"fontawesome-icon fa fa-chevron-right circle-yes\"><\/i><\/div><h2 class=\"content-box-heading\" style=\"--h2_typography-font-size:18px;line-height:23px;\">Dalsze informacje<\/h2><\/div><div class=\"fusion-clearfix\"><\/div><div class=\"content-container\">\n<h2><strong><span id=\"result_box\" class=\"short_text\" lang=\"pl\"><span class=\"\">Specyfikacja techniczna:<\/span><\/span><\/strong><\/h2>\n<div class=\"fusion-button-wrapper\"><a class=\"fusion-button button-flat fusion-button-default-size button-default fusion-button-default button-1 fusion-button-default-span fusion-button-default-type\" target=\"_blank\" rel=\"noopener noreferrer\" href=\"#\"><span class=\"fusion-button-text awb-button__text awb-button__text--default\">Download PDF-Dokument<\/span><\/a><\/div>\n<div class=\"fusion-sep-clear\"><\/div><div class=\"fusion-separator fusion-full-width-sep\" style=\"margin-left: auto;margin-right: auto;margin-top:10px;margin-bottom:10px;width:100%;\"><\/div><div class=\"fusion-sep-clear\"><\/div>\n<h2><strong><span id=\"result_box\" class=\"short_text\" lang=\"pl\"><span class=\"\">Zam\u00f3w online teraz:<\/span><\/span><\/strong><\/h2>\n<div class=\"fusion-button-wrapper\"><a class=\"fusion-button button-flat fusion-button-default-size button-default fusion-button-default button-2 fusion-button-default-span fusion-button-default-type\" target=\"_blank\" rel=\"noopener noreferrer\" href=\"https:\/\/adr-shop.com\"><span class=\"fusion-button-text awb-button__text awb-button__text--default\">Direkt zum Onlineshop !!!<\/span><\/a><\/div>\n<\/div><\/div><\/div><div class=\"fusion-clearfix\"><\/div><\/div><div class=\"fusion-clearfix\"><\/div><\/div><\/div><\/div><\/div><\/p>\n","protected":false},"excerpt":{"rendered":"","protected":false},"author":1,"featured_media":0,"parent":1985,"menu_order":4,"comment_status":"closed","ping_status":"closed","template":"","meta":{"_monsterinsights_skip_tracking":false,"_monsterinsights_sitenote_active":false,"_monsterinsights_sitenote_note":"","_monsterinsights_sitenote_category":0,"footnotes":""},"class_list":["post-2044","page","type-page","status-publish","hentry"],"_links":{"self":[{"href":"https:\/\/jmv-packaging.com\/pl\/wp-json\/wp\/v2\/pages\/2044","targetHints":{"allow":["GET"]}}],"collection":[{"href":"https:\/\/jmv-packaging.com\/pl\/wp-json\/wp\/v2\/pages"}],"about":[{"href":"https:\/\/jmv-packaging.com\/pl\/wp-json\/wp\/v2\/types\/page"}],"author":[{"embeddable":true,"href":"https:\/\/jmv-packaging.com\/pl\/wp-json\/wp\/v2\/users\/1"}],"replies":[{"embeddable":true,"href":"https:\/\/jmv-packaging.com\/pl\/wp-json\/wp\/v2\/comments?post=2044"}],"version-history":[{"count":16,"href":"https:\/\/jmv-packaging.com\/pl\/wp-json\/wp\/v2\/pages\/2044\/revisions"}],"predecessor-version":[{"id":4782,"href":"https:\/\/jmv-packaging.com\/pl\/wp-json\/wp\/v2\/pages\/2044\/revisions\/4782"}],"up":[{"embeddable":true,"href":"https:\/\/jmv-packaging.com\/pl\/wp-json\/wp\/v2\/pages\/1985"}],"wp:attachment":[{"href":"https:\/\/jmv-packaging.com\/pl\/wp-json\/wp\/v2\/media?parent=2044"}],"curies":[{"name":"wp","href":"https:\/\/api.w.org\/{rel}","templated":true}]}}