{"id":2056,"date":"2018-03-01T21:37:26","date_gmt":"2018-03-01T20:37:26","guid":{"rendered":"http:\/\/jmv-packaging.com\/produkty\/owijanie\/cdc200-automatyczne-serie-cdc-200-oklejarek\/"},"modified":"2018-05-07T20:33:27","modified_gmt":"2018-05-07T18:33:27","slug":"cdc200-automatyczne-serie-cdc-200-oklejarek","status":"publish","type":"page","link":"https:\/\/jmv-packaging.com\/pl\/produkty\/owijanie\/cdc200-automatyczne-serie-cdc-200-oklejarek\/","title":{"rendered":"CDC200 &#8211; Automatyczne serie CDC 200 oklejarek"},"content":{"rendered":"<p><div class=\"fusion-fullwidth fullwidth-box fusion-builder-row-1 nonhundred-percent-fullwidth non-hundred-percent-height-scrolling\" style=\"--awb-border-radius-top-left:0px;--awb-border-radius-top-right:0px;--awb-border-radius-bottom-right:0px;--awb-border-radius-bottom-left:0px;--awb-background-color:#5fb3ce;--awb-flex-wrap:wrap;\" ><div class=\"fusion-builder-row fusion-row\"><div class=\"fusion-layout-column fusion_builder_column fusion-builder-column-0 fusion_builder_column_1_1 1_1 fusion-one-full fusion-column-first fusion-column-last\" style=\"--awb-bg-size:cover;\"><div class=\"fusion-column-wrapper fusion-flex-column-wrapper-legacy\"><div class=\"fusion-text fusion-text-1\"><h1 style=\"text-align: center;\" data-mce-style=\"text-align: center;\"><span style=\"color: #ffffff;\" data-mce-style=\"color: #ffffff;\"><span id=\"result_box\" class=\"short_text\" lang=\"pl\"><span class=\"\">Pakowany do 1200 skrzynek na godzin\u0119<\/span><\/span><\/span><\/h1>\n<\/div><div class=\"fusion-clearfix\"><\/div><\/div><\/div><\/div><\/div><div class=\"fusion-fullwidth fullwidth-box fusion-builder-row-2 nonhundred-percent-fullwidth non-hundred-percent-height-scrolling\" style=\"--awb-border-radius-top-left:0px;--awb-border-radius-top-right:0px;--awb-border-radius-bottom-right:0px;--awb-border-radius-bottom-left:0px;--awb-margin-bottom:30px;--awb-flex-wrap:wrap;\" ><div class=\"fusion-builder-row fusion-row\"><div class=\"fusion-layout-column fusion_builder_column fusion-builder-column-1 fusion_builder_column_1_1 1_1 fusion-one-full fusion-column-first fusion-column-last\" style=\"--awb-bg-size:cover;\"><div class=\"fusion-column-wrapper fusion-flex-column-wrapper-legacy\"><div class=\"fusion-section-separator section-separator triangle fusion-section-separator-1\" style=\"--awb-border-bottom:1px solid #f6f6f6;--awb-spacer-height:1px;--awb-svg-margin-left:0;--awb-svg-margin-right:0;--awb-icon-color:#ffffff;\"><div class=\"fusion-section-separator-svg\"><div class=\"divider-candy-arrow bottom\" style=\"top:0px;border-top-color: #5fb3ce;\"><\/div><div class=\"divider-candy bottom\" style=\"bottom:-21px;border-bottom:1px solid #f6f6f6;border-left:1px solid #f6f6f6;\"><\/div><\/div><div class=\"fusion-section-separator-spacer\"><div class=\"fusion-section-separator-spacer-height\"><\/div><\/div><\/div><div class=\"fusion-clearfix\"><\/div><\/div><\/div><\/div><\/div><div class=\"fusion-fullwidth fullwidth-box fusion-builder-row-3 nonhundred-percent-fullwidth non-hundred-percent-height-scrolling\" style=\"--awb-border-radius-top-left:0px;--awb-border-radius-top-right:0px;--awb-border-radius-bottom-right:0px;--awb-border-radius-bottom-left:0px;--awb-flex-wrap:wrap;\" ><div class=\"fusion-builder-row fusion-row\"><div class=\"fusion-layout-column fusion_builder_column fusion-builder-column-2 fusion_builder_column_1_1 1_1 fusion-one-full fusion-column-first fusion-column-last\" style=\"--awb-bg-size:cover;\"><div class=\"fusion-column-wrapper fusion-flex-column-wrapper-legacy\"><div class=\"fusion-content-boxes content-boxes columns row fusion-columns-2 fusion-columns-total-2 fusion-content-boxes-1 content-boxes-icon-with-title content-left\" style=\"--awb-hover-accent-color:#1a80b6;--awb-circle-hover-accent-color:#1a80b6;\" data-animationOffset=\"top-into-view\"><div style=\"--awb-backgroundcolor:rgba(255,255,255,0);\" class=\"fusion-column content-box-column content-box-column content-box-column-1 col-lg-6 col-md-6 col-sm-6 fusion-content-box-hover content-box-column-first-in-row\"><div class=\"col content-box-wrapper content-wrapper link-area-link-icon icon-hover-animation-fade\" data-animationOffset=\"top-into-view\"><div class=\"heading icon-left\"><h2 class=\"content-box-heading\" style=\"--h2_typography-font-size:18px;line-height:23px;\">Speedwrapper CDC200 <\/h2><\/div><div class=\"fusion-clearfix\"><\/div><div class=\"content-container\">\n<p><img decoding=\"async\" class=\"aligncenter wp-image-273 size-600\" src=\"http:\/\/jmv-packaging.com\/wp-content\/uploads\/2018\/01\/Zellophaniermaschine_CDC200.jpg\" alt=\"\" data-mce-src=\"http:\/\/jmv-packaging.com\/wp-content\/uploads\/2018\/01\/Zellophaniermaschine_CDC200.jpg\" width=\"600\" height=\"600\" srcset=\"https:\/\/jmv-packaging.com\/wp-content\/uploads\/2018\/01\/Zellophaniermaschine_CDC200-66x66.jpg 66w, https:\/\/jmv-packaging.com\/wp-content\/uploads\/2018\/01\/Zellophaniermaschine_CDC200-150x150.jpg 150w, https:\/\/jmv-packaging.com\/wp-content\/uploads\/2018\/01\/Zellophaniermaschine_CDC200-200x200.jpg 200w, https:\/\/jmv-packaging.com\/wp-content\/uploads\/2018\/01\/Zellophaniermaschine_CDC200-300x300.jpg 300w, https:\/\/jmv-packaging.com\/wp-content\/uploads\/2018\/01\/Zellophaniermaschine_CDC200-400x400.jpg 400w, https:\/\/jmv-packaging.com\/wp-content\/uploads\/2018\/01\/Zellophaniermaschine_CDC200-600x600.jpg 600w, https:\/\/jmv-packaging.com\/wp-content\/uploads\/2018\/01\/Zellophaniermaschine_CDC200-768x768.jpg 768w, https:\/\/jmv-packaging.com\/wp-content\/uploads\/2018\/01\/Zellophaniermaschine_CDC200-800x800.jpg 800w, https:\/\/jmv-packaging.com\/wp-content\/uploads\/2018\/01\/Zellophaniermaschine_CDC200-1024x1024.jpg 1024w, https:\/\/jmv-packaging.com\/wp-content\/uploads\/2018\/01\/Zellophaniermaschine_CDC200.jpg 1200w\" sizes=\"(max-width: 600px) 100vw, 600px\" \/><\/p>\n<\/div><\/div><\/div><div style=\"--awb-backgroundcolor:rgba(255,255,255,0);\" class=\"fusion-column content-box-column content-box-column content-box-column-2 col-lg-6 col-md-6 col-sm-6 fusion-content-box-hover content-box-column-last content-box-column-last-in-row\"><div class=\"col content-box-wrapper content-wrapper link-area-link-icon icon-hover-animation-fade\" data-animationOffset=\"top-into-view\"><div class=\"heading icon-left\"><h2 class=\"content-box-heading\" style=\"--h2_typography-font-size:18px;line-height:23px;\">Automatyczne serie CDC 200 oklejarek<\/h2><\/div><div class=\"fusion-clearfix\"><\/div><div class=\"content-container\">\n<p>Speedwrapper jest w pe\u0142ni automatycznym urz\u0105dzeniem sto\u0142owym przeznaczonym do owijania p\u0142yt CD, DVD, PS3, X-Box oraz no\u015bnika Blu-ray z du\u017c\u0105 pr\u0119dko\u015bci\u0105 i przy niewielkiej interwencji u\u017cytkownika Gdy produkcja potrzebuje profesjonalnych kraw\u0119dzi lub po prostu wymaga otrzymania dysk\u00f3w wiedz\u0105c, \u017ce nie mog\u0105 one zosta\u0107 naruszone, owijanie jest najlepszym rozwi\u0105zaniem. Speedwrapper z JMV ROBOTIQUE jest \u0142atwym w u\u017cyciu, op\u0142acalnym rozwi\u0105zaniem. Zapewnia estetyczny, a nawet w przypadku zawijania szw\u00f3w za ka\u017cdym razem. A teraz z premier\u0105 drugiej generacji Speedwrapper, mo\u017cna rozszerzy\u0107 zgodno\u015b\u0107 przypadku medi\u00f3w owijaj\u0105c do dodatkowych format\u00f3w po prostu dodaj\u0105c opcjonalne zestawy do konwersji medi\u00f3w.<\/p>\n<p><strong>\u0141atwy w u\u017cyciu<\/strong><\/p>\n<p>Speedwrapper prostu potrzebuje gniazdka i rolk\u0119 arkusza zawijania do rozpocz\u0119cia owijania produkt\u00f3w, u\u017cytkownicy umieszczaj\u0105 do 25 produkt\u00f3w w podajniku i naciskaj\u0105 przycisk Start. Przy jednorazowej obs\u0142udze, urz\u0105dzenie mo\u017ce zawin\u0105\u0107 do 1200 produkt\u00f3w na godzin\u0119. Zaawansowana technologia Speedwrapper pozwala na maksymaln\u0105 kontrol\u0119 u\u017cytkownika za pomoc\u0105 sterowania elektronicznego i regulowania temperatury zgrzewania. Dla bezpiecze\u0144stwa, urz\u0105dzenie zatrzyma si\u0119 automatycznie w ma\u0142o prawdopodobnym przypadku zaci\u0119cia. To chroni u\u017cytkownika i pozwala mu skutecznie \u0142atwo kontynuowa\u0107 owijanie dysk\u00f3w. Handel detaliczny gotowych p\u0142yt CD i DVD<\/p>\n<p>SPEEDWRAP daje mo\u017cliwo\u015b\u0107 r\u00f3wnego wyko\u0144czenia owijania p\u0142yt CD i DVD znajduj\u0105cych si\u0119 w dowolnym punkcie sprzeda\u017cy detalicznej. Podczas pakowania w foli\u0119 termokurczliw\u0105 pozostawia produkty z szorstkimi, nieestetycznymi szwami, Speedwrap oferuje starannie z\u0142o\u017cone i szczelnie zamkni\u0119te opakowanie.<\/p>\n<\/div><\/div><\/div><div class=\"fusion-clearfix\"><\/div><\/div><div class=\"fusion-content-boxes content-boxes columns row fusion-columns-2 fusion-columns-total-2 fusion-content-boxes-2 content-boxes-icon-with-title content-left\" style=\"--awb-hover-accent-color:#1a80b6;--awb-circle-hover-accent-color:#1a80b6;\" data-animationOffset=\"top-into-view\"><div style=\"--awb-backgroundcolor:rgba(255,255,255,0);\" class=\"fusion-column content-box-column content-box-column content-box-column-1 col-lg-6 col-md-6 col-sm-6 fusion-content-box-hover content-box-column-first-in-row\"><div class=\"col content-box-wrapper content-wrapper link-area-link-icon icon-hover-animation-fade\" data-animationOffset=\"top-into-view\"><div class=\"heading heading-with-icon icon-left\"><div class=\"icon\"><i style=\"border-color:#333333;border-width:1px;background-color:#333333;box-sizing:content-box;height:42px;width:42px;line-height:42px;border-radius:50%;font-size:21px;\" aria-hidden=\"true\" class=\"fontawesome-icon fa fa-chevron-right circle-yes\"><\/i><\/div><h2 class=\"content-box-heading\" style=\"--h2_typography-font-size:18px;line-height:23px;\">Cechy produktu<\/h2><\/div><div class=\"fusion-clearfix\"><\/div><div class=\"content-container\">\n<p><br data-mce-bogus=\"1\"><\/p>\n<ul>\n<li>Daje mo\u017cliwo\u015b\u0107 z\u0142o\u017cenia pude\u0142ek CD lub DVD lub Blu-ray, uszczelnione wyko\u0144czenie<\/li>\n<li>Jako\u015b\u0107 por\u00f3wnywalna z wi\u0119kszymi maszynami<\/li>\n<li>Zawini\u0119cie do 1200 przypadk\u00f3w na godzin\u0119<\/li>\n<li>Du\u017ca pojemno\u015b\u0107 pojemnika na wej\u015bciu<\/li>\n<li>W pe\u0142ni przeno\u015bny<\/li>\n<\/ul>\n<p><br data-mce-bogus=\"1\"><\/p>\n<\/div><\/div><\/div><div style=\"--awb-backgroundcolor:rgba(255,255,255,0);\" class=\"fusion-column content-box-column content-box-column content-box-column-2 col-lg-6 col-md-6 col-sm-6 fusion-content-box-hover content-box-column-last content-box-column-last-in-row\"><div class=\"col content-box-wrapper content-wrapper link-area-link-icon icon-hover-animation-fade\" data-animationOffset=\"top-into-view\"><div class=\"heading heading-with-icon icon-left\"><div class=\"icon\"><i style=\"border-color:#333333;border-width:1px;background-color:#333333;box-sizing:content-box;height:42px;width:42px;line-height:42px;border-radius:50%;font-size:21px;\" aria-hidden=\"true\" class=\"fontawesome-icon fa fa-chevron-right circle-yes\"><\/i><\/div><h2 class=\"content-box-heading\" style=\"--h2_typography-font-size:18px;line-height:23px;\">Dalsze informacje<\/h2><\/div><div class=\"fusion-clearfix\"><\/div><div class=\"content-container\">\n<h2><strong><span id=\"result_box\" class=\"short_text\" lang=\"pl\"><span class=\"\">Specyfikacja techniczna:<\/span><\/span><\/strong><\/h2>\n<div class=\"fusion-button-wrapper\"><a class=\"fusion-button button-flat fusion-button-default-size button-default fusion-button-default button-1 fusion-button-default-span fusion-button-default-type\" target=\"_blank\" rel=\"noopener noreferrer\" href=\"#\"><span class=\"fusion-button-text awb-button__text awb-button__text--default\">Download PDF-Dokument<\/span><\/a><\/div>\n<div class=\"fusion-sep-clear\"><\/div><div class=\"fusion-separator fusion-full-width-sep\" style=\"margin-left: auto;margin-right: auto;margin-top:10px;margin-bottom:10px;width:100%;\"><\/div><div class=\"fusion-sep-clear\"><\/div>\n<h2><strong><span id=\"result_box\" class=\"short_text\" lang=\"pl\"><span class=\"\">Zam\u00f3w online teraz:<\/span><\/span><\/strong><\/h2>\n<div class=\"fusion-button-wrapper\"><a class=\"fusion-button button-flat fusion-button-default-size button-default fusion-button-default button-2 fusion-button-default-span fusion-button-default-type\" target=\"_blank\" rel=\"noopener noreferrer\" href=\"https:\/\/adr-shop.com\/speedwrapper-fuer-jewel-case-\/-dvd-\/-ps3-\/-blu-ray-boxen\"><span class=\"fusion-button-text awb-button__text awb-button__text--default\">Direkt zum Onlineshop !!!<\/span><\/a><\/div>\n<\/div><\/div><\/div><div class=\"fusion-clearfix\"><\/div><\/div><div class=\"fusion-clearfix\"><\/div><\/div><\/div><\/div><\/div><div class=\"fusion-fullwidth fullwidth-box fusion-builder-row-4 nonhundred-percent-fullwidth non-hundred-percent-height-scrolling\" style=\"--awb-border-radius-top-left:0px;--awb-border-radius-top-right:0px;--awb-border-radius-bottom-right:0px;--awb-border-radius-bottom-left:0px;--awb-background-color:#5fb3ce;--awb-flex-wrap:wrap;\" ><div class=\"fusion-builder-row fusion-row\"><div class=\"fusion-layout-column fusion_builder_column fusion-builder-column-3 fusion_builder_column_1_1 1_1 fusion-one-full fusion-column-first fusion-column-last\" style=\"--awb-bg-size:cover;\"><div class=\"fusion-column-wrapper fusion-flex-column-wrapper-legacy\"><div class=\"fusion-text fusion-text-2\"><h1 style=\"text-align: center;\" data-mce-style=\"text-align: center;\"><span style=\"color: #ffffff;\" data-mce-style=\"color: #ffffff;\"><span id=\"result_box\" class=\"short_text\" lang=\"pl\"><span class=\"\">W pe\u0142ni automatyczna maszyna do celofanowania<\/span><\/span><\/span><\/h1>\n<\/div><div class=\"fusion-clearfix\"><\/div><\/div><\/div><\/div><\/div><div class=\"fusion-fullwidth fullwidth-box fusion-builder-row-5 nonhundred-percent-fullwidth non-hundred-percent-height-scrolling\" style=\"--awb-border-radius-top-left:0px;--awb-border-radius-top-right:0px;--awb-border-radius-bottom-right:0px;--awb-border-radius-bottom-left:0px;--awb-margin-bottom:30px;--awb-flex-wrap:wrap;\" ><div class=\"fusion-builder-row fusion-row\"><div class=\"fusion-layout-column fusion_builder_column fusion-builder-column-4 fusion_builder_column_1_1 1_1 fusion-one-full fusion-column-first fusion-column-last\" style=\"--awb-bg-size:cover;\"><div class=\"fusion-column-wrapper fusion-flex-column-wrapper-legacy\"><div class=\"fusion-section-separator section-separator triangle fusion-section-separator-2\" style=\"--awb-border-bottom:1px solid #f6f6f6;--awb-spacer-height:1px;--awb-svg-margin-left:0;--awb-svg-margin-right:0;--awb-icon-color:#ffffff;\"><div class=\"fusion-section-separator-svg\"><div class=\"divider-candy-arrow bottom\" style=\"top:0px;border-top-color: #5fb3ce;\"><\/div><div class=\"divider-candy bottom\" style=\"bottom:-21px;border-bottom:1px solid #f6f6f6;border-left:1px solid #f6f6f6;\"><\/div><\/div><div class=\"fusion-section-separator-spacer\"><div class=\"fusion-section-separator-spacer-height\"><\/div><\/div><\/div><div class=\"fusion-clearfix\"><\/div><\/div><\/div><\/div><\/div><div class=\"fusion-fullwidth fullwidth-box fusion-builder-row-6 nonhundred-percent-fullwidth non-hundred-percent-height-scrolling\" style=\"--awb-border-radius-top-left:0px;--awb-border-radius-top-right:0px;--awb-border-radius-bottom-right:0px;--awb-border-radius-bottom-left:0px;--awb-flex-wrap:wrap;\" ><div class=\"fusion-builder-row fusion-row\"><div class=\"fusion-layout-column fusion_builder_column fusion-builder-column-5 fusion_builder_column_1_1 1_1 fusion-one-full fusion-column-first fusion-column-last\" style=\"--awb-bg-size:cover;\"><div class=\"fusion-column-wrapper fusion-flex-column-wrapper-legacy\">\t\t\t\t<div class=\"fusion-text fusion-text-3\"><h3>Technologisch vorausschauend &#8211;&nbsp;JMV vollautomatische Zellophanierger\u00e4te \/&nbsp;Cellophanierger\u00e4te f\u00fcr Videospiele wie beispielsweise f\u00fcr Playstation 3, X Box One, Playstation 4, Nintendo DS und Nintendo 3 DS Games oder PC \/ Computer Spiele.<\/h3>\n<p>Die Schwei\u00dftemperatur der Zellophanierger\u00e4te CDC200, CDC260 und CDC270 wird elektronisch geregelt und kann auf das verwendete Zellophan eingestellt werden. Perfekte Aufmachung von CDs &amp; DVDs mit einer JMV Cellophaniermaschine und Cellophanierger\u00e4t f\u00fcr CDs, DVDs &amp; Blue-Rays. Im Vergleich mit geschrumpften Verpackungen, die unf\u00f6rmige und dicke Schwei\u00dfn\u00e4hte erzeugen, sind die mit der CDC200-Serie verpackten CDs und DVDs perfekt&nbsp;gefaltet und sauber verschwei\u00dft.<\/p>\n<\/div><div class=\"fusion-clearfix\"><\/div><\/div><\/div><\/div><\/div><\/p>\n","protected":false},"excerpt":{"rendered":"","protected":false},"author":1,"featured_media":0,"parent":1985,"menu_order":5,"comment_status":"closed","ping_status":"closed","template":"","meta":{"_monsterinsights_skip_tracking":false,"_monsterinsights_sitenote_active":false,"_monsterinsights_sitenote_note":"","_monsterinsights_sitenote_category":0,"footnotes":""},"class_list":["post-2056","page","type-page","status-publish","hentry"],"_links":{"self":[{"href":"https:\/\/jmv-packaging.com\/pl\/wp-json\/wp\/v2\/pages\/2056","targetHints":{"allow":["GET"]}}],"collection":[{"href":"https:\/\/jmv-packaging.com\/pl\/wp-json\/wp\/v2\/pages"}],"about":[{"href":"https:\/\/jmv-packaging.com\/pl\/wp-json\/wp\/v2\/types\/page"}],"author":[{"embeddable":true,"href":"https:\/\/jmv-packaging.com\/pl\/wp-json\/wp\/v2\/users\/1"}],"replies":[{"embeddable":true,"href":"https:\/\/jmv-packaging.com\/pl\/wp-json\/wp\/v2\/comments?post=2056"}],"version-history":[{"count":28,"href":"https:\/\/jmv-packaging.com\/pl\/wp-json\/wp\/v2\/pages\/2056\/revisions"}],"predecessor-version":[{"id":4795,"href":"https:\/\/jmv-packaging.com\/pl\/wp-json\/wp\/v2\/pages\/2056\/revisions\/4795"}],"up":[{"embeddable":true,"href":"https:\/\/jmv-packaging.com\/pl\/wp-json\/wp\/v2\/pages\/1985"}],"wp:attachment":[{"href":"https:\/\/jmv-packaging.com\/pl\/wp-json\/wp\/v2\/media?parent=2056"}],"curies":[{"name":"wp","href":"https:\/\/api.w.org\/{rel}","templated":true}]}}